{"id":10222,"date":"2020-06-10T09:49:14","date_gmt":"2020-07-20T13:27:25","guid":{"rendered":"https:\/\/www.cascade.it\/?post_type=product&#038;p=10222"},"modified":"2020-11-20T18:21:25","modified_gmt":"2020-11-20T17:21:25","slug":"grandes-chutes-deau","status":"publish","type":"product","link":"https:\/\/www.cascade.it\/fr\/prodotto\/grandes-chutes-deau\/","title":{"rendered":"Grandes chutes d\u2019eau"},"content":{"rendered":"<p>&nbsp;<\/p>\n<div class=\"carousel-slider-outer carousel-slider-outer-image-carousel carousel-slider-outer-9582\" style=\"--carousel-slider-nav-color:#f1f1f1;--carousel-slider-active-nav-color:#00d1b2;--carousel-slider-arrow-size:48px;--carousel-slider-bullet-size:10px\">\n<div id=\"&#039;id-9582\" class=\"carousel-slider carousel-slider-9582 arrows-visibility-hover dots-visibility-never arrows-outside dots-center dots-square owl-carousel\" data-slide-type=\"image-carousel\" data-owl-settings='{\"nav\":true,\"dots\":false,\"slideBy\":1,\"stagePadding\":0,\"margin\":10,\"loop\":true,\"lazyLoad\":true,\"autoplay\":true,\"autoplayTimeout\":5000,\"autoplaySpeed\":500,\"autoplayHoverPause\":true,\"autoWidth\":false,\"responsive\":{\"300\":{\"items\":1},\"576\":{\"items\":2},\"768\":{\"items\":2},\"1024\":{\"items\":3},\"1280\":{\"items\":3},\"1536\":{\"items\":3}}}'>\n<div class=\"carousel-slider__item\">\n\t<img class=\"owl-lazy\" data-src=\"https:\/\/www.cascade.it\/new\/wp-content\/uploads\/2020\/06\/1-Grandi-cascate.jpg\" alt=\"\"><\/a><\/div>\n\n<div class=\"carousel-slider__item\">\n\t<img class=\"owl-lazy\" data-src=\"https:\/\/www.cascade.it\/new\/wp-content\/uploads\/2020\/06\/2-Grandi-cascate.jpg\" alt=\"\"><\/a><\/div>\n\n<div class=\"carousel-slider__item\">\n\t<img class=\"owl-lazy\" data-src=\"https:\/\/www.cascade.it\/new\/wp-content\/uploads\/2020\/06\/7-Grandi-cascate.jpg\" alt=\"\"><\/a><\/div>\n\n<div class=\"carousel-slider__item\">\n\t<img class=\"owl-lazy\" data-src=\"https:\/\/www.cascade.it\/new\/wp-content\/uploads\/2020\/06\/4-Grandi-cascate.jpg\" alt=\"\"><\/a><\/div>\n\n<div class=\"carousel-slider__item\">\n\t<img class=\"owl-lazy\" data-src=\"https:\/\/www.cascade.it\/new\/wp-content\/uploads\/2020\/06\/5-Grandi-cascate.jpg\" alt=\"\"><\/a><\/div>\n\n<div class=\"carousel-slider__item\">\n\t<img class=\"owl-lazy\" data-src=\"https:\/\/www.cascade.it\/new\/wp-content\/uploads\/2020\/06\/6-Grandi-cascate.jpg\" alt=\"\"><\/a><\/div>\n\n<div class=\"carousel-slider__item\">\n\t<img class=\"owl-lazy\" data-src=\"https:\/\/www.cascade.it\/new\/wp-content\/uploads\/2020\/06\/8-Grandi-cascate.jpg\" alt=\"\"><\/a><\/div>\n\n<div class=\"carousel-slider__item\">\n\t<img class=\"owl-lazy\" data-src=\"https:\/\/www.cascade.it\/new\/wp-content\/uploads\/2020\/06\/9-Grandi-cascate.jpg\" alt=\"\"><\/a><\/div>\n\n<div class=\"carousel-slider__item\">\n\t<img class=\"owl-lazy\" data-src=\"https:\/\/www.cascade.it\/new\/wp-content\/uploads\/2020\/06\/10-Grandi-cascate.jpg\" alt=\"\"><\/a><\/div>\n\n<div class=\"carousel-slider__item\">\n\t<img class=\"owl-lazy\" data-src=\"https:\/\/www.cascade.it\/new\/wp-content\/uploads\/2020\/06\/11-Grandi-cascate.jpg\" alt=\"\"><\/a><\/div>\n\n<div class=\"carousel-slider__item\">\n\t<img class=\"owl-lazy\" data-src=\"https:\/\/www.cascade.it\/new\/wp-content\/uploads\/2020\/06\/12-Grandi-cascate.jpg\" alt=\"\"><\/a><\/div>\n\n<div class=\"carousel-slider__item\">\n\t<img class=\"owl-lazy\" data-src=\"https:\/\/www.cascade.it\/new\/wp-content\/uploads\/2020\/06\/3-Grandi-cascate.jpg\" alt=\"\"><\/a><\/div>\n\n<\/div><!-- .carousel-slider-9582 -->\n<\/div><!-- .carousel-slider-outer-9582 -->\n\n<p>&nbsp;<\/p>\n<div style=\"overflow-x: auto;\">\n<h1><span style=\"color: #1e73be;\">Grandes chutes d\u2019eau<\/span><\/h1>\n<p>Les <strong>grandes chutes d&rsquo;eau Cascade<\/strong> repr\u00e9sentent un effet tr\u00e8s pittoresque, gr\u00e2ce \u00e0 la grande quantit\u00e9 d&rsquo;eau d\u00e9plac\u00e9e.<\/p>\n<p>Profitant de l&rsquo;effet de la chute ou de l&rsquo;\u00e9coulement de l&rsquo;eau sur les murs rocheux, les pentes, les vasques \u00e0 d\u00e9bordement et bien plus encore, ces cascades sont id\u00e9ales pour enrichir les espaces ext\u00e9rieurs et les bassins d&rsquo;eau en cr\u00e9ant des environnements suggestifs, naturalistes et \u00e9l\u00e9gants, selon le type d&rsquo;effet.<\/p>\n<p><strong>\u00c9clairage immerg\u00e9<\/strong>: pour enrichir l&rsquo;effet de l&rsquo;eau avec des jeux de lumi\u00e8re monochromatique ou RGBW, nous recommandons l&rsquo;utilisation des <a href=\"https:\/\/www.cascade.it\/fr\/produits\/eclairage-immerge-led\/projecteurs-led-mizar\/\"><span style=\"text-decoration: underline;\"><strong>projecteurs LED immerg\u00e9s Mizar pour fontaines<\/strong><\/span><\/a>, des produits Cascade professionnels sp\u00e9cifiques pour une utilisation dans les fontaines, avec un design \u00e9l\u00e9gant, une technologie de pointe et effets de lumi\u00e8re extraordinaires.<\/p>\n<p>Pour plus d&rsquo;informations et des devis cibl\u00e9s, contactez-nous. [vc_row][vc_column][vc_btn title=\u00a0\u00bbContactez-nous\u00a0\u00bb style=\u00a0\u00bbcustom\u00a0\u00bb custom_background=\u00a0\u00bb#1e73be\u00a0\u00bb custom_text=\u00a0\u00bb#ffffff\u00a0\u00bb size=\u00a0\u00bblg\u00a0\u00bb align=\u00a0\u00bbcenter\u00a0\u00bb i_icon_fontawesome=\u00a0\u00bbfa fa-envelope-o\u00a0\u00bb add_icon=\u00a0\u00bbtrue\u00a0\u00bb link=\u00a0\u00bburl:https%3A%2F%2Fwww.cascade.it%2Ffr%2Fcontact%2F|||\u00a0\u00bb][\/vc_column][\/vc_row]<\/p>\n<\/div>\n","protected":false},"excerpt":{"rendered":"<p>&nbsp; &nbsp; Grandes chutes d\u2019eau Les grandes chutes d&rsquo;eau Cascade repr\u00e9sentent un effet tr\u00e8s pittoresque, gr\u00e2ce \u00e0 la grande quantit\u00e9 d&rsquo;eau d\u00e9plac\u00e9e. Profitant de l&rsquo;effet de la chute ou de l&rsquo;\u00e9coulement de l&rsquo;eau sur les murs rocheux, les pentes, les vasques \u00e0 d\u00e9bordement et bien plus encore, ces cascades sont id\u00e9ales pour enrichir les espaces [&hellip;]<\/p>\n","protected":false},"featured_media":9629,"template":"","meta":[],"product_brand":[],"product_cat":[291,345],"product_tag":[],"class_list":{"0":"post-10222","1":"product","2":"type-product","3":"status-publish","4":"has-post-thumbnail","6":"product_cat-chutes-deau","7":"product_cat-sans-categorie","9":"first","10":"instock","11":"shipping-taxable","12":"product-type-simple"},"yoast_head":"<!-- This site is optimized with the Yoast SEO plugin v26.7 - https:\/\/yoast.com\/wordpress\/plugins\/seo\/ -->\n<title>Grandes chutes d\u2019eau - Cascade<\/title>\n<meta name=\"description\" content=\"Les grandes chutes d&#039;eau Cascade repr\u00e9sentent un effet tr\u00e8s pittoresque, gr\u00e2ce \u00e0 la grande quantit\u00e9 d&#039;eau d\u00e9plac\u00e9e.\" \/>\n<meta name=\"robots\" content=\"index, follow, max-snippet:-1, max-image-preview:large, max-video-preview:-1\" \/>\n<link rel=\"canonical\" href=\"https:\/\/www.cascade.it\/fr\/prodotto\/grandes-chutes-deau\/\" \/>\n<meta property=\"og:locale\" content=\"fr_FR\" \/>\n<meta property=\"og:type\" content=\"article\" \/>\n<meta property=\"og:title\" content=\"Grandes chutes d\u2019eau - Cascade\" \/>\n<meta property=\"og:description\" content=\"Les grandes chutes d&#039;eau Cascade repr\u00e9sentent un effet tr\u00e8s pittoresque, gr\u00e2ce \u00e0 la grande quantit\u00e9 d&#039;eau d\u00e9plac\u00e9e.\" \/>\n<meta property=\"og:url\" content=\"https:\/\/www.cascade.it\/fr\/prodotto\/grandes-chutes-deau\/\" \/>\n<meta property=\"og:site_name\" content=\"Cascade\" \/>\n<meta property=\"article:modified_time\" content=\"2020-11-20T17:21:25+00:00\" \/>\n<meta property=\"og:image\" content=\"https:\/\/www.cascade.it\/new\/wp-content\/uploads\/2020\/06\/GRANDI-CASCATE-2.jpg\" \/>\n\t<meta property=\"og:image:width\" content=\"1300\" \/>\n\t<meta property=\"og:image:height\" content=\"1300\" \/>\n\t<meta property=\"og:image:type\" content=\"image\/jpeg\" \/>\n<meta name=\"twitter:card\" content=\"summary_large_image\" \/>\n<meta name=\"twitter:label1\" content=\"Dur\u00e9e de lecture estim\u00e9e\" \/>\n\t<meta name=\"twitter:data1\" content=\"1 minute\" \/>\n<!-- \/ Yoast SEO plugin. -->","yoast_head_json":{"title":"Grandes chutes d\u2019eau - Cascade","description":"Les grandes chutes d'eau Cascade repr\u00e9sentent un effet tr\u00e8s pittoresque, gr\u00e2ce \u00e0 la grande quantit\u00e9 d'eau d\u00e9plac\u00e9e.","robots":{"index":"index","follow":"follow","max-snippet":"max-snippet:-1","max-image-preview":"max-image-preview:large","max-video-preview":"max-video-preview:-1"},"canonical":"https:\/\/www.cascade.it\/fr\/prodotto\/grandes-chutes-deau\/","og_locale":"fr_FR","og_type":"article","og_title":"Grandes chutes d\u2019eau - Cascade","og_description":"Les grandes chutes d'eau Cascade repr\u00e9sentent un effet tr\u00e8s pittoresque, gr\u00e2ce \u00e0 la grande quantit\u00e9 d'eau d\u00e9plac\u00e9e.","og_url":"https:\/\/www.cascade.it\/fr\/prodotto\/grandes-chutes-deau\/","og_site_name":"Cascade","article_modified_time":"2020-11-20T17:21:25+00:00","og_image":[{"width":1300,"height":1300,"url":"https:\/\/www.cascade.it\/new\/wp-content\/uploads\/2020\/06\/GRANDI-CASCATE-2.jpg","type":"image\/jpeg"}],"twitter_card":"summary_large_image","twitter_misc":{"Dur\u00e9e de lecture estim\u00e9e":"1 minute"},"schema":{"@context":"https:\/\/schema.org","@graph":[{"@type":"WebPage","@id":"https:\/\/www.cascade.it\/fr\/prodotto\/grandes-chutes-deau\/","url":"https:\/\/www.cascade.it\/fr\/prodotto\/grandes-chutes-deau\/","name":"Grandes chutes d\u2019eau - Cascade","isPartOf":{"@id":"https:\/\/www.cascade.it\/fr\/#website"},"primaryImageOfPage":{"@id":"https:\/\/www.cascade.it\/fr\/prodotto\/grandes-chutes-deau\/#primaryimage"},"image":{"@id":"https:\/\/www.cascade.it\/fr\/prodotto\/grandes-chutes-deau\/#primaryimage"},"thumbnailUrl":"https:\/\/www.cascade.it\/new\/wp-content\/uploads\/2020\/06\/GRANDI-CASCATE-2.jpg","datePublished":"2020-07-20T13:27:25+00:00","dateModified":"2020-11-20T17:21:25+00:00","description":"Les grandes chutes d'eau Cascade repr\u00e9sentent un effet tr\u00e8s pittoresque, gr\u00e2ce \u00e0 la grande quantit\u00e9 d'eau d\u00e9plac\u00e9e.","breadcrumb":{"@id":"https:\/\/www.cascade.it\/fr\/prodotto\/grandes-chutes-deau\/#breadcrumb"},"inLanguage":"fr-FR","potentialAction":[{"@type":"ReadAction","target":["https:\/\/www.cascade.it\/fr\/prodotto\/grandes-chutes-deau\/"]}]},{"@type":"ImageObject","inLanguage":"fr-FR","@id":"https:\/\/www.cascade.it\/fr\/prodotto\/grandes-chutes-deau\/#primaryimage","url":"https:\/\/www.cascade.it\/new\/wp-content\/uploads\/2020\/06\/GRANDI-CASCATE-2.jpg","contentUrl":"https:\/\/www.cascade.it\/new\/wp-content\/uploads\/2020\/06\/GRANDI-CASCATE-2.jpg","width":1300,"height":1300,"caption":"Fontana a Cascata - Cascade"},{"@type":"BreadcrumbList","@id":"https:\/\/www.cascade.it\/fr\/prodotto\/grandes-chutes-deau\/#breadcrumb","itemListElement":[{"@type":"ListItem","position":1,"name":"Home","item":"https:\/\/www.cascade.it\/fr\/"},{"@type":"ListItem","position":2,"name":"Boutique","item":"https:\/\/www.cascade.it\/fr\/boutique\/"},{"@type":"ListItem","position":3,"name":"Grandes chutes d\u2019eau"}]},{"@type":"WebSite","@id":"https:\/\/www.cascade.it\/fr\/#website","url":"https:\/\/www.cascade.it\/fr\/","name":"Cascade","description":"More than a fountain","potentialAction":[{"@type":"SearchAction","target":{"@type":"EntryPoint","urlTemplate":"https:\/\/www.cascade.it\/fr\/?s={search_term_string}"},"query-input":{"@type":"PropertyValueSpecification","valueRequired":true,"valueName":"search_term_string"}}],"inLanguage":"fr-FR"}]}},"_links":{"self":[{"href":"https:\/\/www.cascade.it\/fr\/wp-json\/wp\/v2\/product\/10222","targetHints":{"allow":["GET"]}}],"collection":[{"href":"https:\/\/www.cascade.it\/fr\/wp-json\/wp\/v2\/product"}],"about":[{"href":"https:\/\/www.cascade.it\/fr\/wp-json\/wp\/v2\/types\/product"}],"wp:featuredmedia":[{"embeddable":true,"href":"https:\/\/www.cascade.it\/fr\/wp-json\/wp\/v2\/media\/9629"}],"wp:attachment":[{"href":"https:\/\/www.cascade.it\/fr\/wp-json\/wp\/v2\/media?parent=10222"}],"wp:term":[{"taxonomy":"product_brand","embeddable":true,"href":"https:\/\/www.cascade.it\/fr\/wp-json\/wp\/v2\/product_brand?post=10222"},{"taxonomy":"product_cat","embeddable":true,"href":"https:\/\/www.cascade.it\/fr\/wp-json\/wp\/v2\/product_cat?post=10222"},{"taxonomy":"product_tag","embeddable":true,"href":"https:\/\/www.cascade.it\/fr\/wp-json\/wp\/v2\/product_tag?post=10222"}],"curies":[{"name":"wp","href":"https:\/\/api.w.org\/{rel}","templated":true}]}}