{"id":9786,"date":"2019-02-04T12:11:21","date_gmt":"2019-02-04T11:11:21","guid":{"rendered":"https:\/\/www.cascade.it\/home\/"},"modified":"2021-05-21T17:18:41","modified_gmt":"2021-05-21T15:18:41","slug":"home","status":"publish","type":"page","link":"https:\/\/www.cascade.it\/fr\/","title":{"rendered":"Accueil"},"content":{"rendered":"<p>[vc_section full_height=\u00a0\u00bbyes\u00a0\u00bb][vc_row fullwidth=\u00a0\u00bbhas-fullwidth-column\u00a0\u00bb][vc_column][\/vc_column][\/vc_row][vc_row fullwidth=\u00a0\u00bbhas-fullwidth-column\u00a0\u00bb el_id=\u00a0\u00bbchi-siamo\u00a0\u00bb][vc_column][\/vc_column][\/vc_row][\/vc_section][vc_row fullwidth=\u00a0\u00bbhas-fullwidth-column\u00a0\u00bb el_id=\u00a0\u00bbservizi\u00a0\u00bb][vc_column][\/vc_column][\/vc_row][vc_section content_placement=\u00a0\u00bbmiddle\u00a0\u00bb css=\u00a0\u00bb.vc_custom_1621410846387{padding-top: 50px !important;background-color: #ffb200 !important;}\u00a0\u00bb][vc_row fullwidth=\u00a0\u00bbhas-fullwidth-column\u00a0\u00bb][vc_column][vc_custom_heading text=\u00a0\u00bbPourquoi choisir Cascade?\u00a0\u00bb font_container=\u00a0\u00bbtag:h2|text_align:center|color:%23ffffff\u00a0\u00bb google_fonts=\u00a0\u00bbfont_family:Roboto%3A100%2C100italic%2C300%2C300italic%2Cregular%2Citalic%2C500%2C500italic%2C700%2C700italic%2C900%2C900italic|font_style:300%20light%20regular%3A300%3Anormal\u00a0\u00bb spacing_heading=\u00a0\u00bb\u00a0\u00bb spacing_heading_tab=\u00a0\u00bb\u00a0\u00bb spacing_heading_mobile=\u00a0\u00bb\u00a0\u00bb responsive_font_size=\u00a0\u00bbyes\u00a0\u00bb][\/vc_column][\/vc_row][vc_row][vc_column][\/vc_column][\/vc_row][\/vc_section]<\/p>\n","protected":false},"excerpt":{"rendered":"<p>[vc_section full_height=\u00a0\u00bbyes\u00a0\u00bb][vc_row fullwidth=\u00a0\u00bbhas-fullwidth-column\u00a0\u00bb][vc_column][\/vc_column][\/vc_row][vc_row fullwidth=\u00a0\u00bbhas-fullwidth-column\u00a0\u00bb el_id=\u00a0\u00bbchi-siamo\u00a0\u00bb][vc_column][\/vc_column][\/vc_row][\/vc_section][vc_row fullwidth=\u00a0\u00bbhas-fullwidth-column\u00a0\u00bb el_id=\u00a0\u00bbservizi\u00a0\u00bb][vc_column][\/vc_column][\/vc_row][vc_section content_placement=\u00a0\u00bbmiddle\u00a0\u00bb css=\u00a0\u00bb.vc_custom_1621410846387{padding-top: 50px !important;background-color: #ffb200 !important;}\u00a0\u00bb][vc_row fullwidth=\u00a0\u00bbhas-fullwidth-column\u00a0\u00bb][vc_column][vc_custom_heading text=\u00a0\u00bbPourquoi choisir Cascade?\u00a0\u00bb font_container=\u00a0\u00bbtag:h2|text_align:center|color:%23ffffff\u00a0\u00bb google_fonts=\u00a0\u00bbfont_family:Roboto%3A100%2C100italic%2C300%2C300italic%2Cregular%2Citalic%2C500%2C500italic%2C700%2C700italic%2C900%2C900italic|font_style:300%20light%20regular%3A300%3Anormal\u00a0\u00bb spacing_heading=\u00a0\u00bb\u00a0\u00bb spacing_heading_tab=\u00a0\u00bb\u00a0\u00bb spacing_heading_mobile=\u00a0\u00bb\u00a0\u00bb responsive_font_size=\u00a0\u00bbyes\u00a0\u00bb][\/vc_column][\/vc_row][vc_row][vc_column][\/vc_column][\/vc_row][\/vc_section]<\/p>\n","protected":false},"author":1,"featured_media":0,"parent":0,"menu_order":0,"comment_status":"closed","ping_status":"closed","template":"","meta":{"footnotes":""},"class_list":["post-9786","page","type-page","status-publish","hentry"],"yoast_head":"<!-- This site is optimized with the Yoast SEO plugin v26.7 - https:\/\/yoast.com\/wordpress\/plugins\/seo\/ -->\n<title>CASCADE | Fontaines | Conception et r\u00e9alisation<\/title>\n<meta name=\"description\" content=\"Cascade, conception et r\u00e9alisation Made in Italy de fontaines, jeux d&#039;eau, cascades, \u00e9clairage immerg\u00e9 et attractions aquatiques depuis plus de 35 ans.\" \/>\n<meta name=\"robots\" content=\"index, follow, max-snippet:-1, max-image-preview:large, max-video-preview:-1\" \/>\n<link rel=\"canonical\" href=\"https:\/\/www.cascade.it\/fr\/\" \/>\n<meta property=\"og:locale\" content=\"fr_FR\" \/>\n<meta property=\"og:type\" content=\"article\" \/>\n<meta property=\"og:title\" content=\"CASCADE | Fontaines | Conception et r\u00e9alisation\" \/>\n<meta property=\"og:description\" content=\"Cascade, conception et r\u00e9alisation Made in Italy de fontaines, jeux d&#039;eau, cascades, \u00e9clairage immerg\u00e9 et attractions aquatiques depuis plus de 35 ans.\" \/>\n<meta property=\"og:url\" content=\"https:\/\/www.cascade.it\/fr\/\" \/>\n<meta property=\"og:site_name\" content=\"Cascade\" \/>\n<meta property=\"article:modified_time\" content=\"2021-05-21T15:18:41+00:00\" \/>\n<meta name=\"twitter:card\" content=\"summary_large_image\" \/>\n<meta name=\"twitter:label1\" content=\"Dur\u00e9e de lecture estim\u00e9e\" \/>\n\t<meta name=\"twitter:data1\" content=\"1 minute\" \/>\n<!-- \/ Yoast SEO plugin. -->","yoast_head_json":{"title":"CASCADE | Fontaines | Conception et r\u00e9alisation","description":"Cascade, conception et r\u00e9alisation Made in Italy de fontaines, jeux d'eau, cascades, \u00e9clairage immerg\u00e9 et attractions aquatiques depuis plus de 35 ans.","robots":{"index":"index","follow":"follow","max-snippet":"max-snippet:-1","max-image-preview":"max-image-preview:large","max-video-preview":"max-video-preview:-1"},"canonical":"https:\/\/www.cascade.it\/fr\/","og_locale":"fr_FR","og_type":"article","og_title":"CASCADE | Fontaines | Conception et r\u00e9alisation","og_description":"Cascade, conception et r\u00e9alisation Made in Italy de fontaines, jeux d'eau, cascades, \u00e9clairage immerg\u00e9 et attractions aquatiques depuis plus de 35 ans.","og_url":"https:\/\/www.cascade.it\/fr\/","og_site_name":"Cascade","article_modified_time":"2021-05-21T15:18:41+00:00","twitter_card":"summary_large_image","twitter_misc":{"Dur\u00e9e de lecture estim\u00e9e":"1 minute"},"schema":{"@context":"https:\/\/schema.org","@graph":[{"@type":"WebPage","@id":"https:\/\/www.cascade.it\/fr\/","url":"https:\/\/www.cascade.it\/fr\/","name":"CASCADE | Fontaines | Conception et r\u00e9alisation","isPartOf":{"@id":"https:\/\/www.cascade.it\/fr\/#website"},"datePublished":"2019-02-04T11:11:21+00:00","dateModified":"2021-05-21T15:18:41+00:00","description":"Cascade, conception et r\u00e9alisation Made in Italy de fontaines, jeux d'eau, cascades, \u00e9clairage immerg\u00e9 et attractions aquatiques depuis plus de 35 ans.","breadcrumb":{"@id":"https:\/\/www.cascade.it\/fr\/#breadcrumb"},"inLanguage":"fr-FR","potentialAction":[{"@type":"ReadAction","target":["https:\/\/www.cascade.it\/fr\/"]}]},{"@type":"BreadcrumbList","@id":"https:\/\/www.cascade.it\/fr\/#breadcrumb","itemListElement":[{"@type":"ListItem","position":1,"name":"Home","item":"https:\/\/www.cascade.it\/fr\/"},{"@type":"ListItem","position":2,"name":"Accueil"}]},{"@type":"WebSite","@id":"https:\/\/www.cascade.it\/fr\/#website","url":"https:\/\/www.cascade.it\/fr\/","name":"Cascade","description":"More than a fountain","potentialAction":[{"@type":"SearchAction","target":{"@type":"EntryPoint","urlTemplate":"https:\/\/www.cascade.it\/fr\/?s={search_term_string}"},"query-input":{"@type":"PropertyValueSpecification","valueRequired":true,"valueName":"search_term_string"}}],"inLanguage":"fr-FR"}]}},"_links":{"self":[{"href":"https:\/\/www.cascade.it\/fr\/wp-json\/wp\/v2\/pages\/9786","targetHints":{"allow":["GET"]}}],"collection":[{"href":"https:\/\/www.cascade.it\/fr\/wp-json\/wp\/v2\/pages"}],"about":[{"href":"https:\/\/www.cascade.it\/fr\/wp-json\/wp\/v2\/types\/page"}],"author":[{"embeddable":true,"href":"https:\/\/www.cascade.it\/fr\/wp-json\/wp\/v2\/users\/1"}],"replies":[{"embeddable":true,"href":"https:\/\/www.cascade.it\/fr\/wp-json\/wp\/v2\/comments?post=9786"}],"version-history":[{"count":8,"href":"https:\/\/www.cascade.it\/fr\/wp-json\/wp\/v2\/pages\/9786\/revisions"}],"predecessor-version":[{"id":10948,"href":"https:\/\/www.cascade.it\/fr\/wp-json\/wp\/v2\/pages\/9786\/revisions\/10948"}],"wp:attachment":[{"href":"https:\/\/www.cascade.it\/fr\/wp-json\/wp\/v2\/media?parent=9786"}],"curies":[{"name":"wp","href":"https:\/\/api.w.org\/{rel}","templated":true}]}}