{"id":8872,"date":"2020-02-28T16:40:30","date_gmt":"2020-02-28T15:40:30","guid":{"rendered":"https:\/\/www.cascade.it\/new\/gallery__trashed\/roundabout-fountains\/"},"modified":"2020-06-25T11:25:42","modified_gmt":"2020-06-25T09:25:42","slug":"fontaines-pour-giratoires","status":"publish","type":"page","link":"https:\/\/www.cascade.it\/fr\/galerie\/fontaines-pour-giratoires\/","title":{"rendered":"Fontaines pour giratoires"},"content":{"rendered":"<p>[vc_section][vc_row][vc_column width=\u00a0\u00bb1\/12&Prime;][\/vc_column][vc_column width=\u00a0\u00bb10\/12&Prime;][vc_custom_heading text=\u00a0\u00bbGalerie de fontaines pour giratoires\u00a0\u00bb font_container=\u00a0\u00bbtag:h1|font_size:40|text_align:left|color:%231e73be\u00a0\u00bb use_theme_fonts=\u00a0\u00bb\u00a0\u00bb google_fonts=\u00a0\u00bbfont_family:Roboto%3A100%2C100italic%2C300%2C300italic%2Cregular%2Citalic%2C500%2C500italic%2C700%2C700italic%2C900%2C900italic|font_style:300%20light%20regular%3A300%3Anormal\u00a0\u00bb spacing_heading=\u00a0\u00bb\u00a0\u00bb spacing_heading_tab=\u00a0\u00bb\u00a0\u00bb spacing_heading_mobile=\u00a0\u00bb\u00a0\u00bb responsive_font_size=\u00a0\u00bbyes\u00a0\u00bb custom_font_size_tab=\u00a0\u00bb40&Prime; custom_font_size_mobile=\u00a0\u00bb30&Prime;][vc_column_text spacing_heading=\u00a0\u00bb\u00a0\u00bb spacing_heading_tab=\u00a0\u00bb\u00a0\u00bb spacing_heading_mobile=\u00a0\u00bb\u00a0\u00bb]Galerie d&rsquo;images de quelques r\u00e9alisations de fontaines pour giratoires de diff\u00e9rents types et tailles, con\u00e7ues et fournies par Cascade.[\/vc_column_text][vc_column_text]<div class=\"rl-gallery-container rl-loading\" id=\"rl-gallery-container-1\" data-gallery_id=\"7850\"> <div class=\"rl-gallery rl-basicgrid-gallery rl-hover-effect-1 rl-hover-icon-2\" id=\"rl-gallery-1\" data-gallery_no=\"1\"> <div class=\"rl-gallery-item\"><a href=\"https:\/\/www.cascade.it\/new\/wp-content\/uploads\/2019\/12\/10-Ugello-per-fontane-Spumeggiante-75-1024x674.jpg\" title=\"\" data-rl_title=\"\" class=\"rl-gallery-link\" data-rl_caption=\"\" data-rel=\"lightbox-gallery-1\"><img loading=\"lazy\" decoding=\"async\" src=\"https:\/\/www.cascade.it\/new\/wp-content\/uploads\/2019\/12\/10-Ugello-per-fontane-Spumeggiante-75.jpg\" width=\"1300\" height=\"856\" alt=\"\"\/><\/a><\/div><div class=\"rl-gallery-item\"><a href=\"https:\/\/www.cascade.it\/new\/wp-content\/uploads\/2019\/12\/8-Ugello-per-fontane-Spumeggiante-75-1024x674.jpg\" title=\"\" data-rl_title=\"\" class=\"rl-gallery-link\" data-rl_caption=\"\" data-rel=\"lightbox-gallery-1\"><img loading=\"lazy\" decoding=\"async\" src=\"https:\/\/www.cascade.it\/new\/wp-content\/uploads\/2019\/12\/8-Ugello-per-fontane-Spumeggiante-75.jpg\" width=\"1300\" height=\"856\" alt=\"\"\/><\/a><\/div><div class=\"rl-gallery-item\"><a href=\"https:\/\/www.cascade.it\/new\/wp-content\/uploads\/2019\/12\/6-Ugello-per-fontane-Spumeggiante-50-1024x674.jpg\" title=\"\" data-rl_title=\"\" class=\"rl-gallery-link\" data-rl_caption=\"\" data-rel=\"lightbox-gallery-1\"><img loading=\"lazy\" decoding=\"async\" src=\"https:\/\/www.cascade.it\/new\/wp-content\/uploads\/2019\/12\/6-Ugello-per-fontane-Spumeggiante-50.jpg\" width=\"1300\" height=\"856\" alt=\"\"\/><\/a><\/div><div class=\"rl-gallery-item\"><a href=\"https:\/\/www.cascade.it\/new\/wp-content\/uploads\/2019\/12\/4-Ugello-per-fontane-Polverizzatore-75-1024x674.jpg\" title=\"\" data-rl_title=\"\" class=\"rl-gallery-link\" data-rl_caption=\"\" data-rel=\"lightbox-gallery-1\"><img loading=\"lazy\" decoding=\"async\" src=\"https:\/\/www.cascade.it\/new\/wp-content\/uploads\/2019\/12\/4-Ugello-per-fontane-Polverizzatore-75.jpg\" width=\"1300\" height=\"856\" alt=\"\"\/><\/a><\/div><div class=\"rl-gallery-item\"><a href=\"https:\/\/www.cascade.it\/new\/wp-content\/uploads\/2019\/12\/2-Ugello-per-fontane-Polverizzatore-75-1024x674.jpg\" title=\"\" data-rl_title=\"\" class=\"rl-gallery-link\" data-rl_caption=\"\" data-rel=\"lightbox-gallery-1\"><img loading=\"lazy\" decoding=\"async\" src=\"https:\/\/www.cascade.it\/new\/wp-content\/uploads\/2019\/12\/2-Ugello-per-fontane-Polverizzatore-75.jpg\" width=\"1300\" height=\"856\" alt=\"\"\/><\/a><\/div><div class=\"rl-gallery-item\"><a href=\"https:\/\/www.cascade.it\/new\/wp-content\/uploads\/2019\/12\/1-Ugello-per-fontane-Polverizzatore-75-1024x674.jpg\" title=\"\" data-rl_title=\"\" class=\"rl-gallery-link\" data-rl_caption=\"\" data-rel=\"lightbox-gallery-1\"><img loading=\"lazy\" decoding=\"async\" src=\"https:\/\/www.cascade.it\/new\/wp-content\/uploads\/2019\/12\/1-Ugello-per-fontane-Polverizzatore-75.jpg\" width=\"1300\" height=\"856\" alt=\"\"\/><\/a><\/div><div class=\"rl-gallery-item\"><a href=\"https:\/\/www.cascade.it\/new\/wp-content\/uploads\/2019\/12\/3-Ugello-per-fontane-Polverizzatore-75-1024x674.jpg\" title=\"\" data-rl_title=\"\" class=\"rl-gallery-link\" data-rl_caption=\"\" data-rel=\"lightbox-gallery-1\"><img loading=\"lazy\" decoding=\"async\" src=\"https:\/\/www.cascade.it\/new\/wp-content\/uploads\/2019\/12\/3-Ugello-per-fontane-Polverizzatore-75.jpg\" width=\"1300\" height=\"856\" alt=\"\"\/><\/a><\/div><div class=\"rl-gallery-item\"><a href=\"https:\/\/www.cascade.it\/new\/wp-content\/uploads\/2019\/12\/DMX-Music-Player-1024x674.jpg\" title=\"\" data-rl_title=\"\" class=\"rl-gallery-link\" data-rl_caption=\"\" data-rel=\"lightbox-gallery-1\"><img loading=\"lazy\" decoding=\"async\" src=\"https:\/\/www.cascade.it\/new\/wp-content\/uploads\/2019\/12\/DMX-Music-Player.jpg\" width=\"1300\" height=\"856\" alt=\"\"\/><\/a><\/div><div class=\"rl-gallery-item\"><a href=\"https:\/\/www.cascade.it\/new\/wp-content\/uploads\/2019\/07\/3-Cometa-Plus-14-1024x674.jpg\" title=\"\" data-rl_title=\"\" class=\"rl-gallery-link\" data-rl_caption=\"\" data-rel=\"lightbox-gallery-1\"><img loading=\"lazy\" decoding=\"async\" src=\"https:\/\/www.cascade.it\/new\/wp-content\/uploads\/2019\/07\/3-Cometa-Plus-14.jpg\" width=\"1300\" height=\"856\" alt=\"\"\/><\/a><\/div><div class=\"rl-gallery-item\"><a href=\"https:\/\/www.cascade.it\/new\/wp-content\/uploads\/2019\/12\/2-Ugello-per-fontane-Lama-85-1024x674.jpg\" title=\"\" data-rl_title=\"\" class=\"rl-gallery-link\" data-rl_caption=\"\" data-rel=\"lightbox-gallery-1\"><img loading=\"lazy\" decoding=\"async\" src=\"https:\/\/www.cascade.it\/new\/wp-content\/uploads\/2019\/12\/2-Ugello-per-fontane-Lama-85.jpg\" width=\"1300\" height=\"856\" alt=\"\"\/><\/a><\/div><div class=\"rl-gallery-item\"><a href=\"https:\/\/www.cascade.it\/new\/wp-content\/uploads\/2019\/12\/1-Ugello-per-fontane-Lama-120-1024x674.jpg\" title=\"\" data-rl_title=\"\" class=\"rl-gallery-link\" data-rl_caption=\"\" data-rel=\"lightbox-gallery-1\"><img loading=\"lazy\" decoding=\"async\" src=\"https:\/\/www.cascade.it\/new\/wp-content\/uploads\/2019\/12\/1-Ugello-per-fontane-Lama-120.jpg\" width=\"1300\" height=\"856\" alt=\"\"\/><\/a><\/div><div class=\"rl-gallery-item\"><a href=\"https:\/\/www.cascade.it\/new\/wp-content\/uploads\/2019\/12\/4-Ugello-per-fontane-Cascade-90-1024x674.jpg\" title=\"\" data-rl_title=\"\" class=\"rl-gallery-link\" data-rl_caption=\"\" data-rel=\"lightbox-gallery-1\"><img loading=\"lazy\" decoding=\"async\" src=\"https:\/\/www.cascade.it\/new\/wp-content\/uploads\/2019\/12\/4-Ugello-per-fontane-Cascade-90.jpg\" width=\"1300\" height=\"856\" alt=\"Ugello per Fontane Modello Cascade - Cascade\"\/><\/a><\/div><div class=\"rl-gallery-item\"><a href=\"https:\/\/www.cascade.it\/new\/wp-content\/uploads\/2019\/12\/1-Ugello-per-fontane-Calice-300-1024x674.jpg\" title=\"\" data-rl_title=\"\" class=\"rl-gallery-link\" data-rl_caption=\"\" data-rel=\"lightbox-gallery-1\"><img loading=\"lazy\" decoding=\"async\" src=\"https:\/\/www.cascade.it\/new\/wp-content\/uploads\/2019\/12\/1-Ugello-per-fontane-Calice-300.jpg\" width=\"1300\" height=\"856\" alt=\"\"\/><\/a><\/div><div class=\"rl-gallery-item\"><a href=\"https:\/\/www.cascade.it\/new\/wp-content\/uploads\/2019\/11\/3-Box-360-inox-per-fontane-1024x674.jpg\" title=\"\" data-rl_title=\"\" class=\"rl-gallery-link\" data-rl_caption=\"\" data-rel=\"lightbox-gallery-1\"><img loading=\"lazy\" decoding=\"async\" src=\"https:\/\/www.cascade.it\/new\/wp-content\/uploads\/2019\/11\/3-Box-360-inox-per-fontane.jpg\" width=\"1905\" height=\"1254\" alt=\"\"\/><\/a><\/div><div class=\"rl-gallery-item\"><a href=\"https:\/\/www.cascade.it\/new\/wp-content\/uploads\/2019\/11\/2-Box-360-inox-per-fontane-1024x674.jpg\" title=\"\" data-rl_title=\"\" class=\"rl-gallery-link\" data-rl_caption=\"\" data-rel=\"lightbox-gallery-1\"><img loading=\"lazy\" decoding=\"async\" src=\"https:\/\/www.cascade.it\/new\/wp-content\/uploads\/2019\/11\/2-Box-360-inox-per-fontane.jpg\" width=\"1905\" height=\"1254\" alt=\"\"\/><\/a><\/div><div class=\"rl-gallery-item\"><a href=\"https:\/\/www.cascade.it\/new\/wp-content\/uploads\/2019\/11\/1-Box-360-inox-per-fontane-1024x674.jpg\" title=\"\" data-rl_title=\"\" class=\"rl-gallery-link\" data-rl_caption=\"\" data-rel=\"lightbox-gallery-1\"><img loading=\"lazy\" decoding=\"async\" src=\"https:\/\/www.cascade.it\/new\/wp-content\/uploads\/2019\/11\/1-Box-360-inox-per-fontane.jpg\" width=\"1905\" height=\"1254\" alt=\"\"\/><\/a><\/div><div class=\"rl-gallery-item\"><a href=\"https:\/\/www.cascade.it\/new\/wp-content\/uploads\/2019\/07\/5-Cometa-Plus-17-1024x674.jpg\" title=\"\" data-rl_title=\"\" class=\"rl-gallery-link\" data-rl_caption=\"\" data-rel=\"lightbox-gallery-1\"><img loading=\"lazy\" decoding=\"async\" src=\"https:\/\/www.cascade.it\/new\/wp-content\/uploads\/2019\/07\/5-Cometa-Plus-17.jpg\" width=\"1300\" height=\"856\" alt=\"\"\/><\/a><\/div><div class=\"rl-gallery-item\"><a href=\"https:\/\/www.cascade.it\/new\/wp-content\/uploads\/2019\/08\/3-Box-264-inox-1024x674.jpg\" title=\"\" data-rl_title=\"\" class=\"rl-gallery-link\" data-rl_caption=\"\" data-rel=\"lightbox-gallery-1\"><img loading=\"lazy\" decoding=\"async\" src=\"https:\/\/www.cascade.it\/new\/wp-content\/uploads\/2019\/08\/3-Box-264-inox.jpg\" width=\"1300\" height=\"856\" alt=\"\"\/><\/a><\/div><div class=\"rl-gallery-item\"><a href=\"https:\/\/www.cascade.it\/new\/wp-content\/uploads\/2019\/08\/0-Anelli-inox-su-misura-per-fontane-1024x674.jpg\" title=\"\" data-rl_title=\"\" class=\"rl-gallery-link\" data-rl_caption=\"\" data-rel=\"lightbox-gallery-1\"><img loading=\"lazy\" decoding=\"async\" src=\"https:\/\/www.cascade.it\/new\/wp-content\/uploads\/2019\/08\/0-Anelli-inox-su-misura-per-fontane.jpg\" width=\"1300\" height=\"856\" alt=\"\"\/><\/a><\/div><div class=\"rl-gallery-item\"><a href=\"https:\/\/www.cascade.it\/new\/wp-content\/uploads\/2019\/07\/5-Semisfera-120-1024x674.jpg\" title=\"\" data-rl_title=\"\" class=\"rl-gallery-link\" data-rl_caption=\"\" data-rel=\"lightbox-gallery-1\"><img loading=\"lazy\" decoding=\"async\" src=\"https:\/\/www.cascade.it\/new\/wp-content\/uploads\/2019\/07\/5-Semisfera-120.jpg\" width=\"1300\" height=\"856\" alt=\"\"\/><\/a><\/div><div class=\"rl-gallery-item\"><a href=\"https:\/\/www.cascade.it\/new\/wp-content\/uploads\/2019\/07\/5-Geiser-60-1024x674.jpg\" title=\"\" data-rl_title=\"\" class=\"rl-gallery-link\" data-rl_caption=\"\" data-rel=\"lightbox-gallery-1\"><img loading=\"lazy\" decoding=\"async\" src=\"https:\/\/www.cascade.it\/new\/wp-content\/uploads\/2019\/07\/5-Geiser-60.jpg\" width=\"1300\" height=\"856\" alt=\"\"\/><\/a><\/div> <\/div> <\/div>[\/vc_column_text][\/vc_column][vc_column width=\u00a0\u00bb1\/12&Prime;][\/vc_column][\/vc_row][\/vc_section]<\/p>\n","protected":false},"excerpt":{"rendered":"<p>[vc_section][vc_row][vc_column width=\u00a0\u00bb1\/12&Prime;][\/vc_column][vc_column width=\u00a0\u00bb10\/12&Prime;][vc_custom_heading text=\u00a0\u00bbGalerie de fontaines pour giratoires\u00a0\u00bb font_container=\u00a0\u00bbtag:h1|font_size:40|text_align:left|color:%231e73be\u00a0\u00bb use_theme_fonts=\u00a0\u00bb\u00a0\u00bb google_fonts=\u00a0\u00bbfont_family:Roboto%3A100%2C100italic%2C300%2C300italic%2Cregular%2Citalic%2C500%2C500italic%2C700%2C700italic%2C900%2C900italic|font_style:300%20light%20regular%3A300%3Anormal\u00a0\u00bb spacing_heading=\u00a0\u00bb\u00a0\u00bb spacing_heading_tab=\u00a0\u00bb\u00a0\u00bb spacing_heading_mobile=\u00a0\u00bb\u00a0\u00bb responsive_font_size=\u00a0\u00bbyes\u00a0\u00bb custom_font_size_tab=\u00a0\u00bb40&Prime; custom_font_size_mobile=\u00a0\u00bb30&Prime;][vc_column_text spacing_heading=\u00a0\u00bb\u00a0\u00bb spacing_heading_tab=\u00a0\u00bb\u00a0\u00bb spacing_heading_mobile=\u00a0\u00bb\u00a0\u00bb]Galerie d&rsquo;images de quelques r\u00e9alisations de fontaines pour giratoires de diff\u00e9rents types et tailles, con\u00e7ues et fournies par Cascade.[\/vc_column_text][vc_column_text][\/vc_column_text][\/vc_column][vc_column width=\u00a0\u00bb1\/12&Prime;][\/vc_column][\/vc_row][\/vc_section]<\/p>\n","protected":false},"author":1,"featured_media":0,"parent":9804,"menu_order":0,"comment_status":"closed","ping_status":"closed","template":"","meta":{"footnotes":""},"class_list":["post-8872","page","type-page","status-publish","hentry"],"yoast_head":"<!-- This site is optimized with the Yoast SEO plugin v26.7 - https:\/\/yoast.com\/wordpress\/plugins\/seo\/ -->\n<title>Fontaines pour giratoires - Cascade<\/title>\n<meta name=\"description\" content=\"Galerie d&#039;images de quelques r\u00e9alisations de fontaines pour giratoires de diff\u00e9rents types et tailles, con\u00e7ues et fournies par Cascade.\" \/>\n<meta name=\"robots\" content=\"index, follow, max-snippet:-1, max-image-preview:large, max-video-preview:-1\" \/>\n<link rel=\"canonical\" href=\"https:\/\/www.cascade.it\/fr\/galerie\/fontaines-pour-giratoires\/\" \/>\n<meta property=\"og:locale\" content=\"fr_FR\" \/>\n<meta property=\"og:type\" content=\"article\" \/>\n<meta property=\"og:title\" content=\"Fontaines pour giratoires - Cascade\" \/>\n<meta property=\"og:description\" content=\"Galerie d&#039;images de quelques r\u00e9alisations de fontaines pour giratoires de diff\u00e9rents types et tailles, con\u00e7ues et fournies par Cascade.\" \/>\n<meta property=\"og:url\" content=\"https:\/\/www.cascade.it\/fr\/galerie\/fontaines-pour-giratoires\/\" \/>\n<meta property=\"og:site_name\" content=\"Cascade\" \/>\n<meta property=\"article:modified_time\" content=\"2020-06-25T09:25:42+00:00\" \/>\n<meta name=\"twitter:card\" content=\"summary_large_image\" \/>\n<meta name=\"twitter:label1\" content=\"Dur\u00e9e de lecture estim\u00e9e\" \/>\n\t<meta name=\"twitter:data1\" content=\"1 minute\" \/>\n<!-- \/ Yoast SEO plugin. -->","yoast_head_json":{"title":"Fontaines pour giratoires - Cascade","description":"Galerie d'images de quelques r\u00e9alisations de fontaines pour giratoires de diff\u00e9rents types et tailles, con\u00e7ues et fournies par Cascade.","robots":{"index":"index","follow":"follow","max-snippet":"max-snippet:-1","max-image-preview":"max-image-preview:large","max-video-preview":"max-video-preview:-1"},"canonical":"https:\/\/www.cascade.it\/fr\/galerie\/fontaines-pour-giratoires\/","og_locale":"fr_FR","og_type":"article","og_title":"Fontaines pour giratoires - Cascade","og_description":"Galerie d'images de quelques r\u00e9alisations de fontaines pour giratoires de diff\u00e9rents types et tailles, con\u00e7ues et fournies par Cascade.","og_url":"https:\/\/www.cascade.it\/fr\/galerie\/fontaines-pour-giratoires\/","og_site_name":"Cascade","article_modified_time":"2020-06-25T09:25:42+00:00","twitter_card":"summary_large_image","twitter_misc":{"Dur\u00e9e de lecture estim\u00e9e":"1 minute"},"schema":{"@context":"https:\/\/schema.org","@graph":[{"@type":"WebPage","@id":"https:\/\/www.cascade.it\/fr\/galerie\/fontaines-pour-giratoires\/","url":"https:\/\/www.cascade.it\/fr\/galerie\/fontaines-pour-giratoires\/","name":"Fontaines pour giratoires - Cascade","isPartOf":{"@id":"https:\/\/www.cascade.it\/fr\/#website"},"datePublished":"2020-02-28T15:40:30+00:00","dateModified":"2020-06-25T09:25:42+00:00","description":"Galerie d'images de quelques r\u00e9alisations de fontaines pour giratoires de diff\u00e9rents types et tailles, con\u00e7ues et fournies par Cascade.","breadcrumb":{"@id":"https:\/\/www.cascade.it\/fr\/galerie\/fontaines-pour-giratoires\/#breadcrumb"},"inLanguage":"fr-FR","potentialAction":[{"@type":"ReadAction","target":["https:\/\/www.cascade.it\/fr\/galerie\/fontaines-pour-giratoires\/"]}]},{"@type":"BreadcrumbList","@id":"https:\/\/www.cascade.it\/fr\/galerie\/fontaines-pour-giratoires\/#breadcrumb","itemListElement":[{"@type":"ListItem","position":1,"name":"Home","item":"https:\/\/www.cascade.it\/fr\/"},{"@type":"ListItem","position":2,"name":"Galerie","item":"https:\/\/www.cascade.it\/fr\/galerie\/"},{"@type":"ListItem","position":3,"name":"Fontaines pour giratoires"}]},{"@type":"WebSite","@id":"https:\/\/www.cascade.it\/fr\/#website","url":"https:\/\/www.cascade.it\/fr\/","name":"Cascade","description":"More than a fountain","potentialAction":[{"@type":"SearchAction","target":{"@type":"EntryPoint","urlTemplate":"https:\/\/www.cascade.it\/fr\/?s={search_term_string}"},"query-input":{"@type":"PropertyValueSpecification","valueRequired":true,"valueName":"search_term_string"}}],"inLanguage":"fr-FR"}]}},"_links":{"self":[{"href":"https:\/\/www.cascade.it\/fr\/wp-json\/wp\/v2\/pages\/8872","targetHints":{"allow":["GET"]}}],"collection":[{"href":"https:\/\/www.cascade.it\/fr\/wp-json\/wp\/v2\/pages"}],"about":[{"href":"https:\/\/www.cascade.it\/fr\/wp-json\/wp\/v2\/types\/page"}],"author":[{"embeddable":true,"href":"https:\/\/www.cascade.it\/fr\/wp-json\/wp\/v2\/users\/1"}],"replies":[{"embeddable":true,"href":"https:\/\/www.cascade.it\/fr\/wp-json\/wp\/v2\/comments?post=8872"}],"version-history":[{"count":4,"href":"https:\/\/www.cascade.it\/fr\/wp-json\/wp\/v2\/pages\/8872\/revisions"}],"predecessor-version":[{"id":9954,"href":"https:\/\/www.cascade.it\/fr\/wp-json\/wp\/v2\/pages\/8872\/revisions\/9954"}],"up":[{"embeddable":true,"href":"https:\/\/www.cascade.it\/fr\/wp-json\/wp\/v2\/pages\/9804"}],"wp:attachment":[{"href":"https:\/\/www.cascade.it\/fr\/wp-json\/wp\/v2\/media?parent=8872"}],"curies":[{"name":"wp","href":"https:\/\/api.w.org\/{rel}","templated":true}]}}