{"id":8865,"date":"2020-02-28T16:41:52","date_gmt":"2020-02-28T15:41:52","guid":{"rendered":"https:\/\/www.cascade.it\/new\/gallery__trashed\/fontane-per-piscine\/"},"modified":"2020-06-25T11:20:29","modified_gmt":"2020-06-25T09:20:29","slug":"fontaines-pour-piscines","status":"publish","type":"page","link":"https:\/\/www.cascade.it\/fr\/galerie\/fontaines-pour-piscines\/","title":{"rendered":"Fontaines pour piscines"},"content":{"rendered":"<p>[vc_section][vc_row][vc_column width=\u00a0\u00bb1\/12&Prime;][\/vc_column][vc_column width=\u00a0\u00bb10\/12&Prime;][vc_custom_heading text=\u00a0\u00bbGalerie de fontaines pour piscines\u00a0\u00bb font_container=\u00a0\u00bbtag:h1|font_size:40|text_align:left|color:%231e73be\u00a0\u00bb use_theme_fonts=\u00a0\u00bb\u00a0\u00bb google_fonts=\u00a0\u00bbfont_family:Roboto%3A100%2C100italic%2C300%2C300italic%2Cregular%2Citalic%2C500%2C500italic%2C700%2C700italic%2C900%2C900italic|font_style:300%20light%20regular%3A300%3Anormal\u00a0\u00bb spacing_heading=\u00a0\u00bb\u00a0\u00bb spacing_heading_tab=\u00a0\u00bb\u00a0\u00bb spacing_heading_mobile=\u00a0\u00bb\u00a0\u00bb responsive_font_size=\u00a0\u00bbyes\u00a0\u00bb custom_font_size_tab=\u00a0\u00bb40&Prime; custom_font_size_mobile=\u00a0\u00bb30&Prime;][vc_column_text spacing_heading=\u00a0\u00bb\u00a0\u00bb spacing_heading_tab=\u00a0\u00bb\u00a0\u00bb spacing_heading_mobile=\u00a0\u00bb\u00a0\u00bb]Galerie d&rsquo;images de quelques r\u00e9alisations de fontaines pour piscines priv\u00e9es de diff\u00e9rentes formes et tailles, con\u00e7ues et fournies par Cascade.[\/vc_column_text][vc_column_text]<div class=\"rl-gallery-container rl-loading\" id=\"rl-gallery-container-1\" data-gallery_id=\"7892\"> <div class=\"rl-gallery rl-basicgrid-gallery rl-hover-effect-1 rl-hover-icon-2\" id=\"rl-gallery-1\" data-gallery_no=\"1\"> <div class=\"rl-gallery-item\"><a href=\"https:\/\/www.cascade.it\/new\/wp-content\/uploads\/2019\/12\/1-CS-24-150-DMX-PWM-1024x674.jpg\" title=\"\" data-rl_title=\"\" class=\"rl-gallery-link\" data-rl_caption=\"\" data-rel=\"lightbox-gallery-1\"><img loading=\"lazy\" decoding=\"async\" src=\"https:\/\/www.cascade.it\/new\/wp-content\/uploads\/2019\/12\/1-CS-24-150-DMX-PWM.jpg\" width=\"1300\" height=\"856\" alt=\"\"\/><\/a><\/div><div class=\"rl-gallery-item\"><a href=\"https:\/\/www.cascade.it\/new\/wp-content\/uploads\/2019\/12\/5-CS-24-150-DMX-PWM-1024x674.jpg\" title=\"\" data-rl_title=\"\" class=\"rl-gallery-link\" data-rl_caption=\"\" data-rel=\"lightbox-gallery-1\"><img loading=\"lazy\" decoding=\"async\" src=\"https:\/\/www.cascade.it\/new\/wp-content\/uploads\/2019\/12\/5-CS-24-150-DMX-PWM.jpg\" width=\"1300\" height=\"856\" alt=\"\"\/><\/a><\/div><div class=\"rl-gallery-item\"><a href=\"https:\/\/www.cascade.it\/new\/wp-content\/uploads\/2019\/12\/3-CS-24-150-DMX-PWM-1024x674.jpg\" title=\"\" data-rl_title=\"\" class=\"rl-gallery-link\" data-rl_caption=\"\" data-rel=\"lightbox-gallery-1\"><img loading=\"lazy\" decoding=\"async\" src=\"https:\/\/www.cascade.it\/new\/wp-content\/uploads\/2019\/12\/3-CS-24-150-DMX-PWM.jpg\" width=\"1300\" height=\"856\" alt=\"\"\/><\/a><\/div><div class=\"rl-gallery-item\"><a href=\"https:\/\/www.cascade.it\/new\/wp-content\/uploads\/2019\/12\/5-Monogetto-1024x674.jpg\" title=\"\" data-rl_title=\"\" class=\"rl-gallery-link\" data-rl_caption=\"\" data-rel=\"lightbox-gallery-1\"><img loading=\"lazy\" decoding=\"async\" src=\"https:\/\/www.cascade.it\/new\/wp-content\/uploads\/2019\/12\/5-Monogetto.jpg\" width=\"1905\" height=\"1254\" alt=\"\"\/><\/a><\/div><div class=\"rl-gallery-item\"><a href=\"https:\/\/www.cascade.it\/new\/wp-content\/uploads\/2019\/12\/3-Monogetto-1024x674.jpg\" title=\"\" data-rl_title=\"\" class=\"rl-gallery-link\" data-rl_caption=\"\" data-rel=\"lightbox-gallery-1\"><img loading=\"lazy\" decoding=\"async\" src=\"https:\/\/www.cascade.it\/new\/wp-content\/uploads\/2019\/12\/3-Monogetto.jpg\" width=\"1905\" height=\"1254\" alt=\"\"\/><\/a><\/div><div class=\"rl-gallery-item\"><a href=\"https:\/\/www.cascade.it\/new\/wp-content\/uploads\/2019\/12\/2-Monogetto-1024x674.jpg\" title=\"\" data-rl_title=\"\" class=\"rl-gallery-link\" data-rl_caption=\"\" data-rel=\"lightbox-gallery-1\"><img loading=\"lazy\" decoding=\"async\" src=\"https:\/\/www.cascade.it\/new\/wp-content\/uploads\/2019\/12\/2-Monogetto.jpg\" width=\"1905\" height=\"1254\" alt=\"\"\/><\/a><\/div><div class=\"rl-gallery-item\"><a href=\"https:\/\/www.cascade.it\/new\/wp-content\/uploads\/2019\/12\/1-Monogetto-1024x674.jpg\" title=\"\" data-rl_title=\"\" class=\"rl-gallery-link\" data-rl_caption=\"\" data-rel=\"lightbox-gallery-1\"><img loading=\"lazy\" decoding=\"async\" src=\"https:\/\/www.cascade.it\/new\/wp-content\/uploads\/2019\/12\/1-Monogetto.jpg\" width=\"1905\" height=\"1254\" alt=\"\"\/><\/a><\/div><div class=\"rl-gallery-item\"><a href=\"https:\/\/www.cascade.it\/new\/wp-content\/uploads\/2019\/10\/2-Fontana-piscina-1-1024x768.jpg\" title=\"\" data-rl_title=\"\" class=\"rl-gallery-link\" data-rl_caption=\"\" data-rel=\"lightbox-gallery-1\"><img loading=\"lazy\" decoding=\"async\" src=\"https:\/\/www.cascade.it\/new\/wp-content\/uploads\/2019\/10\/2-Fontana-piscina-1.jpg\" width=\"2000\" height=\"1500\" alt=\"\"\/><\/a><\/div><div class=\"rl-gallery-item\"><a href=\"https:\/\/www.cascade.it\/new\/wp-content\/uploads\/2019\/10\/3-Fontana-piscina-1-1024x768.jpg\" title=\"\" data-rl_title=\"\" class=\"rl-gallery-link\" data-rl_caption=\"\" data-rel=\"lightbox-gallery-1\"><img loading=\"lazy\" decoding=\"async\" src=\"https:\/\/www.cascade.it\/new\/wp-content\/uploads\/2019\/10\/3-Fontana-piscina-1.jpg\" width=\"2000\" height=\"1500\" alt=\"\"\/><\/a><\/div><div class=\"rl-gallery-item\"><a href=\"https:\/\/www.cascade.it\/new\/wp-content\/uploads\/2019\/10\/4-Fontana-piscina-1-1024x768.jpg\" title=\"\" data-rl_title=\"\" class=\"rl-gallery-link\" data-rl_caption=\"\" data-rel=\"lightbox-gallery-1\"><img loading=\"lazy\" decoding=\"async\" src=\"https:\/\/www.cascade.it\/new\/wp-content\/uploads\/2019\/10\/4-Fontana-piscina-1.jpg\" width=\"2000\" height=\"1500\" alt=\"\"\/><\/a><\/div><div class=\"rl-gallery-item\"><a href=\"https:\/\/www.cascade.it\/new\/wp-content\/uploads\/2019\/10\/5-Fontana-piscina-1024x768.jpg\" title=\"\" data-rl_title=\"\" class=\"rl-gallery-link\" data-rl_caption=\"\" data-rel=\"lightbox-gallery-1\"><img loading=\"lazy\" decoding=\"async\" src=\"https:\/\/www.cascade.it\/new\/wp-content\/uploads\/2019\/10\/5-Fontana-piscina.jpg\" width=\"2000\" height=\"1500\" alt=\"\"\/><\/a><\/div><div class=\"rl-gallery-item\"><a href=\"https:\/\/www.cascade.it\/new\/wp-content\/uploads\/2019\/10\/3-fontana-bordo-piscina.jpg\" title=\"\" data-rl_title=\"\" class=\"rl-gallery-link\" data-rl_caption=\"\" data-rel=\"lightbox-gallery-1\"><img loading=\"lazy\" decoding=\"async\" src=\"https:\/\/www.cascade.it\/new\/wp-content\/uploads\/2019\/10\/3-fontana-bordo-piscina.jpg\" width=\"1000\" height=\"667\" alt=\"\"\/><\/a><\/div><div class=\"rl-gallery-item\"><a href=\"https:\/\/www.cascade.it\/new\/wp-content\/uploads\/2019\/10\/4-fontana-bordo-piscina.jpg\" title=\"\" data-rl_title=\"\" class=\"rl-gallery-link\" data-rl_caption=\"\" data-rel=\"lightbox-gallery-1\"><img loading=\"lazy\" decoding=\"async\" src=\"https:\/\/www.cascade.it\/new\/wp-content\/uploads\/2019\/10\/4-fontana-bordo-piscina.jpg\" width=\"1000\" height=\"667\" alt=\"\"\/><\/a><\/div><div class=\"rl-gallery-item\"><a href=\"https:\/\/www.cascade.it\/new\/wp-content\/uploads\/2019\/10\/2-fontana-bordo-piscina.jpg\" title=\"\" data-rl_title=\"\" class=\"rl-gallery-link\" data-rl_caption=\"\" data-rel=\"lightbox-gallery-1\"><img loading=\"lazy\" decoding=\"async\" src=\"https:\/\/www.cascade.it\/new\/wp-content\/uploads\/2019\/10\/2-fontana-bordo-piscina.jpg\" width=\"1000\" height=\"667\" alt=\"\"\/><\/a><\/div><div class=\"rl-gallery-item\"><a href=\"https:\/\/www.cascade.it\/new\/wp-content\/uploads\/2019\/10\/1-fontana-bordo-piscina.jpg\" title=\"\" data-rl_title=\"\" class=\"rl-gallery-link\" data-rl_caption=\"\" data-rel=\"lightbox-gallery-1\"><img loading=\"lazy\" decoding=\"async\" src=\"https:\/\/www.cascade.it\/new\/wp-content\/uploads\/2019\/10\/1-fontana-bordo-piscina.jpg\" width=\"1000\" height=\"667\" alt=\"\"\/><\/a><\/div><div class=\"rl-gallery-item\"><a href=\"https:\/\/www.cascade.it\/new\/wp-content\/uploads\/2019\/10\/5-fontana-bordo-piscina.jpg\" title=\"\" data-rl_title=\"\" class=\"rl-gallery-link\" data-rl_caption=\"\" data-rel=\"lightbox-gallery-1\"><img loading=\"lazy\" decoding=\"async\" src=\"https:\/\/www.cascade.it\/new\/wp-content\/uploads\/2019\/10\/5-fontana-bordo-piscina.jpg\" width=\"1000\" height=\"667\" alt=\"\"\/><\/a><\/div><div class=\"rl-gallery-item\"><a href=\"https:\/\/www.cascade.it\/new\/wp-content\/uploads\/2019\/10\/10-Fontana-piscina-1024x683.jpg\" title=\"\" data-rl_title=\"\" class=\"rl-gallery-link\" data-rl_caption=\"\" data-rel=\"lightbox-gallery-1\"><img loading=\"lazy\" decoding=\"async\" src=\"https:\/\/www.cascade.it\/new\/wp-content\/uploads\/2019\/10\/10-Fontana-piscina.jpg\" width=\"2000\" height=\"1334\" alt=\"\"\/><\/a><\/div><div class=\"rl-gallery-item\"><a href=\"https:\/\/www.cascade.it\/new\/wp-content\/uploads\/2019\/08\/1-Trittico-1024x674.jpg\" title=\"\" data-rl_title=\"\" class=\"rl-gallery-link\" data-rl_caption=\"\" data-rel=\"lightbox-gallery-1\"><img loading=\"lazy\" decoding=\"async\" src=\"https:\/\/www.cascade.it\/new\/wp-content\/uploads\/2019\/08\/1-Trittico.jpg\" width=\"1300\" height=\"856\" alt=\"\"\/><\/a><\/div><div class=\"rl-gallery-item\"><a href=\"https:\/\/www.cascade.it\/new\/wp-content\/uploads\/2019\/08\/1-Corona-reale-1024x674.jpg\" title=\"\" data-rl_title=\"\" class=\"rl-gallery-link\" data-rl_caption=\"\" data-rel=\"lightbox-gallery-1\"><img loading=\"lazy\" decoding=\"async\" src=\"https:\/\/www.cascade.it\/new\/wp-content\/uploads\/2019\/08\/1-Corona-reale.jpg\" width=\"1300\" height=\"856\" alt=\"\"\/><\/a><\/div><div class=\"rl-gallery-item\"><a href=\"https:\/\/www.cascade.it\/new\/wp-content\/uploads\/2019\/08\/3-Corona-reale-1024x674.jpg\" title=\"\" data-rl_title=\"\" class=\"rl-gallery-link\" data-rl_caption=\"\" data-rel=\"lightbox-gallery-1\"><img loading=\"lazy\" decoding=\"async\" src=\"https:\/\/www.cascade.it\/new\/wp-content\/uploads\/2019\/08\/3-Corona-reale.jpg\" width=\"1300\" height=\"856\" alt=\"\"\/><\/a><\/div><div class=\"rl-gallery-item\"><a href=\"https:\/\/www.cascade.it\/new\/wp-content\/uploads\/2019\/08\/2-Corona-reale-1024x674.jpg\" title=\"\" data-rl_title=\"\" class=\"rl-gallery-link\" data-rl_caption=\"\" data-rel=\"lightbox-gallery-1\"><img loading=\"lazy\" decoding=\"async\" src=\"https:\/\/www.cascade.it\/new\/wp-content\/uploads\/2019\/08\/2-Corona-reale.jpg\" width=\"1300\" height=\"856\" alt=\"\"\/><\/a><\/div><div class=\"rl-gallery-item\"><a href=\"https:\/\/www.cascade.it\/new\/wp-content\/uploads\/2019\/08\/3-Nicchia-PVC-per-incasso-Mizar-36-1024x674.jpg\" title=\"\" data-rl_title=\"\" class=\"rl-gallery-link\" data-rl_caption=\"\" data-rel=\"lightbox-gallery-1\"><img loading=\"lazy\" decoding=\"async\" src=\"https:\/\/www.cascade.it\/new\/wp-content\/uploads\/2019\/08\/3-Nicchia-PVC-per-incasso-Mizar-36.jpg\" width=\"1300\" height=\"856\" alt=\"\"\/><\/a><\/div><div class=\"rl-gallery-item\"><a href=\"https:\/\/www.cascade.it\/new\/wp-content\/uploads\/2019\/08\/1-Faro-Led-Mizar-24-DMX-RGBW-Ring-1024x674.jpg\" title=\"\" data-rl_title=\"\" class=\"rl-gallery-link\" data-rl_caption=\"\" data-rel=\"lightbox-gallery-1\"><img loading=\"lazy\" decoding=\"async\" src=\"https:\/\/www.cascade.it\/new\/wp-content\/uploads\/2019\/08\/1-Faro-Led-Mizar-24-DMX-RGBW-Ring.jpg\" width=\"1300\" height=\"856\" alt=\"\"\/><\/a><\/div><div class=\"rl-gallery-item\"><a href=\"https:\/\/www.cascade.it\/new\/wp-content\/uploads\/2019\/08\/22-Anelli-inox-su-misura-per-fontane-1024x674.jpg\" title=\"\" data-rl_title=\"\" class=\"rl-gallery-link\" data-rl_caption=\"\" data-rel=\"lightbox-gallery-1\"><img loading=\"lazy\" decoding=\"async\" src=\"https:\/\/www.cascade.it\/new\/wp-content\/uploads\/2019\/08\/22-Anelli-inox-su-misura-per-fontane.jpg\" width=\"1300\" height=\"856\" alt=\"\"\/><\/a><\/div><div class=\"rl-gallery-item\"><a href=\"https:\/\/www.cascade.it\/new\/wp-content\/uploads\/2019\/07\/2-Flangia-di-regolazione-1024x674.jpg\" title=\"\" data-rl_title=\"\" class=\"rl-gallery-link\" data-rl_caption=\"\" data-rel=\"lightbox-gallery-1\"><img loading=\"lazy\" decoding=\"async\" src=\"https:\/\/www.cascade.it\/new\/wp-content\/uploads\/2019\/07\/2-Flangia-di-regolazione.jpg\" width=\"1300\" height=\"856\" alt=\"\"\/><\/a><\/div> <\/div> <\/div>[\/vc_column_text][\/vc_column][vc_column width=\u00a0\u00bb1\/12&Prime;][\/vc_column][\/vc_row][\/vc_section]<\/p>\n","protected":false},"excerpt":{"rendered":"<p>[vc_section][vc_row][vc_column width=\u00a0\u00bb1\/12&Prime;][\/vc_column][vc_column width=\u00a0\u00bb10\/12&Prime;][vc_custom_heading text=\u00a0\u00bbGalerie de fontaines pour piscines\u00a0\u00bb font_container=\u00a0\u00bbtag:h1|font_size:40|text_align:left|color:%231e73be\u00a0\u00bb use_theme_fonts=\u00a0\u00bb\u00a0\u00bb google_fonts=\u00a0\u00bbfont_family:Roboto%3A100%2C100italic%2C300%2C300italic%2Cregular%2Citalic%2C500%2C500italic%2C700%2C700italic%2C900%2C900italic|font_style:300%20light%20regular%3A300%3Anormal\u00a0\u00bb spacing_heading=\u00a0\u00bb\u00a0\u00bb spacing_heading_tab=\u00a0\u00bb\u00a0\u00bb spacing_heading_mobile=\u00a0\u00bb\u00a0\u00bb responsive_font_size=\u00a0\u00bbyes\u00a0\u00bb custom_font_size_tab=\u00a0\u00bb40&Prime; custom_font_size_mobile=\u00a0\u00bb30&Prime;][vc_column_text spacing_heading=\u00a0\u00bb\u00a0\u00bb spacing_heading_tab=\u00a0\u00bb\u00a0\u00bb spacing_heading_mobile=\u00a0\u00bb\u00a0\u00bb]Galerie d&rsquo;images de quelques r\u00e9alisations de fontaines pour piscines priv\u00e9es de diff\u00e9rentes formes et tailles, con\u00e7ues et fournies par Cascade.[\/vc_column_text][vc_column_text][\/vc_column_text][\/vc_column][vc_column width=\u00a0\u00bb1\/12&Prime;][\/vc_column][\/vc_row][\/vc_section]<\/p>\n","protected":false},"author":1,"featured_media":0,"parent":9804,"menu_order":0,"comment_status":"closed","ping_status":"closed","template":"","meta":{"footnotes":""},"class_list":["post-8865","page","type-page","status-publish","hentry"],"yoast_head":"<!-- This site is optimized with the Yoast SEO plugin v26.7 - https:\/\/yoast.com\/wordpress\/plugins\/seo\/ -->\n<title>Fontaines pour piscines - Cascade<\/title>\n<meta name=\"description\" content=\"Galerie d&#039;images de quelques r\u00e9alisations de fontaines pour piscines priv\u00e9es de diff\u00e9rentes formes et tailles, con\u00e7ues et fournies par Cascade.\" \/>\n<meta name=\"robots\" content=\"index, follow, max-snippet:-1, max-image-preview:large, max-video-preview:-1\" \/>\n<link rel=\"canonical\" href=\"https:\/\/www.cascade.it\/fr\/galerie\/fontaines-pour-piscines\/\" \/>\n<meta property=\"og:locale\" content=\"fr_FR\" \/>\n<meta property=\"og:type\" content=\"article\" \/>\n<meta property=\"og:title\" content=\"Fontaines pour piscines - Cascade\" \/>\n<meta property=\"og:description\" content=\"Galerie d&#039;images de quelques r\u00e9alisations de fontaines pour piscines priv\u00e9es de diff\u00e9rentes formes et tailles, con\u00e7ues et fournies par Cascade.\" \/>\n<meta property=\"og:url\" content=\"https:\/\/www.cascade.it\/fr\/galerie\/fontaines-pour-piscines\/\" \/>\n<meta property=\"og:site_name\" content=\"Cascade\" \/>\n<meta property=\"article:modified_time\" content=\"2020-06-25T09:20:29+00:00\" \/>\n<meta name=\"twitter:card\" content=\"summary_large_image\" \/>\n<meta name=\"twitter:label1\" content=\"Dur\u00e9e de lecture estim\u00e9e\" \/>\n\t<meta name=\"twitter:data1\" content=\"1 minute\" \/>\n<!-- \/ Yoast SEO plugin. -->","yoast_head_json":{"title":"Fontaines pour piscines - Cascade","description":"Galerie d'images de quelques r\u00e9alisations de fontaines pour piscines priv\u00e9es de diff\u00e9rentes formes et tailles, con\u00e7ues et fournies par Cascade.","robots":{"index":"index","follow":"follow","max-snippet":"max-snippet:-1","max-image-preview":"max-image-preview:large","max-video-preview":"max-video-preview:-1"},"canonical":"https:\/\/www.cascade.it\/fr\/galerie\/fontaines-pour-piscines\/","og_locale":"fr_FR","og_type":"article","og_title":"Fontaines pour piscines - Cascade","og_description":"Galerie d'images de quelques r\u00e9alisations de fontaines pour piscines priv\u00e9es de diff\u00e9rentes formes et tailles, con\u00e7ues et fournies par Cascade.","og_url":"https:\/\/www.cascade.it\/fr\/galerie\/fontaines-pour-piscines\/","og_site_name":"Cascade","article_modified_time":"2020-06-25T09:20:29+00:00","twitter_card":"summary_large_image","twitter_misc":{"Dur\u00e9e de lecture estim\u00e9e":"1 minute"},"schema":{"@context":"https:\/\/schema.org","@graph":[{"@type":"WebPage","@id":"https:\/\/www.cascade.it\/fr\/galerie\/fontaines-pour-piscines\/","url":"https:\/\/www.cascade.it\/fr\/galerie\/fontaines-pour-piscines\/","name":"Fontaines pour piscines - Cascade","isPartOf":{"@id":"https:\/\/www.cascade.it\/fr\/#website"},"datePublished":"2020-02-28T15:41:52+00:00","dateModified":"2020-06-25T09:20:29+00:00","description":"Galerie d'images de quelques r\u00e9alisations de fontaines pour piscines priv\u00e9es de diff\u00e9rentes formes et tailles, con\u00e7ues et fournies par Cascade.","breadcrumb":{"@id":"https:\/\/www.cascade.it\/fr\/galerie\/fontaines-pour-piscines\/#breadcrumb"},"inLanguage":"fr-FR","potentialAction":[{"@type":"ReadAction","target":["https:\/\/www.cascade.it\/fr\/galerie\/fontaines-pour-piscines\/"]}]},{"@type":"BreadcrumbList","@id":"https:\/\/www.cascade.it\/fr\/galerie\/fontaines-pour-piscines\/#breadcrumb","itemListElement":[{"@type":"ListItem","position":1,"name":"Home","item":"https:\/\/www.cascade.it\/fr\/"},{"@type":"ListItem","position":2,"name":"Galerie","item":"https:\/\/www.cascade.it\/fr\/galerie\/"},{"@type":"ListItem","position":3,"name":"Fontaines pour piscines"}]},{"@type":"WebSite","@id":"https:\/\/www.cascade.it\/fr\/#website","url":"https:\/\/www.cascade.it\/fr\/","name":"Cascade","description":"More than a fountain","potentialAction":[{"@type":"SearchAction","target":{"@type":"EntryPoint","urlTemplate":"https:\/\/www.cascade.it\/fr\/?s={search_term_string}"},"query-input":{"@type":"PropertyValueSpecification","valueRequired":true,"valueName":"search_term_string"}}],"inLanguage":"fr-FR"}]}},"_links":{"self":[{"href":"https:\/\/www.cascade.it\/fr\/wp-json\/wp\/v2\/pages\/8865","targetHints":{"allow":["GET"]}}],"collection":[{"href":"https:\/\/www.cascade.it\/fr\/wp-json\/wp\/v2\/pages"}],"about":[{"href":"https:\/\/www.cascade.it\/fr\/wp-json\/wp\/v2\/types\/page"}],"author":[{"embeddable":true,"href":"https:\/\/www.cascade.it\/fr\/wp-json\/wp\/v2\/users\/1"}],"replies":[{"embeddable":true,"href":"https:\/\/www.cascade.it\/fr\/wp-json\/wp\/v2\/comments?post=8865"}],"version-history":[{"count":3,"href":"https:\/\/www.cascade.it\/fr\/wp-json\/wp\/v2\/pages\/8865\/revisions"}],"predecessor-version":[{"id":9952,"href":"https:\/\/www.cascade.it\/fr\/wp-json\/wp\/v2\/pages\/8865\/revisions\/9952"}],"up":[{"embeddable":true,"href":"https:\/\/www.cascade.it\/fr\/wp-json\/wp\/v2\/pages\/9804"}],"wp:attachment":[{"href":"https:\/\/www.cascade.it\/fr\/wp-json\/wp\/v2\/media?parent=8865"}],"curies":[{"name":"wp","href":"https:\/\/api.w.org\/{rel}","templated":true}]}}