{"id":8753,"date":"2020-02-27T12:02:06","date_gmt":"2020-02-27T11:02:06","guid":{"rendered":"https:\/\/www.cascade.it\/new\/ugelli-per-fontane\/ugelli-speciali\/"},"modified":"2020-06-18T15:14:48","modified_gmt":"2020-06-18T13:14:48","slug":"ajutages-speciaux","status":"publish","type":"page","link":"https:\/\/www.cascade.it\/fr\/produits\/ajutages-pour-fontaines\/ajutages-speciaux\/","title":{"rendered":"Ajutages sp\u00e9ciaux"},"content":{"rendered":"<p>[vc_row][vc_column width=\u00a0\u00bb1\/6&Prime;][\/vc_column][vc_column width=\u00a0\u00bb2\/3&Prime;][vc_custom_heading text=\u00a0\u00bbAjutages sp\u00e9ciaux pour fontaines\u00a0\u00bb font_container=\u00a0\u00bbtag:h1|font_size:40|text_align:left|color:%231e73be\u00a0\u00bb use_theme_fonts=\u00a0\u00bb\u00a0\u00bb google_fonts=\u00a0\u00bbfont_family:Roboto%3A100%2C100italic%2C300%2C300italic%2Cregular%2Citalic%2C500%2C500italic%2C700%2C700italic%2C900%2C900italic|font_style:300%20light%20regular%3A300%3Anormal\u00a0\u00bb spacing_heading=\u00a0\u00bb\u00a0\u00bb spacing_heading_tab=\u00a0\u00bb\u00a0\u00bb spacing_heading_mobile=\u00a0\u00bb\u00a0\u00bb responsive_font_size=\u00a0\u00bbyes\u00a0\u00bb custom_font_size_tab=\u00a0\u00bb40&Prime; custom_font_size_mobile=\u00a0\u00bb30&Prime;]<div class=\"woocommerce columns-5 \"><ul class=\"products columns-5 agni-products agni-products-5-column\" style=\"margin: 0 -5px;\" data-shop-grid=\"masonry\" data-gutter=\"10\" ><li class=\"shop-column product-hover-style-2 text-center  animate product type-product post-3416 status-publish first instock product_cat-ajutages-speciaux has-post-thumbnail shipping-taxable product-type-simple\" style=\" -webkit-animation-duration: 0.8s; -webkit-animation-delay: 0.4s; animation-duration: 0.8s; animation-delay: 0.4s; margin: 5px 0; padding: 0 5px;\"  data-animation=\"fadeInUp\" data-animation-offset=\"100%\">\n\t\n\t<div class=\"product-thumbnail\"><a href=\"https:\/\/www.cascade.it\/fr\/prodotto\/ajutage-elios\/\" class=\"woocommerce-LoopProduct-link woocommerce-loop-product__link\"><img loading=\"lazy\" decoding=\"async\" width=\"300\" height=\"300\" src=\"https:\/\/www.cascade.it\/new\/wp-content\/uploads\/Prodotti\/Ugelli_per_fontane\/Ugelli_speciali\/ELIOS-300x300.jpg\" class=\"attachment-shop_catalog size-shop_catalog wp-post-image\" alt=\"ELIOS\" title=\"ELIOS\" srcset=\"https:\/\/www.cascade.it\/new\/wp-content\/uploads\/Prodotti\/Ugelli_per_fontane\/Ugelli_speciali\/ELIOS-300x300.jpg 300w, https:\/\/www.cascade.it\/new\/wp-content\/uploads\/Prodotti\/Ugelli_per_fontane\/Ugelli_speciali\/ELIOS-150x150.jpg 150w, https:\/\/www.cascade.it\/new\/wp-content\/uploads\/Prodotti\/Ugelli_per_fontane\/Ugelli_speciali\/ELIOS-100x100.jpg 100w\" sizes=\"auto, (max-width: 300px) 100vw, 300px\" \/><\/a><div class=\"buttons product-buttons\"><\/div><\/div><div class=\"product-content\" ><h5 class=\"product-title\"><a href=\"https:\/\/www.cascade.it\/fr\/prodotto\/ajutage-elios\/\">Elios<\/a><\/h5><div class=\"product-meta\"><\/div><\/div>\n<\/li>\n<li class=\"shop-column product-hover-style-2 text-center  animate product type-product post-3420 status-publish instock product_cat-ajutages-speciaux has-post-thumbnail shipping-taxable product-type-simple\" style=\" -webkit-animation-duration: 0.8s; -webkit-animation-delay: 0.8s; animation-duration: 0.8s; animation-delay: 0.8s; margin: 5px 0; padding: 0 5px;\"  data-animation=\"fadeInUp\" data-animation-offset=\"100%\">\n\t\n\t<div class=\"product-thumbnail\"><a href=\"https:\/\/www.cascade.it\/fr\/prodotto\/ajutage-lotus\/\" class=\"woocommerce-LoopProduct-link woocommerce-loop-product__link\"><img loading=\"lazy\" decoding=\"async\" width=\"300\" height=\"300\" src=\"https:\/\/www.cascade.it\/new\/wp-content\/uploads\/Prodotti\/Ugelli_per_fontane\/Ugelli_speciali\/LOTUS-300x300.jpg\" class=\"attachment-shop_catalog size-shop_catalog wp-post-image\" alt=\"Ugello Rotante per Fontane Lotus - Cascade\" title=\"LOTUS\" srcset=\"https:\/\/www.cascade.it\/new\/wp-content\/uploads\/Prodotti\/Ugelli_per_fontane\/Ugelli_speciali\/LOTUS-300x300.jpg 300w, https:\/\/www.cascade.it\/new\/wp-content\/uploads\/Prodotti\/Ugelli_per_fontane\/Ugelli_speciali\/LOTUS-150x150.jpg 150w, https:\/\/www.cascade.it\/new\/wp-content\/uploads\/Prodotti\/Ugelli_per_fontane\/Ugelli_speciali\/LOTUS-100x100.jpg 100w\" sizes=\"auto, (max-width: 300px) 100vw, 300px\" \/><\/a><div class=\"buttons product-buttons\"><\/div><\/div><div class=\"product-content\" ><h5 class=\"product-title\"><a href=\"https:\/\/www.cascade.it\/fr\/prodotto\/ajutage-lotus\/\">Lotus<\/a><\/h5><div class=\"product-meta\"><\/div><\/div>\n<\/li>\n<li class=\"shop-column product-hover-style-2 text-center  animate product type-product post-3424 status-publish instock product_cat-ajutages-speciaux has-post-thumbnail shipping-taxable product-type-simple\" style=\" -webkit-animation-duration: 0.8s; -webkit-animation-delay: 1.2s; animation-duration: 0.8s; animation-delay: 1.2s; margin: 5px 0; padding: 0 5px;\"  data-animation=\"fadeInUp\" data-animation-offset=\"100%\">\n\t\n\t<div class=\"product-thumbnail\"><a href=\"https:\/\/www.cascade.it\/fr\/prodotto\/ajutage-piramide\/\" class=\"woocommerce-LoopProduct-link woocommerce-loop-product__link\"><img loading=\"lazy\" decoding=\"async\" width=\"300\" height=\"300\" src=\"https:\/\/www.cascade.it\/new\/wp-content\/uploads\/Prodotti\/Ugelli_per_fontane\/Ugelli_speciali\/PIRAMIDE-300x300.jpg\" class=\"attachment-shop_catalog size-shop_catalog wp-post-image\" alt=\"PIRAMIDE\" title=\"PIRAMIDE\" srcset=\"https:\/\/www.cascade.it\/new\/wp-content\/uploads\/Prodotti\/Ugelli_per_fontane\/Ugelli_speciali\/PIRAMIDE-300x300.jpg 300w, https:\/\/www.cascade.it\/new\/wp-content\/uploads\/Prodotti\/Ugelli_per_fontane\/Ugelli_speciali\/PIRAMIDE-150x150.jpg 150w, https:\/\/www.cascade.it\/new\/wp-content\/uploads\/Prodotti\/Ugelli_per_fontane\/Ugelli_speciali\/PIRAMIDE-100x100.jpg 100w\" sizes=\"auto, (max-width: 300px) 100vw, 300px\" \/><\/a><div class=\"buttons product-buttons\"><\/div><\/div><div class=\"product-content\" ><h5 class=\"product-title\"><a href=\"https:\/\/www.cascade.it\/fr\/prodotto\/ajutage-piramide\/\">Piramide<\/a><\/h5><div class=\"product-meta\"><\/div><\/div>\n<\/li>\n<li class=\"shop-column product-hover-style-2 text-center  animate product type-product post-3428 status-publish instock product_cat-ajutages-speciaux has-post-thumbnail shipping-taxable product-type-simple\" style=\" -webkit-animation-duration: 0.8s; -webkit-animation-delay: 1.6s; animation-duration: 0.8s; animation-delay: 1.6s; margin: 5px 0; padding: 0 5px;\"  data-animation=\"fadeInUp\" data-animation-offset=\"100%\">\n\t\n\t<div class=\"product-thumbnail\"><a href=\"https:\/\/www.cascade.it\/fr\/prodotto\/ajutage-spirale\/\" class=\"woocommerce-LoopProduct-link woocommerce-loop-product__link\"><img loading=\"lazy\" decoding=\"async\" width=\"300\" height=\"300\" src=\"https:\/\/www.cascade.it\/new\/wp-content\/uploads\/Prodotti\/Ugelli_per_fontane\/Ugelli_speciali\/SPIRALE-300x300.jpg\" class=\"attachment-shop_catalog size-shop_catalog wp-post-image\" alt=\"SPIRALE\" title=\"SPIRALE\" srcset=\"https:\/\/www.cascade.it\/new\/wp-content\/uploads\/Prodotti\/Ugelli_per_fontane\/Ugelli_speciali\/SPIRALE-300x300.jpg 300w, https:\/\/www.cascade.it\/new\/wp-content\/uploads\/Prodotti\/Ugelli_per_fontane\/Ugelli_speciali\/SPIRALE-150x150.jpg 150w, https:\/\/www.cascade.it\/new\/wp-content\/uploads\/Prodotti\/Ugelli_per_fontane\/Ugelli_speciali\/SPIRALE-100x100.jpg 100w\" sizes=\"auto, (max-width: 300px) 100vw, 300px\" \/><\/a><div class=\"buttons product-buttons\"><\/div><\/div><div class=\"product-content\" ><h5 class=\"product-title\"><a href=\"https:\/\/www.cascade.it\/fr\/prodotto\/ajutage-spirale\/\">Spirale<\/a><\/h5><div class=\"product-meta\"><\/div><\/div>\n<\/li>\n<li class=\"shop-column product-hover-style-2 text-center  animate product type-product post-3432 status-publish last instock product_cat-ajutages-speciaux has-post-thumbnail shipping-taxable product-type-simple\" style=\" -webkit-animation-duration: 0.8s; -webkit-animation-delay: 2s; animation-duration: 0.8s; animation-delay: 2s; margin: 5px 0; padding: 0 5px;\"  data-animation=\"fadeInUp\" data-animation-offset=\"100%\">\n\t\n\t<div class=\"product-thumbnail\"><a href=\"https:\/\/www.cascade.it\/fr\/prodotto\/ajutage-twister\/\" class=\"woocommerce-LoopProduct-link woocommerce-loop-product__link\"><img loading=\"lazy\" decoding=\"async\" width=\"300\" height=\"300\" src=\"https:\/\/www.cascade.it\/new\/wp-content\/uploads\/Prodotti\/Ugelli_per_fontane\/Ugelli_speciali\/TWISTER-300x300.jpg\" class=\"attachment-shop_catalog size-shop_catalog wp-post-image\" alt=\"TWISTER\" title=\"TWISTER\" srcset=\"https:\/\/www.cascade.it\/new\/wp-content\/uploads\/Prodotti\/Ugelli_per_fontane\/Ugelli_speciali\/TWISTER-300x300.jpg 300w, https:\/\/www.cascade.it\/new\/wp-content\/uploads\/Prodotti\/Ugelli_per_fontane\/Ugelli_speciali\/TWISTER-150x150.jpg 150w, https:\/\/www.cascade.it\/new\/wp-content\/uploads\/Prodotti\/Ugelli_per_fontane\/Ugelli_speciali\/TWISTER-100x100.jpg 100w\" sizes=\"auto, (max-width: 300px) 100vw, 300px\" \/><\/a><div class=\"buttons product-buttons\"><\/div><\/div><div class=\"product-content\" ><h5 class=\"product-title\"><a href=\"https:\/\/www.cascade.it\/fr\/prodotto\/ajutage-twister\/\">Twister<\/a><\/h5><div class=\"product-meta\"><\/div><\/div>\n<\/li>\n<li class=\"shop-column product-hover-style-2 text-center  animate product type-product post-3436 status-publish first instock product_cat-ajutages-speciaux has-post-thumbnail shipping-taxable product-type-simple\" style=\" -webkit-animation-duration: 0.8s; -webkit-animation-delay: 0.4s; animation-duration: 0.8s; animation-delay: 0.4s; margin: 5px 0; padding: 0 5px;\"  data-animation=\"fadeInUp\" data-animation-offset=\"100%\">\n\t\n\t<div class=\"product-thumbnail\"><a href=\"https:\/\/www.cascade.it\/fr\/prodotto\/ajutage-ventaglio-11-sur-collecteur\/\" class=\"woocommerce-LoopProduct-link woocommerce-loop-product__link\"><img loading=\"lazy\" decoding=\"async\" width=\"300\" height=\"300\" src=\"https:\/\/www.cascade.it\/new\/wp-content\/uploads\/2020\/06\/VENTAGLIO-11-300x300.jpg\" class=\"attachment-shop_catalog size-shop_catalog wp-post-image\" alt=\"VENTAGLIO 11\" title=\"VENTAGLIO 11\" srcset=\"https:\/\/www.cascade.it\/new\/wp-content\/uploads\/2020\/06\/VENTAGLIO-11-300x300.jpg 300w, https:\/\/www.cascade.it\/new\/wp-content\/uploads\/2020\/06\/VENTAGLIO-11-150x150.jpg 150w, https:\/\/www.cascade.it\/new\/wp-content\/uploads\/2020\/06\/VENTAGLIO-11-100x100.jpg 100w\" sizes=\"auto, (max-width: 300px) 100vw, 300px\" \/><\/a><div class=\"buttons product-buttons\"><\/div><\/div><div class=\"product-content\" ><h5 class=\"product-title\"><a href=\"https:\/\/www.cascade.it\/fr\/prodotto\/ajutage-ventaglio-11-sur-collecteur\/\">Ventaglio 11 sur collecteur<\/a><\/h5><div class=\"product-meta\"><\/div><\/div>\n<\/li>\n<li class=\"shop-column product-hover-style-2 text-center  animate product type-product post-3440 status-publish instock product_cat-ajutages-speciaux has-post-thumbnail shipping-taxable product-type-simple\" style=\" -webkit-animation-duration: 0.8s; -webkit-animation-delay: 0.8s; animation-duration: 0.8s; animation-delay: 0.8s; margin: 5px 0; padding: 0 5px;\"  data-animation=\"fadeInUp\" data-animation-offset=\"100%\">\n\t\n\t<div class=\"product-thumbnail\"><a href=\"https:\/\/www.cascade.it\/fr\/prodotto\/ajutage-vulcano-300\/\" class=\"woocommerce-LoopProduct-link woocommerce-loop-product__link\"><img loading=\"lazy\" decoding=\"async\" width=\"300\" height=\"300\" src=\"https:\/\/www.cascade.it\/new\/wp-content\/uploads\/Prodotti\/Ugelli_per_fontane\/Ugelli_speciali\/VULCANO-300-300x300.jpg\" class=\"attachment-shop_catalog size-shop_catalog wp-post-image\" alt=\"Ugello per fontane Vulcano 300 - Cascade\" title=\"VULCANO 300\" srcset=\"https:\/\/www.cascade.it\/new\/wp-content\/uploads\/Prodotti\/Ugelli_per_fontane\/Ugelli_speciali\/VULCANO-300-300x300.jpg 300w, https:\/\/www.cascade.it\/new\/wp-content\/uploads\/Prodotti\/Ugelli_per_fontane\/Ugelli_speciali\/VULCANO-300-150x150.jpg 150w, https:\/\/www.cascade.it\/new\/wp-content\/uploads\/Prodotti\/Ugelli_per_fontane\/Ugelli_speciali\/VULCANO-300-100x100.jpg 100w\" sizes=\"auto, (max-width: 300px) 100vw, 300px\" \/><\/a><div class=\"buttons product-buttons\"><\/div><\/div><div class=\"product-content\" ><h5 class=\"product-title\"><a href=\"https:\/\/www.cascade.it\/fr\/prodotto\/ajutage-vulcano-300\/\">Vulcano 300<\/a><\/h5><div class=\"product-meta\"><\/div><\/div>\n<\/li>\n<\/ul><\/div>[\/vc_column][vc_column width=\u00a0\u00bb1\/6&Prime;][\/vc_column][\/vc_row]<\/p>\n","protected":false},"excerpt":{"rendered":"<p>[vc_row][vc_column width=\u00a0\u00bb1\/6&Prime;][\/vc_column][vc_column width=\u00a0\u00bb2\/3&Prime;][vc_custom_heading text=\u00a0\u00bbAjutages sp\u00e9ciaux pour fontaines\u00a0\u00bb font_container=\u00a0\u00bbtag:h1|font_size:40|text_align:left|color:%231e73be\u00a0\u00bb use_theme_fonts=\u00a0\u00bb\u00a0\u00bb google_fonts=\u00a0\u00bbfont_family:Roboto%3A100%2C100italic%2C300%2C300italic%2Cregular%2Citalic%2C500%2C500italic%2C700%2C700italic%2C900%2C900italic|font_style:300%20light%20regular%3A300%3Anormal\u00a0\u00bb spacing_heading=\u00a0\u00bb\u00a0\u00bb spacing_heading_tab=\u00a0\u00bb\u00a0\u00bb spacing_heading_mobile=\u00a0\u00bb\u00a0\u00bb responsive_font_size=\u00a0\u00bbyes\u00a0\u00bb custom_font_size_tab=\u00a0\u00bb40&Prime; custom_font_size_mobile=\u00a0\u00bb30&Prime;][\/vc_column][vc_column width=\u00a0\u00bb1\/6&Prime;][\/vc_column][\/vc_row]<\/p>\n","protected":false},"author":1,"featured_media":0,"parent":8728,"menu_order":0,"comment_status":"closed","ping_status":"closed","template":"","meta":{"footnotes":""},"class_list":["post-8753","page","type-page","status-publish","hentry"],"yoast_head":"<!-- This site is optimized with the Yoast SEO plugin v26.7 - https:\/\/yoast.com\/wordpress\/plugins\/seo\/ -->\n<title>Ajutages sp\u00e9ciaux pour fontaines - Cascade<\/title>\n<meta name=\"description\" content=\"Ajutages sp\u00e9ciaux pour fontaines, con\u00e7us et fabriqu\u00e9s pour obtenir des effets d&#039;eau particuliers et inhabituels, enti\u00e8rement en m\u00e9tal, fabriqu\u00e9s en Italie.\" \/>\n<meta name=\"robots\" content=\"index, follow, max-snippet:-1, max-image-preview:large, max-video-preview:-1\" \/>\n<link rel=\"canonical\" href=\"https:\/\/www.cascade.it\/fr\/produits\/ajutages-pour-fontaines\/ajutages-speciaux\/\" \/>\n<meta property=\"og:locale\" content=\"fr_FR\" \/>\n<meta property=\"og:type\" content=\"article\" \/>\n<meta property=\"og:title\" content=\"Ajutages sp\u00e9ciaux pour fontaines - Cascade\" \/>\n<meta property=\"og:description\" content=\"Ajutages sp\u00e9ciaux pour fontaines, con\u00e7us et fabriqu\u00e9s pour obtenir des effets d&#039;eau particuliers et inhabituels, enti\u00e8rement en m\u00e9tal, fabriqu\u00e9s en Italie.\" \/>\n<meta property=\"og:url\" content=\"https:\/\/www.cascade.it\/fr\/produits\/ajutages-pour-fontaines\/ajutages-speciaux\/\" \/>\n<meta property=\"og:site_name\" content=\"Cascade\" \/>\n<meta property=\"article:modified_time\" content=\"2020-06-18T13:14:48+00:00\" \/>\n<meta name=\"twitter:card\" content=\"summary_large_image\" \/>\n<meta name=\"twitter:label1\" content=\"Dur\u00e9e de lecture estim\u00e9e\" \/>\n\t<meta name=\"twitter:data1\" content=\"1 minute\" \/>\n<!-- \/ Yoast SEO plugin. -->","yoast_head_json":{"title":"Ajutages sp\u00e9ciaux pour fontaines - Cascade","description":"Ajutages sp\u00e9ciaux pour fontaines, con\u00e7us et fabriqu\u00e9s pour obtenir des effets d'eau particuliers et inhabituels, enti\u00e8rement en m\u00e9tal, fabriqu\u00e9s en Italie.","robots":{"index":"index","follow":"follow","max-snippet":"max-snippet:-1","max-image-preview":"max-image-preview:large","max-video-preview":"max-video-preview:-1"},"canonical":"https:\/\/www.cascade.it\/fr\/produits\/ajutages-pour-fontaines\/ajutages-speciaux\/","og_locale":"fr_FR","og_type":"article","og_title":"Ajutages sp\u00e9ciaux pour fontaines - Cascade","og_description":"Ajutages sp\u00e9ciaux pour fontaines, con\u00e7us et fabriqu\u00e9s pour obtenir des effets d'eau particuliers et inhabituels, enti\u00e8rement en m\u00e9tal, fabriqu\u00e9s en Italie.","og_url":"https:\/\/www.cascade.it\/fr\/produits\/ajutages-pour-fontaines\/ajutages-speciaux\/","og_site_name":"Cascade","article_modified_time":"2020-06-18T13:14:48+00:00","twitter_card":"summary_large_image","twitter_misc":{"Dur\u00e9e de lecture estim\u00e9e":"1 minute"},"schema":{"@context":"https:\/\/schema.org","@graph":[{"@type":"WebPage","@id":"https:\/\/www.cascade.it\/fr\/produits\/ajutages-pour-fontaines\/ajutages-speciaux\/","url":"https:\/\/www.cascade.it\/fr\/produits\/ajutages-pour-fontaines\/ajutages-speciaux\/","name":"Ajutages sp\u00e9ciaux pour fontaines - Cascade","isPartOf":{"@id":"https:\/\/www.cascade.it\/fr\/#website"},"datePublished":"2020-02-27T11:02:06+00:00","dateModified":"2020-06-18T13:14:48+00:00","description":"Ajutages sp\u00e9ciaux pour fontaines, con\u00e7us et fabriqu\u00e9s pour obtenir des effets d'eau particuliers et inhabituels, enti\u00e8rement en m\u00e9tal, fabriqu\u00e9s en Italie.","breadcrumb":{"@id":"https:\/\/www.cascade.it\/fr\/produits\/ajutages-pour-fontaines\/ajutages-speciaux\/#breadcrumb"},"inLanguage":"fr-FR","potentialAction":[{"@type":"ReadAction","target":["https:\/\/www.cascade.it\/fr\/produits\/ajutages-pour-fontaines\/ajutages-speciaux\/"]}]},{"@type":"BreadcrumbList","@id":"https:\/\/www.cascade.it\/fr\/produits\/ajutages-pour-fontaines\/ajutages-speciaux\/#breadcrumb","itemListElement":[{"@type":"ListItem","position":1,"name":"Home","item":"https:\/\/www.cascade.it\/fr\/"},{"@type":"ListItem","position":2,"name":"Produits","item":"https:\/\/www.cascade.it\/fr\/produits\/"},{"@type":"ListItem","position":3,"name":"Ajutages pour fontaines","item":"https:\/\/www.cascade.it\/fr\/produits\/ajutages-pour-fontaines\/"},{"@type":"ListItem","position":4,"name":"Ajutages sp\u00e9ciaux"}]},{"@type":"WebSite","@id":"https:\/\/www.cascade.it\/fr\/#website","url":"https:\/\/www.cascade.it\/fr\/","name":"Cascade","description":"More than a fountain","potentialAction":[{"@type":"SearchAction","target":{"@type":"EntryPoint","urlTemplate":"https:\/\/www.cascade.it\/fr\/?s={search_term_string}"},"query-input":{"@type":"PropertyValueSpecification","valueRequired":true,"valueName":"search_term_string"}}],"inLanguage":"fr-FR"}]}},"_links":{"self":[{"href":"https:\/\/www.cascade.it\/fr\/wp-json\/wp\/v2\/pages\/8753","targetHints":{"allow":["GET"]}}],"collection":[{"href":"https:\/\/www.cascade.it\/fr\/wp-json\/wp\/v2\/pages"}],"about":[{"href":"https:\/\/www.cascade.it\/fr\/wp-json\/wp\/v2\/types\/page"}],"author":[{"embeddable":true,"href":"https:\/\/www.cascade.it\/fr\/wp-json\/wp\/v2\/users\/1"}],"replies":[{"embeddable":true,"href":"https:\/\/www.cascade.it\/fr\/wp-json\/wp\/v2\/comments?post=8753"}],"version-history":[{"count":4,"href":"https:\/\/www.cascade.it\/fr\/wp-json\/wp\/v2\/pages\/8753\/revisions"}],"predecessor-version":[{"id":9890,"href":"https:\/\/www.cascade.it\/fr\/wp-json\/wp\/v2\/pages\/8753\/revisions\/9890"}],"up":[{"embeddable":true,"href":"https:\/\/www.cascade.it\/fr\/wp-json\/wp\/v2\/pages\/8728"}],"wp:attachment":[{"href":"https:\/\/www.cascade.it\/fr\/wp-json\/wp\/v2\/media?parent=8753"}],"curies":[{"name":"wp","href":"https:\/\/api.w.org\/{rel}","templated":true}]}}