{"id":8703,"date":"2020-02-26T16:07:20","date_gmt":"2020-02-26T15:07:20","guid":{"rendered":"https:\/\/www.cascade.it\/new\/sistemi-di-controllo-per-fontane\/"},"modified":"2020-07-15T10:44:23","modified_gmt":"2020-07-15T08:44:23","slug":"systemes-de-controle-pour-fontaines","status":"publish","type":"page","link":"https:\/\/www.cascade.it\/fr\/produits\/systemes-de-controle-pour-fontaines\/","title":{"rendered":"Syst\u00e8mes de contr\u00f4le pour fontaines"},"content":{"rendered":"<p>[vc_row][vc_column width=\u00a0\u00bb1\/6&Prime;][\/vc_column][vc_column width=\u00a0\u00bb2\/3&Prime;][vc_custom_heading text=\u00a0\u00bbSyst\u00e8mes de contr\u00f4le pour fontaines\u00a0\u00bb font_container=\u00a0\u00bbtag:h1|font_size:40|text_align:left|color:%231e73be\u00a0\u00bb use_theme_fonts=\u00a0\u00bb\u00a0\u00bb google_fonts=\u00a0\u00bbfont_family:Roboto%3A100%2C100italic%2C300%2C300italic%2Cregular%2Citalic%2C500%2C500italic%2C700%2C700italic%2C900%2C900italic|font_style:300%20light%20regular%3A300%3Anormal\u00a0\u00bb responsive_font_size=\u00a0\u00bbyes\u00a0\u00bb custom_font_size_tab=\u00a0\u00bb40&Prime; custom_font_size_mobile=\u00a0\u00bb30&Prime;][\/vc_column][vc_column width=\u00a0\u00bb1\/6&Prime;][\/vc_column][\/vc_row]<\/p>\n","protected":false},"excerpt":{"rendered":"<p>[vc_row][vc_column width=\u00a0\u00bb1\/6&Prime;][\/vc_column][vc_column width=\u00a0\u00bb2\/3&Prime;][vc_custom_heading text=\u00a0\u00bbSyst\u00e8mes de contr\u00f4le pour fontaines\u00a0\u00bb font_container=\u00a0\u00bbtag:h1|font_size:40|text_align:left|color:%231e73be\u00a0\u00bb use_theme_fonts=\u00a0\u00bb\u00a0\u00bb google_fonts=\u00a0\u00bbfont_family:Roboto%3A100%2C100italic%2C300%2C300italic%2Cregular%2Citalic%2C500%2C500italic%2C700%2C700italic%2C900%2C900italic|font_style:300%20light%20regular%3A300%3Anormal\u00a0\u00bb responsive_font_size=\u00a0\u00bbyes\u00a0\u00bb custom_font_size_tab=\u00a0\u00bb40&Prime; custom_font_size_mobile=\u00a0\u00bb30&Prime;][\/vc_column][vc_column width=\u00a0\u00bb1\/6&Prime;][\/vc_column][\/vc_row]<\/p>\n","protected":false},"author":1,"featured_media":0,"parent":9798,"menu_order":0,"comment_status":"closed","ping_status":"closed","template":"","meta":{"footnotes":""},"class_list":["post-8703","page","type-page","status-publish","hentry"],"yoast_head":"<!-- This site is optimized with the Yoast SEO plugin v26.7 - https:\/\/yoast.com\/wordpress\/plugins\/seo\/ -->\n<title>Syst\u00e8mes de contr\u00f4le pour fontaines - Cascade<\/title>\n<meta name=\"description\" content=\"Syst\u00e8mes de contr\u00f4le pour fontaines: contr\u00f4le an\u00e9mom\u00e9trique du vent, contr\u00f4le du niveau d&#039;eau, contr\u00f4le DMX, tableaux \u00e9lectriques de commande et gestion.\" \/>\n<meta name=\"robots\" content=\"index, follow, max-snippet:-1, max-image-preview:large, max-video-preview:-1\" \/>\n<link rel=\"canonical\" href=\"https:\/\/www.cascade.it\/fr\/produits\/systemes-de-controle-pour-fontaines\/\" \/>\n<meta property=\"og:locale\" content=\"fr_FR\" \/>\n<meta property=\"og:type\" content=\"article\" \/>\n<meta property=\"og:title\" content=\"Syst\u00e8mes de contr\u00f4le pour fontaines - Cascade\" \/>\n<meta property=\"og:description\" content=\"Syst\u00e8mes de contr\u00f4le pour fontaines: contr\u00f4le an\u00e9mom\u00e9trique du vent, contr\u00f4le du niveau d&#039;eau, contr\u00f4le DMX, tableaux \u00e9lectriques de commande et gestion.\" \/>\n<meta property=\"og:url\" content=\"https:\/\/www.cascade.it\/fr\/produits\/systemes-de-controle-pour-fontaines\/\" \/>\n<meta property=\"og:site_name\" content=\"Cascade\" \/>\n<meta property=\"article:modified_time\" content=\"2020-07-15T08:44:23+00:00\" \/>\n<meta name=\"twitter:card\" content=\"summary_large_image\" \/>\n<!-- \/ Yoast SEO plugin. -->","yoast_head_json":{"title":"Syst\u00e8mes de contr\u00f4le pour fontaines - Cascade","description":"Syst\u00e8mes de contr\u00f4le pour fontaines: contr\u00f4le an\u00e9mom\u00e9trique du vent, contr\u00f4le du niveau d'eau, contr\u00f4le DMX, tableaux \u00e9lectriques de commande et gestion.","robots":{"index":"index","follow":"follow","max-snippet":"max-snippet:-1","max-image-preview":"max-image-preview:large","max-video-preview":"max-video-preview:-1"},"canonical":"https:\/\/www.cascade.it\/fr\/produits\/systemes-de-controle-pour-fontaines\/","og_locale":"fr_FR","og_type":"article","og_title":"Syst\u00e8mes de contr\u00f4le pour fontaines - Cascade","og_description":"Syst\u00e8mes de contr\u00f4le pour fontaines: contr\u00f4le an\u00e9mom\u00e9trique du vent, contr\u00f4le du niveau d'eau, contr\u00f4le DMX, tableaux \u00e9lectriques de commande et gestion.","og_url":"https:\/\/www.cascade.it\/fr\/produits\/systemes-de-controle-pour-fontaines\/","og_site_name":"Cascade","article_modified_time":"2020-07-15T08:44:23+00:00","twitter_card":"summary_large_image","schema":{"@context":"https:\/\/schema.org","@graph":[{"@type":"WebPage","@id":"https:\/\/www.cascade.it\/fr\/produits\/systemes-de-controle-pour-fontaines\/","url":"https:\/\/www.cascade.it\/fr\/produits\/systemes-de-controle-pour-fontaines\/","name":"Syst\u00e8mes de contr\u00f4le pour fontaines - Cascade","isPartOf":{"@id":"https:\/\/www.cascade.it\/fr\/#website"},"datePublished":"2020-02-26T15:07:20+00:00","dateModified":"2020-07-15T08:44:23+00:00","description":"Syst\u00e8mes de contr\u00f4le pour fontaines: contr\u00f4le an\u00e9mom\u00e9trique du vent, contr\u00f4le du niveau d'eau, contr\u00f4le DMX, tableaux \u00e9lectriques de commande et gestion.","breadcrumb":{"@id":"https:\/\/www.cascade.it\/fr\/produits\/systemes-de-controle-pour-fontaines\/#breadcrumb"},"inLanguage":"fr-FR","potentialAction":[{"@type":"ReadAction","target":["https:\/\/www.cascade.it\/fr\/produits\/systemes-de-controle-pour-fontaines\/"]}]},{"@type":"BreadcrumbList","@id":"https:\/\/www.cascade.it\/fr\/produits\/systemes-de-controle-pour-fontaines\/#breadcrumb","itemListElement":[{"@type":"ListItem","position":1,"name":"Home","item":"https:\/\/www.cascade.it\/fr\/"},{"@type":"ListItem","position":2,"name":"Produits","item":"https:\/\/www.cascade.it\/fr\/produits\/"},{"@type":"ListItem","position":3,"name":"Syst\u00e8mes de contr\u00f4le pour fontaines"}]},{"@type":"WebSite","@id":"https:\/\/www.cascade.it\/fr\/#website","url":"https:\/\/www.cascade.it\/fr\/","name":"Cascade","description":"More than a fountain","potentialAction":[{"@type":"SearchAction","target":{"@type":"EntryPoint","urlTemplate":"https:\/\/www.cascade.it\/fr\/?s={search_term_string}"},"query-input":{"@type":"PropertyValueSpecification","valueRequired":true,"valueName":"search_term_string"}}],"inLanguage":"fr-FR"}]}},"_links":{"self":[{"href":"https:\/\/www.cascade.it\/fr\/wp-json\/wp\/v2\/pages\/8703","targetHints":{"allow":["GET"]}}],"collection":[{"href":"https:\/\/www.cascade.it\/fr\/wp-json\/wp\/v2\/pages"}],"about":[{"href":"https:\/\/www.cascade.it\/fr\/wp-json\/wp\/v2\/types\/page"}],"author":[{"embeddable":true,"href":"https:\/\/www.cascade.it\/fr\/wp-json\/wp\/v2\/users\/1"}],"replies":[{"embeddable":true,"href":"https:\/\/www.cascade.it\/fr\/wp-json\/wp\/v2\/comments?post=8703"}],"version-history":[{"count":4,"href":"https:\/\/www.cascade.it\/fr\/wp-json\/wp\/v2\/pages\/8703\/revisions"}],"predecessor-version":[{"id":10119,"href":"https:\/\/www.cascade.it\/fr\/wp-json\/wp\/v2\/pages\/8703\/revisions\/10119"}],"up":[{"embeddable":true,"href":"https:\/\/www.cascade.it\/fr\/wp-json\/wp\/v2\/pages\/9798"}],"wp:attachment":[{"href":"https:\/\/www.cascade.it\/fr\/wp-json\/wp\/v2\/media?parent=8703"}],"curies":[{"name":"wp","href":"https:\/\/api.w.org\/{rel}","templated":true}]}}