{"id":8697,"date":"2020-03-03T09:34:33","date_gmt":"2020-03-03T08:34:33","guid":{"rendered":"https:\/\/www.cascade.it\/new\/punte-luminose-per-pali\/punte-luminose-per-terminali-pali\/"},"modified":"2020-07-15T09:20:15","modified_gmt":"2020-07-15T07:20:15","slug":"pointes-lumineuses-pour-terminaux-poteaux","status":"publish","type":"page","link":"https:\/\/www.cascade.it\/fr\/produits\/pointes-lumineuses-poteaux\/pointes-lumineuses-pour-terminaux-poteaux\/","title":{"rendered":"Pointes lumineuses pour terminaux poteaux"},"content":{"rendered":"<p>[vc_row][vc_column width=\u00a0\u00bb1\/6&Prime;][\/vc_column][vc_column width=\u00a0\u00bb2\/3&Prime;][vc_custom_heading text=\u00a0\u00bbPointes lumineuses LED pour terminaux poteaux \u00e9lectriques\u00a0\u00bb font_container=\u00a0\u00bbtag:h1|font_size:40|text_align:left|color:%231e73be\u00a0\u00bb use_theme_fonts=\u00a0\u00bb\u00a0\u00bb google_fonts=\u00a0\u00bbfont_family:Roboto%3A100%2C100italic%2C300%2C300italic%2Cregular%2Citalic%2C500%2C500italic%2C700%2C700italic%2C900%2C900italic|font_style:300%20light%20regular%3A300%3Anormal\u00a0\u00bb spacing_heading=\u00a0\u00bb\u00a0\u00bb spacing_heading_tab=\u00a0\u00bb\u00a0\u00bb spacing_heading_mobile=\u00a0\u00bb\u00a0\u00bb responsive_font_size=\u00a0\u00bbyes\u00a0\u00bb custom_font_size_tab=\u00a0\u00bb40&Prime; custom_font_size_mobile=\u00a0\u00bb30&Prime;]<div class=\"woocommerce columns-5 \"><ul class=\"products columns-5 agni-products agni-products-5-column\" style=\"margin: 0 -5px;\" data-shop-grid=\"masonry\" data-gutter=\"10\" ><li class=\"shop-column product-hover-style-2 text-center  animate product type-product post-3165 status-publish first instock product_cat-pointes-lumineuses-terminaux-poteaux has-post-thumbnail shipping-taxable product-type-simple\" style=\" -webkit-animation-duration: 0.8s; -webkit-animation-delay: 0.4s; animation-duration: 0.8s; animation-delay: 0.4s; margin: 5px 0; padding: 0 5px;\"  data-animation=\"fadeInUp\" data-animation-offset=\"100%\">\n\t\n\t<div class=\"product-thumbnail\"><a href=\"https:\/\/www.cascade.it\/fr\/prodotto\/pointe-lumineuse-led-poteaux\/\" class=\"woocommerce-LoopProduct-link woocommerce-loop-product__link\"><img loading=\"lazy\" decoding=\"async\" width=\"300\" height=\"300\" src=\"https:\/\/www.cascade.it\/new\/wp-content\/uploads\/Prodotti\/Punte_luminose_pali\/Punte_luminose_terminali_pali\/PUNTA-20060-300x300.jpg\" class=\"attachment-shop_catalog size-shop_catalog wp-post-image\" alt=\"PUNTA 20060\" title=\"PUNTA 20060\" srcset=\"https:\/\/www.cascade.it\/new\/wp-content\/uploads\/Prodotti\/Punte_luminose_pali\/Punte_luminose_terminali_pali\/PUNTA-20060-300x300.jpg 300w, https:\/\/www.cascade.it\/new\/wp-content\/uploads\/Prodotti\/Punte_luminose_pali\/Punte_luminose_terminali_pali\/PUNTA-20060-150x150.jpg 150w, https:\/\/www.cascade.it\/new\/wp-content\/uploads\/Prodotti\/Punte_luminose_pali\/Punte_luminose_terminali_pali\/PUNTA-20060-768x768.jpg 768w, https:\/\/www.cascade.it\/new\/wp-content\/uploads\/Prodotti\/Punte_luminose_pali\/Punte_luminose_terminali_pali\/PUNTA-20060-1024x1024.jpg 1024w, https:\/\/www.cascade.it\/new\/wp-content\/uploads\/Prodotti\/Punte_luminose_pali\/Punte_luminose_terminali_pali\/PUNTA-20060-960x960.jpg 960w, https:\/\/www.cascade.it\/new\/wp-content\/uploads\/Prodotti\/Punte_luminose_pali\/Punte_luminose_terminali_pali\/PUNTA-20060-600x600.jpg 600w, https:\/\/www.cascade.it\/new\/wp-content\/uploads\/Prodotti\/Punte_luminose_pali\/Punte_luminose_terminali_pali\/PUNTA-20060-100x100.jpg 100w, https:\/\/www.cascade.it\/new\/wp-content\/uploads\/Prodotti\/Punte_luminose_pali\/Punte_luminose_terminali_pali\/PUNTA-20060.jpg 1300w\" sizes=\"auto, (max-width: 300px) 100vw, 300px\" \/><\/a><div class=\"buttons product-buttons\"><\/div><\/div><div class=\"product-content\" ><h5 class=\"product-title\"><a href=\"https:\/\/www.cascade.it\/fr\/prodotto\/pointe-lumineuse-led-poteaux\/\">Pointes lumineuses LED s\u00e9rie 200<\/a><\/h5><div class=\"product-meta\"><\/div><\/div>\n<\/li>\n<li class=\"shop-column product-hover-style-2 text-center  animate product type-product post-3180 status-publish instock product_cat-pointes-lumineuses-terminaux-poteaux has-post-thumbnail shipping-taxable product-type-simple\" style=\" -webkit-animation-duration: 0.8s; -webkit-animation-delay: 0.8s; animation-duration: 0.8s; animation-delay: 0.8s; margin: 5px 0; padding: 0 5px;\"  data-animation=\"fadeInUp\" data-animation-offset=\"100%\">\n\t\n\t<div class=\"product-thumbnail\"><a href=\"https:\/\/www.cascade.it\/fr\/prodotto\/pointes-lumineuses-500-600\/\" class=\"woocommerce-LoopProduct-link woocommerce-loop-product__link\"><img loading=\"lazy\" decoding=\"async\" width=\"300\" height=\"300\" src=\"https:\/\/www.cascade.it\/new\/wp-content\/uploads\/Prodotti\/Punte_luminose_pali\/Punte_luminose_terminali_pali\/PUNTA-50060-300x300.jpg\" class=\"attachment-shop_catalog size-shop_catalog wp-post-image\" alt=\"PUNTA 50060\" title=\"PUNTA 50060\" srcset=\"https:\/\/www.cascade.it\/new\/wp-content\/uploads\/Prodotti\/Punte_luminose_pali\/Punte_luminose_terminali_pali\/PUNTA-50060-300x300.jpg 300w, https:\/\/www.cascade.it\/new\/wp-content\/uploads\/Prodotti\/Punte_luminose_pali\/Punte_luminose_terminali_pali\/PUNTA-50060-150x150.jpg 150w, https:\/\/www.cascade.it\/new\/wp-content\/uploads\/Prodotti\/Punte_luminose_pali\/Punte_luminose_terminali_pali\/PUNTA-50060-768x768.jpg 768w, https:\/\/www.cascade.it\/new\/wp-content\/uploads\/Prodotti\/Punte_luminose_pali\/Punte_luminose_terminali_pali\/PUNTA-50060-1024x1024.jpg 1024w, https:\/\/www.cascade.it\/new\/wp-content\/uploads\/Prodotti\/Punte_luminose_pali\/Punte_luminose_terminali_pali\/PUNTA-50060-960x960.jpg 960w, https:\/\/www.cascade.it\/new\/wp-content\/uploads\/Prodotti\/Punte_luminose_pali\/Punte_luminose_terminali_pali\/PUNTA-50060-600x600.jpg 600w, https:\/\/www.cascade.it\/new\/wp-content\/uploads\/Prodotti\/Punte_luminose_pali\/Punte_luminose_terminali_pali\/PUNTA-50060-100x100.jpg 100w, https:\/\/www.cascade.it\/new\/wp-content\/uploads\/Prodotti\/Punte_luminose_pali\/Punte_luminose_terminali_pali\/PUNTA-50060.jpg 1300w\" sizes=\"auto, (max-width: 300px) 100vw, 300px\" \/><\/a><div class=\"buttons product-buttons\"><\/div><\/div><div class=\"product-content\" ><h5 class=\"product-title\"><a href=\"https:\/\/www.cascade.it\/fr\/prodotto\/pointes-lumineuses-500-600\/\">Pointes lumineuses LED s\u00e9rie 500-600<\/a><\/h5><div class=\"product-meta\"><\/div><\/div>\n<\/li>\n<\/ul><\/div>[\/vc_column][vc_column width=\u00a0\u00bb1\/6&Prime;][\/vc_column][\/vc_row]<\/p>\n","protected":false},"excerpt":{"rendered":"<p>[vc_row][vc_column width=\u00a0\u00bb1\/6&Prime;][\/vc_column][vc_column width=\u00a0\u00bb2\/3&Prime;][vc_custom_heading text=\u00a0\u00bbPointes lumineuses LED pour terminaux poteaux \u00e9lectriques\u00a0\u00bb font_container=\u00a0\u00bbtag:h1|font_size:40|text_align:left|color:%231e73be\u00a0\u00bb use_theme_fonts=\u00a0\u00bb\u00a0\u00bb google_fonts=\u00a0\u00bbfont_family:Roboto%3A100%2C100italic%2C300%2C300italic%2Cregular%2Citalic%2C500%2C500italic%2C700%2C700italic%2C900%2C900italic|font_style:300%20light%20regular%3A300%3Anormal\u00a0\u00bb spacing_heading=\u00a0\u00bb\u00a0\u00bb spacing_heading_tab=\u00a0\u00bb\u00a0\u00bb spacing_heading_mobile=\u00a0\u00bb\u00a0\u00bb responsive_font_size=\u00a0\u00bbyes\u00a0\u00bb custom_font_size_tab=\u00a0\u00bb40&Prime; custom_font_size_mobile=\u00a0\u00bb30&Prime;][\/vc_column][vc_column width=\u00a0\u00bb1\/6&Prime;][\/vc_column][\/vc_row]<\/p>\n","protected":false},"author":1,"featured_media":0,"parent":8689,"menu_order":0,"comment_status":"closed","ping_status":"closed","template":"","meta":{"footnotes":""},"class_list":["post-8697","page","type-page","status-publish","hentry"],"yoast_head":"<!-- This site is optimized with the Yoast SEO plugin v26.7 - https:\/\/yoast.com\/wordpress\/plugins\/seo\/ -->\n<title>Pointes lumineuses LED pour terminaux des poteaux - Cascade<\/title>\n<meta name=\"description\" content=\"Pointes LED pour terminaux de poteaux de rue pour l&#039;\u00e9clairage public de 60 mm \u00e0 75 mm de diam\u00e8tre dans la t\u00eate. Complet avec lampe LED et c\u00e2ble.\" \/>\n<meta name=\"robots\" content=\"index, follow, max-snippet:-1, max-image-preview:large, max-video-preview:-1\" \/>\n<link rel=\"canonical\" href=\"https:\/\/www.cascade.it\/fr\/produits\/pointes-lumineuses-poteaux\/pointes-lumineuses-pour-terminaux-poteaux\/\" \/>\n<meta property=\"og:locale\" content=\"fr_FR\" \/>\n<meta property=\"og:type\" content=\"article\" \/>\n<meta property=\"og:title\" content=\"Pointes lumineuses LED pour terminaux des poteaux - Cascade\" \/>\n<meta property=\"og:description\" content=\"Pointes LED pour terminaux de poteaux de rue pour l&#039;\u00e9clairage public de 60 mm \u00e0 75 mm de diam\u00e8tre dans la t\u00eate. Complet avec lampe LED et c\u00e2ble.\" \/>\n<meta property=\"og:url\" content=\"https:\/\/www.cascade.it\/fr\/produits\/pointes-lumineuses-poteaux\/pointes-lumineuses-pour-terminaux-poteaux\/\" \/>\n<meta property=\"og:site_name\" content=\"Cascade\" \/>\n<meta property=\"article:modified_time\" content=\"2020-07-15T07:20:15+00:00\" \/>\n<meta name=\"twitter:card\" content=\"summary_large_image\" \/>\n<meta name=\"twitter:label1\" content=\"Dur\u00e9e de lecture estim\u00e9e\" \/>\n\t<meta name=\"twitter:data1\" content=\"1 minute\" \/>\n<!-- \/ Yoast SEO plugin. -->","yoast_head_json":{"title":"Pointes lumineuses LED pour terminaux des poteaux - Cascade","description":"Pointes LED pour terminaux de poteaux de rue pour l'\u00e9clairage public de 60 mm \u00e0 75 mm de diam\u00e8tre dans la t\u00eate. Complet avec lampe LED et c\u00e2ble.","robots":{"index":"index","follow":"follow","max-snippet":"max-snippet:-1","max-image-preview":"max-image-preview:large","max-video-preview":"max-video-preview:-1"},"canonical":"https:\/\/www.cascade.it\/fr\/produits\/pointes-lumineuses-poteaux\/pointes-lumineuses-pour-terminaux-poteaux\/","og_locale":"fr_FR","og_type":"article","og_title":"Pointes lumineuses LED pour terminaux des poteaux - Cascade","og_description":"Pointes LED pour terminaux de poteaux de rue pour l'\u00e9clairage public de 60 mm \u00e0 75 mm de diam\u00e8tre dans la t\u00eate. Complet avec lampe LED et c\u00e2ble.","og_url":"https:\/\/www.cascade.it\/fr\/produits\/pointes-lumineuses-poteaux\/pointes-lumineuses-pour-terminaux-poteaux\/","og_site_name":"Cascade","article_modified_time":"2020-07-15T07:20:15+00:00","twitter_card":"summary_large_image","twitter_misc":{"Dur\u00e9e de lecture estim\u00e9e":"1 minute"},"schema":{"@context":"https:\/\/schema.org","@graph":[{"@type":"WebPage","@id":"https:\/\/www.cascade.it\/fr\/produits\/pointes-lumineuses-poteaux\/pointes-lumineuses-pour-terminaux-poteaux\/","url":"https:\/\/www.cascade.it\/fr\/produits\/pointes-lumineuses-poteaux\/pointes-lumineuses-pour-terminaux-poteaux\/","name":"Pointes lumineuses LED pour terminaux des poteaux - Cascade","isPartOf":{"@id":"https:\/\/www.cascade.it\/fr\/#website"},"datePublished":"2020-03-03T08:34:33+00:00","dateModified":"2020-07-15T07:20:15+00:00","description":"Pointes LED pour terminaux de poteaux de rue pour l'\u00e9clairage public de 60 mm \u00e0 75 mm de diam\u00e8tre dans la t\u00eate. Complet avec lampe LED et c\u00e2ble.","breadcrumb":{"@id":"https:\/\/www.cascade.it\/fr\/produits\/pointes-lumineuses-poteaux\/pointes-lumineuses-pour-terminaux-poteaux\/#breadcrumb"},"inLanguage":"fr-FR","potentialAction":[{"@type":"ReadAction","target":["https:\/\/www.cascade.it\/fr\/produits\/pointes-lumineuses-poteaux\/pointes-lumineuses-pour-terminaux-poteaux\/"]}]},{"@type":"BreadcrumbList","@id":"https:\/\/www.cascade.it\/fr\/produits\/pointes-lumineuses-poteaux\/pointes-lumineuses-pour-terminaux-poteaux\/#breadcrumb","itemListElement":[{"@type":"ListItem","position":1,"name":"Home","item":"https:\/\/www.cascade.it\/fr\/"},{"@type":"ListItem","position":2,"name":"Produits","item":"https:\/\/www.cascade.it\/fr\/produits\/"},{"@type":"ListItem","position":3,"name":"Pointes LED pour poteaux","item":"https:\/\/www.cascade.it\/fr\/produits\/pointes-lumineuses-poteaux\/"},{"@type":"ListItem","position":4,"name":"Pointes lumineuses pour terminaux poteaux"}]},{"@type":"WebSite","@id":"https:\/\/www.cascade.it\/fr\/#website","url":"https:\/\/www.cascade.it\/fr\/","name":"Cascade","description":"More than a fountain","potentialAction":[{"@type":"SearchAction","target":{"@type":"EntryPoint","urlTemplate":"https:\/\/www.cascade.it\/fr\/?s={search_term_string}"},"query-input":{"@type":"PropertyValueSpecification","valueRequired":true,"valueName":"search_term_string"}}],"inLanguage":"fr-FR"}]}},"_links":{"self":[{"href":"https:\/\/www.cascade.it\/fr\/wp-json\/wp\/v2\/pages\/8697","targetHints":{"allow":["GET"]}}],"collection":[{"href":"https:\/\/www.cascade.it\/fr\/wp-json\/wp\/v2\/pages"}],"about":[{"href":"https:\/\/www.cascade.it\/fr\/wp-json\/wp\/v2\/types\/page"}],"author":[{"embeddable":true,"href":"https:\/\/www.cascade.it\/fr\/wp-json\/wp\/v2\/users\/1"}],"replies":[{"embeddable":true,"href":"https:\/\/www.cascade.it\/fr\/wp-json\/wp\/v2\/comments?post=8697"}],"version-history":[{"count":4,"href":"https:\/\/www.cascade.it\/fr\/wp-json\/wp\/v2\/pages\/8697\/revisions"}],"predecessor-version":[{"id":10110,"href":"https:\/\/www.cascade.it\/fr\/wp-json\/wp\/v2\/pages\/8697\/revisions\/10110"}],"up":[{"embeddable":true,"href":"https:\/\/www.cascade.it\/fr\/wp-json\/wp\/v2\/pages\/8689"}],"wp:attachment":[{"href":"https:\/\/www.cascade.it\/fr\/wp-json\/wp\/v2\/media?parent=8697"}],"curies":[{"name":"wp","href":"https:\/\/api.w.org\/{rel}","templated":true}]}}