{"id":8689,"date":"2020-02-27T11:37:49","date_gmt":"2020-02-27T10:37:49","guid":{"rendered":"https:\/\/www.cascade.it\/new\/punte-luminose-per-pali\/"},"modified":"2020-10-09T17:15:56","modified_gmt":"2020-10-09T15:15:56","slug":"pointes-lumineuses-poteaux","status":"publish","type":"page","link":"https:\/\/www.cascade.it\/fr\/produits\/pointes-lumineuses-poteaux\/","title":{"rendered":"Pointes LED pour poteaux"},"content":{"rendered":"<p>[vc_row][vc_column width=\u00a0\u00bb1\/6&Prime;][\/vc_column][vc_column width=\u00a0\u00bb2\/3&Prime;][vc_custom_heading text=\u00a0\u00bbPointes lumineuses LED pour poteaux\u00a0\u00bb font_container=\u00a0\u00bbtag:h1|font_size:40|text_align:left|color:%231e73be\u00a0\u00bb use_theme_fonts=\u00a0\u00bb\u00a0\u00bb google_fonts=\u00a0\u00bbfont_family:Roboto%3A100%2C100italic%2C300%2C300italic%2Cregular%2Citalic%2C500%2C500italic%2C700%2C700italic%2C900%2C900italic|font_style:300%20light%20regular%3A300%3Anormal\u00a0\u00bb responsive_font_size=\u00a0\u00bbyes\u00a0\u00bb custom_font_size_tab=\u00a0\u00bb40&Prime; custom_font_size_mobile=\u00a0\u00bb30&Prime;][\/vc_column][vc_column width=\u00a0\u00bb1\/6&Prime;][\/vc_column][\/vc_row]<\/p>\n","protected":false},"excerpt":{"rendered":"<p>[vc_row][vc_column width=\u00a0\u00bb1\/6&Prime;][\/vc_column][vc_column width=\u00a0\u00bb2\/3&Prime;][vc_custom_heading text=\u00a0\u00bbPointes lumineuses LED pour poteaux\u00a0\u00bb font_container=\u00a0\u00bbtag:h1|font_size:40|text_align:left|color:%231e73be\u00a0\u00bb use_theme_fonts=\u00a0\u00bb\u00a0\u00bb google_fonts=\u00a0\u00bbfont_family:Roboto%3A100%2C100italic%2C300%2C300italic%2Cregular%2Citalic%2C500%2C500italic%2C700%2C700italic%2C900%2C900italic|font_style:300%20light%20regular%3A300%3Anormal\u00a0\u00bb responsive_font_size=\u00a0\u00bbyes\u00a0\u00bb custom_font_size_tab=\u00a0\u00bb40&Prime; custom_font_size_mobile=\u00a0\u00bb30&Prime;][\/vc_column][vc_column width=\u00a0\u00bb1\/6&Prime;][\/vc_column][\/vc_row]<\/p>\n","protected":false},"author":1,"featured_media":0,"parent":9798,"menu_order":0,"comment_status":"closed","ping_status":"closed","template":"","meta":{"footnotes":""},"class_list":["post-8689","page","type-page","status-publish","hentry"],"yoast_head":"<!-- This site is optimized with the Yoast SEO plugin v26.7 - https:\/\/yoast.com\/wordpress\/plugins\/seo\/ -->\n<title>Pointes lumineuses LED pour poteaux - Cascade<\/title>\n<meta name=\"description\" content=\"Pointes lumineuses LED pour les terminaux des poteaux de rue et l&#039;\u00e9clairage public; Spots LED pour \u00e9clairage d\u00e9coratif.\" \/>\n<meta name=\"robots\" content=\"index, follow, max-snippet:-1, max-image-preview:large, max-video-preview:-1\" \/>\n<link rel=\"canonical\" href=\"https:\/\/www.cascade.it\/fr\/produits\/pointes-lumineuses-poteaux\/\" \/>\n<meta property=\"og:locale\" content=\"fr_FR\" \/>\n<meta property=\"og:type\" content=\"article\" \/>\n<meta property=\"og:title\" content=\"Pointes lumineuses LED pour poteaux - Cascade\" \/>\n<meta property=\"og:description\" content=\"Pointes lumineuses LED pour les terminaux des poteaux de rue et l&#039;\u00e9clairage public; Spots LED pour \u00e9clairage d\u00e9coratif.\" \/>\n<meta property=\"og:url\" content=\"https:\/\/www.cascade.it\/fr\/produits\/pointes-lumineuses-poteaux\/\" \/>\n<meta property=\"og:site_name\" content=\"Cascade\" \/>\n<meta property=\"article:modified_time\" content=\"2020-10-09T15:15:56+00:00\" \/>\n<meta name=\"twitter:card\" content=\"summary_large_image\" \/>\n<!-- \/ Yoast SEO plugin. -->","yoast_head_json":{"title":"Pointes lumineuses LED pour poteaux - Cascade","description":"Pointes lumineuses LED pour les terminaux des poteaux de rue et l'\u00e9clairage public; Spots LED pour \u00e9clairage d\u00e9coratif.","robots":{"index":"index","follow":"follow","max-snippet":"max-snippet:-1","max-image-preview":"max-image-preview:large","max-video-preview":"max-video-preview:-1"},"canonical":"https:\/\/www.cascade.it\/fr\/produits\/pointes-lumineuses-poteaux\/","og_locale":"fr_FR","og_type":"article","og_title":"Pointes lumineuses LED pour poteaux - Cascade","og_description":"Pointes lumineuses LED pour les terminaux des poteaux de rue et l'\u00e9clairage public; Spots LED pour \u00e9clairage d\u00e9coratif.","og_url":"https:\/\/www.cascade.it\/fr\/produits\/pointes-lumineuses-poteaux\/","og_site_name":"Cascade","article_modified_time":"2020-10-09T15:15:56+00:00","twitter_card":"summary_large_image","schema":{"@context":"https:\/\/schema.org","@graph":[{"@type":"WebPage","@id":"https:\/\/www.cascade.it\/fr\/produits\/pointes-lumineuses-poteaux\/","url":"https:\/\/www.cascade.it\/fr\/produits\/pointes-lumineuses-poteaux\/","name":"Pointes lumineuses LED pour poteaux - Cascade","isPartOf":{"@id":"https:\/\/www.cascade.it\/fr\/#website"},"datePublished":"2020-02-27T10:37:49+00:00","dateModified":"2020-10-09T15:15:56+00:00","description":"Pointes lumineuses LED pour les terminaux des poteaux de rue et l'\u00e9clairage public; Spots LED pour \u00e9clairage d\u00e9coratif.","breadcrumb":{"@id":"https:\/\/www.cascade.it\/fr\/produits\/pointes-lumineuses-poteaux\/#breadcrumb"},"inLanguage":"fr-FR","potentialAction":[{"@type":"ReadAction","target":["https:\/\/www.cascade.it\/fr\/produits\/pointes-lumineuses-poteaux\/"]}]},{"@type":"BreadcrumbList","@id":"https:\/\/www.cascade.it\/fr\/produits\/pointes-lumineuses-poteaux\/#breadcrumb","itemListElement":[{"@type":"ListItem","position":1,"name":"Home","item":"https:\/\/www.cascade.it\/fr\/"},{"@type":"ListItem","position":2,"name":"Produits","item":"https:\/\/www.cascade.it\/fr\/produits\/"},{"@type":"ListItem","position":3,"name":"Pointes LED pour poteaux"}]},{"@type":"WebSite","@id":"https:\/\/www.cascade.it\/fr\/#website","url":"https:\/\/www.cascade.it\/fr\/","name":"Cascade","description":"More than a fountain","potentialAction":[{"@type":"SearchAction","target":{"@type":"EntryPoint","urlTemplate":"https:\/\/www.cascade.it\/fr\/?s={search_term_string}"},"query-input":{"@type":"PropertyValueSpecification","valueRequired":true,"valueName":"search_term_string"}}],"inLanguage":"fr-FR"}]}},"_links":{"self":[{"href":"https:\/\/www.cascade.it\/fr\/wp-json\/wp\/v2\/pages\/8689","targetHints":{"allow":["GET"]}}],"collection":[{"href":"https:\/\/www.cascade.it\/fr\/wp-json\/wp\/v2\/pages"}],"about":[{"href":"https:\/\/www.cascade.it\/fr\/wp-json\/wp\/v2\/types\/page"}],"author":[{"embeddable":true,"href":"https:\/\/www.cascade.it\/fr\/wp-json\/wp\/v2\/users\/1"}],"replies":[{"embeddable":true,"href":"https:\/\/www.cascade.it\/fr\/wp-json\/wp\/v2\/comments?post=8689"}],"version-history":[{"count":5,"href":"https:\/\/www.cascade.it\/fr\/wp-json\/wp\/v2\/pages\/8689\/revisions"}],"predecessor-version":[{"id":10260,"href":"https:\/\/www.cascade.it\/fr\/wp-json\/wp\/v2\/pages\/8689\/revisions\/10260"}],"up":[{"embeddable":true,"href":"https:\/\/www.cascade.it\/fr\/wp-json\/wp\/v2\/pages\/9798"}],"wp:attachment":[{"href":"https:\/\/www.cascade.it\/fr\/wp-json\/wp\/v2\/media?parent=8689"}],"curies":[{"name":"wp","href":"https:\/\/api.w.org\/{rel}","templated":true}]}}