{"id":8682,"date":"2020-02-27T11:23:36","date_gmt":"2020-02-27T10:23:36","guid":{"rendered":"https:\/\/www.cascade.it\/new\/pompe-per-fontane\/pompe-sommergibili-a-24-vdc\/"},"modified":"2020-11-23T19:29:19","modified_gmt":"2020-11-23T18:29:19","slug":"pompes-submersibles-basse-tension","status":"publish","type":"page","link":"https:\/\/www.cascade.it\/fr\/produits\/pompes-pour-fontaines\/pompes-submersibles-basse-tension\/","title":{"rendered":"Pompes submersibles basse tension"},"content":{"rendered":"<p>[vc_row][vc_column width=\u00a0\u00bb1\/6&Prime;][\/vc_column][vc_column width=\u00a0\u00bb2\/3&Prime;][vc_custom_heading text=\u00a0\u00bbPompes submersibles basse tension pour fontaines\u00a0\u00bb font_container=\u00a0\u00bbtag:h1|font_size:40|text_align:left|color:%231e73be\u00a0\u00bb use_theme_fonts=\u00a0\u00bb\u00a0\u00bb google_fonts=\u00a0\u00bbfont_family:Roboto%3A100%2C100italic%2C300%2C300italic%2Cregular%2Citalic%2C500%2C500italic%2C700%2C700italic%2C900%2C900italic|font_style:300%20light%20regular%3A300%3Anormal\u00a0\u00bb responsive_font_size=\u00a0\u00bbyes\u00a0\u00bb custom_font_size_tab=\u00a0\u00bb40&Prime; custom_font_size_mobile=\u00a0\u00bb30&Prime;]<div class=\"woocommerce columns-5 \"><ul class=\"products columns-5 agni-products agni-products-5-column\" style=\"margin: 0 -5px;\" data-shop-grid=\"masonry\" data-gutter=\"10\" ><li class=\"shop-column product-hover-style-2 text-center  animate product type-product post-3158 status-publish first instock product_cat-pompes-submersibles-basse-tension has-post-thumbnail shipping-taxable product-type-simple\" style=\" -webkit-animation-duration: 0.8s; -webkit-animation-delay: 0.4s; animation-duration: 0.8s; animation-delay: 0.4s; margin: 5px 0; padding: 0 5px;\"  data-animation=\"fadeInUp\" data-animation-offset=\"100%\">\n\t\n\t<div class=\"product-thumbnail\"><a href=\"https:\/\/www.cascade.it\/fr\/prodotto\/cs-24-150-dmx-pwm\/\" class=\"woocommerce-LoopProduct-link woocommerce-loop-product__link\"><img loading=\"lazy\" decoding=\"async\" width=\"300\" height=\"300\" src=\"https:\/\/www.cascade.it\/new\/wp-content\/uploads\/Prodotti\/Pompe_per_fontane\/Pompe_sommergibili\/CS-24-150-DMX-PWM-1-300x300.jpg\" class=\"attachment-shop_catalog size-shop_catalog wp-post-image\" alt=\"CS 24-150 DMX-PWM\" title=\"CS 24-150 DMX-PWM\" srcset=\"https:\/\/www.cascade.it\/new\/wp-content\/uploads\/Prodotti\/Pompe_per_fontane\/Pompe_sommergibili\/CS-24-150-DMX-PWM-1-300x300.jpg 300w, https:\/\/www.cascade.it\/new\/wp-content\/uploads\/Prodotti\/Pompe_per_fontane\/Pompe_sommergibili\/CS-24-150-DMX-PWM-1-150x150.jpg 150w, https:\/\/www.cascade.it\/new\/wp-content\/uploads\/Prodotti\/Pompe_per_fontane\/Pompe_sommergibili\/CS-24-150-DMX-PWM-1-768x768.jpg 768w, https:\/\/www.cascade.it\/new\/wp-content\/uploads\/Prodotti\/Pompe_per_fontane\/Pompe_sommergibili\/CS-24-150-DMX-PWM-1-1024x1024.jpg 1024w, https:\/\/www.cascade.it\/new\/wp-content\/uploads\/Prodotti\/Pompe_per_fontane\/Pompe_sommergibili\/CS-24-150-DMX-PWM-1-960x960.jpg 960w, https:\/\/www.cascade.it\/new\/wp-content\/uploads\/Prodotti\/Pompe_per_fontane\/Pompe_sommergibili\/CS-24-150-DMX-PWM-1-600x600.jpg 600w, https:\/\/www.cascade.it\/new\/wp-content\/uploads\/Prodotti\/Pompe_per_fontane\/Pompe_sommergibili\/CS-24-150-DMX-PWM-1-100x100.jpg 100w, https:\/\/www.cascade.it\/new\/wp-content\/uploads\/Prodotti\/Pompe_per_fontane\/Pompe_sommergibili\/CS-24-150-DMX-PWM-1.jpg 1300w\" sizes=\"auto, (max-width: 300px) 100vw, 300px\" \/><\/a><div class=\"buttons product-buttons\"><\/div><\/div><div class=\"product-content\" ><h5 class=\"product-title\"><a href=\"https:\/\/www.cascade.it\/fr\/prodotto\/cs-24-150-dmx-pwm\/\">CS 24-150 DMX\/PWM<\/a><\/h5><div class=\"product-meta\"><\/div><\/div>\n<\/li>\n<li class=\"shop-column product-hover-style-2 text-center  animate product type-product post-3154 status-publish instock product_cat-pompes-submersibles-basse-tension has-post-thumbnail shipping-taxable product-type-simple\" style=\" -webkit-animation-duration: 0.8s; -webkit-animation-delay: 0.8s; animation-duration: 0.8s; animation-delay: 0.8s; margin: 5px 0; padding: 0 5px;\"  data-animation=\"fadeInUp\" data-animation-offset=\"100%\">\n\t\n\t<div class=\"product-thumbnail\"><a href=\"https:\/\/www.cascade.it\/fr\/prodotto\/cs-24-80-dmx-pwm\/\" class=\"woocommerce-LoopProduct-link woocommerce-loop-product__link\"><img loading=\"lazy\" decoding=\"async\" width=\"300\" height=\"300\" src=\"https:\/\/www.cascade.it\/new\/wp-content\/uploads\/Prodotti\/Pompe_per_fontane\/Pompe_sommergibili\/CS-24-80-DMX-PWM-300x300.jpg\" class=\"attachment-shop_catalog size-shop_catalog wp-post-image\" alt=\"CS 24-80 DMX-PWM\" title=\"CS 24-80 DMX-PWM\" srcset=\"https:\/\/www.cascade.it\/new\/wp-content\/uploads\/Prodotti\/Pompe_per_fontane\/Pompe_sommergibili\/CS-24-80-DMX-PWM-300x300.jpg 300w, https:\/\/www.cascade.it\/new\/wp-content\/uploads\/Prodotti\/Pompe_per_fontane\/Pompe_sommergibili\/CS-24-80-DMX-PWM-150x150.jpg 150w, https:\/\/www.cascade.it\/new\/wp-content\/uploads\/Prodotti\/Pompe_per_fontane\/Pompe_sommergibili\/CS-24-80-DMX-PWM-768x768.jpg 768w, https:\/\/www.cascade.it\/new\/wp-content\/uploads\/Prodotti\/Pompe_per_fontane\/Pompe_sommergibili\/CS-24-80-DMX-PWM-1024x1024.jpg 1024w, https:\/\/www.cascade.it\/new\/wp-content\/uploads\/Prodotti\/Pompe_per_fontane\/Pompe_sommergibili\/CS-24-80-DMX-PWM-960x960.jpg 960w, https:\/\/www.cascade.it\/new\/wp-content\/uploads\/Prodotti\/Pompe_per_fontane\/Pompe_sommergibili\/CS-24-80-DMX-PWM-600x600.jpg 600w, https:\/\/www.cascade.it\/new\/wp-content\/uploads\/Prodotti\/Pompe_per_fontane\/Pompe_sommergibili\/CS-24-80-DMX-PWM-100x100.jpg 100w, https:\/\/www.cascade.it\/new\/wp-content\/uploads\/Prodotti\/Pompe_per_fontane\/Pompe_sommergibili\/CS-24-80-DMX-PWM.jpg 1300w\" sizes=\"auto, (max-width: 300px) 100vw, 300px\" \/><\/a><div class=\"buttons product-buttons\"><\/div><\/div><div class=\"product-content\" ><h5 class=\"product-title\"><a href=\"https:\/\/www.cascade.it\/fr\/prodotto\/cs-24-80-dmx-pwm\/\">CS 24-80 DMX\/PWM<\/a><\/h5><div class=\"product-meta\"><\/div><\/div>\n<\/li>\n<li class=\"shop-column product-hover-style-2 text-center  animate product type-product post-10469 status-publish instock product_cat-pompes-submersibles-basse-tension has-post-thumbnail shipping-taxable product-type-simple\" style=\" -webkit-animation-duration: 0.8s; -webkit-animation-delay: 1.2s; animation-duration: 0.8s; animation-delay: 1.2s; margin: 5px 0; padding: 0 5px;\"  data-animation=\"fadeInUp\" data-animation-offset=\"100%\">\n\t\n\t<div class=\"product-thumbnail\"><a href=\"https:\/\/www.cascade.it\/fr\/prodotto\/pompe-submersible-fontaines-pcb-140\/\" class=\"woocommerce-LoopProduct-link woocommerce-loop-product__link\"><img loading=\"lazy\" decoding=\"async\" width=\"300\" height=\"300\" src=\"https:\/\/www.cascade.it\/new\/wp-content\/uploads\/2020\/11\/PCB-140-L-300x300.jpg\" class=\"attachment-shop_catalog size-shop_catalog wp-post-image\" alt=\"PCB 140 L\" title=\"PCB 140 L\" srcset=\"https:\/\/www.cascade.it\/new\/wp-content\/uploads\/2020\/11\/PCB-140-L-300x300.jpg 300w, https:\/\/www.cascade.it\/new\/wp-content\/uploads\/2020\/11\/PCB-140-L-150x150.jpg 150w, https:\/\/www.cascade.it\/new\/wp-content\/uploads\/2020\/11\/PCB-140-L-768x768.jpg 768w, https:\/\/www.cascade.it\/new\/wp-content\/uploads\/2020\/11\/PCB-140-L-1024x1024.jpg 1024w, https:\/\/www.cascade.it\/new\/wp-content\/uploads\/2020\/11\/PCB-140-L-960x960.jpg 960w, https:\/\/www.cascade.it\/new\/wp-content\/uploads\/2020\/11\/PCB-140-L-600x600.jpg 600w, https:\/\/www.cascade.it\/new\/wp-content\/uploads\/2020\/11\/PCB-140-L-100x100.jpg 100w, https:\/\/www.cascade.it\/new\/wp-content\/uploads\/2020\/11\/PCB-140-L.jpg 1300w\" sizes=\"auto, (max-width: 300px) 100vw, 300px\" \/><\/a><div class=\"buttons product-buttons\"><\/div><\/div><div class=\"product-content\" ><h5 class=\"product-title\"><a href=\"https:\/\/www.cascade.it\/fr\/prodotto\/pompe-submersible-fontaines-pcb-140\/\">PCB 140<\/a><\/h5><div class=\"product-meta\"><\/div><\/div>\n<\/li>\n<\/ul><\/div>[\/vc_column][vc_column width=\u00a0\u00bb1\/6&Prime;][\/vc_column][\/vc_row]<\/p>\n","protected":false},"excerpt":{"rendered":"<p>[vc_row][vc_column width=\u00a0\u00bb1\/6&Prime;][\/vc_column][vc_column width=\u00a0\u00bb2\/3&Prime;][vc_custom_heading text=\u00a0\u00bbPompes submersibles basse tension pour fontaines\u00a0\u00bb font_container=\u00a0\u00bbtag:h1|font_size:40|text_align:left|color:%231e73be\u00a0\u00bb use_theme_fonts=\u00a0\u00bb\u00a0\u00bb google_fonts=\u00a0\u00bbfont_family:Roboto%3A100%2C100italic%2C300%2C300italic%2Cregular%2Citalic%2C500%2C500italic%2C700%2C700italic%2C900%2C900italic|font_style:300%20light%20regular%3A300%3Anormal\u00a0\u00bb responsive_font_size=\u00a0\u00bbyes\u00a0\u00bb custom_font_size_tab=\u00a0\u00bb40&Prime; custom_font_size_mobile=\u00a0\u00bb30&Prime;][\/vc_column][vc_column width=\u00a0\u00bb1\/6&Prime;][\/vc_column][\/vc_row]<\/p>\n","protected":false},"author":1,"featured_media":0,"parent":8663,"menu_order":0,"comment_status":"closed","ping_status":"closed","template":"","meta":{"footnotes":""},"class_list":["post-8682","page","type-page","status-publish","hentry"],"yoast_head":"<!-- This site is optimized with the Yoast SEO plugin v26.7 - https:\/\/yoast.com\/wordpress\/plugins\/seo\/ -->\n<title>Pompes submersibles basse tension pour fontaines - Cascade<\/title>\n<meta name=\"description\" content=\"Cascade dispose de pompes submersibles DMX basse tension, con\u00e7ues pour une utilisation sp\u00e9cifique dans les fontaines, avec possibilit\u00e9 de contr\u00f4le DMX.\" \/>\n<meta name=\"robots\" content=\"index, follow, max-snippet:-1, max-image-preview:large, max-video-preview:-1\" \/>\n<link rel=\"canonical\" href=\"https:\/\/www.cascade.it\/fr\/produits\/pompes-pour-fontaines\/pompes-submersibles-basse-tension\/\" \/>\n<meta property=\"og:locale\" content=\"fr_FR\" \/>\n<meta property=\"og:type\" content=\"article\" \/>\n<meta property=\"og:title\" content=\"Pompes submersibles basse tension pour fontaines - Cascade\" \/>\n<meta property=\"og:description\" content=\"Cascade dispose de pompes submersibles DMX basse tension, con\u00e7ues pour une utilisation sp\u00e9cifique dans les fontaines, avec possibilit\u00e9 de contr\u00f4le DMX.\" \/>\n<meta property=\"og:url\" content=\"https:\/\/www.cascade.it\/fr\/produits\/pompes-pour-fontaines\/pompes-submersibles-basse-tension\/\" \/>\n<meta property=\"og:site_name\" content=\"Cascade\" \/>\n<meta property=\"article:modified_time\" content=\"2020-11-23T18:29:19+00:00\" \/>\n<meta name=\"twitter:card\" content=\"summary_large_image\" \/>\n<!-- \/ Yoast SEO plugin. -->","yoast_head_json":{"title":"Pompes submersibles basse tension pour fontaines - Cascade","description":"Cascade dispose de pompes submersibles DMX basse tension, con\u00e7ues pour une utilisation sp\u00e9cifique dans les fontaines, avec possibilit\u00e9 de contr\u00f4le DMX.","robots":{"index":"index","follow":"follow","max-snippet":"max-snippet:-1","max-image-preview":"max-image-preview:large","max-video-preview":"max-video-preview:-1"},"canonical":"https:\/\/www.cascade.it\/fr\/produits\/pompes-pour-fontaines\/pompes-submersibles-basse-tension\/","og_locale":"fr_FR","og_type":"article","og_title":"Pompes submersibles basse tension pour fontaines - Cascade","og_description":"Cascade dispose de pompes submersibles DMX basse tension, con\u00e7ues pour une utilisation sp\u00e9cifique dans les fontaines, avec possibilit\u00e9 de contr\u00f4le DMX.","og_url":"https:\/\/www.cascade.it\/fr\/produits\/pompes-pour-fontaines\/pompes-submersibles-basse-tension\/","og_site_name":"Cascade","article_modified_time":"2020-11-23T18:29:19+00:00","twitter_card":"summary_large_image","schema":{"@context":"https:\/\/schema.org","@graph":[{"@type":"WebPage","@id":"https:\/\/www.cascade.it\/fr\/produits\/pompes-pour-fontaines\/pompes-submersibles-basse-tension\/","url":"https:\/\/www.cascade.it\/fr\/produits\/pompes-pour-fontaines\/pompes-submersibles-basse-tension\/","name":"Pompes submersibles basse tension pour fontaines - Cascade","isPartOf":{"@id":"https:\/\/www.cascade.it\/fr\/#website"},"datePublished":"2020-02-27T10:23:36+00:00","dateModified":"2020-11-23T18:29:19+00:00","description":"Cascade dispose de pompes submersibles DMX basse tension, con\u00e7ues pour une utilisation sp\u00e9cifique dans les fontaines, avec possibilit\u00e9 de contr\u00f4le DMX.","breadcrumb":{"@id":"https:\/\/www.cascade.it\/fr\/produits\/pompes-pour-fontaines\/pompes-submersibles-basse-tension\/#breadcrumb"},"inLanguage":"fr-FR","potentialAction":[{"@type":"ReadAction","target":["https:\/\/www.cascade.it\/fr\/produits\/pompes-pour-fontaines\/pompes-submersibles-basse-tension\/"]}]},{"@type":"BreadcrumbList","@id":"https:\/\/www.cascade.it\/fr\/produits\/pompes-pour-fontaines\/pompes-submersibles-basse-tension\/#breadcrumb","itemListElement":[{"@type":"ListItem","position":1,"name":"Home","item":"https:\/\/www.cascade.it\/fr\/"},{"@type":"ListItem","position":2,"name":"Produits","item":"https:\/\/www.cascade.it\/fr\/produits\/"},{"@type":"ListItem","position":3,"name":"Pompes pour fontaines","item":"https:\/\/www.cascade.it\/fr\/produits\/pompes-pour-fontaines\/"},{"@type":"ListItem","position":4,"name":"Pompes submersibles basse tension"}]},{"@type":"WebSite","@id":"https:\/\/www.cascade.it\/fr\/#website","url":"https:\/\/www.cascade.it\/fr\/","name":"Cascade","description":"More than a fountain","potentialAction":[{"@type":"SearchAction","target":{"@type":"EntryPoint","urlTemplate":"https:\/\/www.cascade.it\/fr\/?s={search_term_string}"},"query-input":{"@type":"PropertyValueSpecification","valueRequired":true,"valueName":"search_term_string"}}],"inLanguage":"fr-FR"}]}},"_links":{"self":[{"href":"https:\/\/www.cascade.it\/fr\/wp-json\/wp\/v2\/pages\/8682","targetHints":{"allow":["GET"]}}],"collection":[{"href":"https:\/\/www.cascade.it\/fr\/wp-json\/wp\/v2\/pages"}],"about":[{"href":"https:\/\/www.cascade.it\/fr\/wp-json\/wp\/v2\/types\/page"}],"author":[{"embeddable":true,"href":"https:\/\/www.cascade.it\/fr\/wp-json\/wp\/v2\/users\/1"}],"replies":[{"embeddable":true,"href":"https:\/\/www.cascade.it\/fr\/wp-json\/wp\/v2\/comments?post=8682"}],"version-history":[{"count":5,"href":"https:\/\/www.cascade.it\/fr\/wp-json\/wp\/v2\/pages\/8682\/revisions"}],"predecessor-version":[{"id":10478,"href":"https:\/\/www.cascade.it\/fr\/wp-json\/wp\/v2\/pages\/8682\/revisions\/10478"}],"up":[{"embeddable":true,"href":"https:\/\/www.cascade.it\/fr\/wp-json\/wp\/v2\/pages\/8663"}],"wp:attachment":[{"href":"https:\/\/www.cascade.it\/fr\/wp-json\/wp\/v2\/media?parent=8682"}],"curies":[{"name":"wp","href":"https:\/\/api.w.org\/{rel}","templated":true}]}}