{"id":8636,"date":"2020-02-27T10:43:21","date_gmt":"2020-02-27T09:43:21","guid":{"rendered":"https:\/\/www.cascade.it\/new\/fontane-per-interni\/"},"modified":"2021-03-31T17:31:20","modified_gmt":"2021-03-31T15:31:20","slug":"fontaines-dinterieur","status":"publish","type":"page","link":"https:\/\/www.cascade.it\/fr\/produits\/fontaines-dinterieur\/","title":{"rendered":"Fontaines d&rsquo;int\u00e9rieur"},"content":{"rendered":"<p>[vc_row][vc_column width=\u00a0\u00bb1\/6&Prime;][\/vc_column][vc_column width=\u00a0\u00bb2\/3&Prime;][vc_custom_heading text=\u00a0\u00bbFontaines d&rsquo;int\u00e9rieur\u00a0\u00bb font_container=\u00a0\u00bbtag:h1|font_size:40|text_align:left|color:%231e73be\u00a0\u00bb use_theme_fonts=\u00a0\u00bb\u00a0\u00bb google_fonts=\u00a0\u00bbfont_family:Roboto%3A100%2C100italic%2C300%2C300italic%2Cregular%2Citalic%2C500%2C500italic%2C700%2C700italic%2C900%2C900italic|font_style:300%20light%20regular%3A300%3Anormal\u00a0\u00bb spacing_heading=\u00a0\u00bb\u00a0\u00bb spacing_heading_tab=\u00a0\u00bb\u00a0\u00bb spacing_heading_mobile=\u00a0\u00bb\u00a0\u00bb responsive_font_size=\u00a0\u00bbyes\u00a0\u00bb custom_font_size_tab=\u00a0\u00bb40&Prime;][vc_column_text]<\/p>\n<h3><span style=\"color: #1e73be;\">Fontaines de d\u00e9coration int\u00e9rieure modernes<\/span><\/h3>\n<p>Les <strong>fontaines d&rsquo;int\u00e9rieur<\/strong> Cascade sont des fontaines au design <strong>moderne<\/strong> et <strong>raffin\u00e9.<\/strong><\/p>\n<p>La surface des r\u00e9servoirs est extr\u00eamement naturelle et rappelle <strong>l&rsquo;effet<\/strong> candide et d\u00e9licat des <strong>\u00e9clats de marbre<\/strong>.<\/p>\n<p><strong>L&rsquo;installation<\/strong> est <strong>simple<\/strong> et <strong>rapide,<\/strong> car:<\/p>\n<ol>\n<li>elles ne n\u00e9cessitent pas de travaux de construction<\/li>\n<li>elles sont faciles \u00e0 d\u00e9placer<\/li>\n<li>elles ont besoin d&rsquo;un tr\u00e8s faible volume d&rsquo;eau (environ 180 l)<\/li>\n<\/ol>\n<p>En ins\u00e9rant de petits \u00e9l\u00e9ments de mobilier, les fontaines d&rsquo;int\u00e9rieur Cascade s&rsquo;int\u00e8grent <strong>harmonieusement<\/strong> dans le contexte dans lequel elles s&rsquo;ins\u00e8rent.<\/p>\n<p>L&rsquo;utilisation de <strong>galets,<\/strong> \u00e9galement de diff\u00e9rentes tailles et couleurs, vous permet de jouer avec votre imagination et <strong>d&rsquo;enrichir<\/strong> <strong>le design<\/strong> de la fontaine \u00e0 votre guise.<\/p>\n<h3><span style=\"color: #1e73be;\">Quelques id\u00e9es<\/span><\/h3>\n<ul>\n<li>cr\u00e9ez un petit coin <strong>d&rsquo;\u00e9l\u00e9gance<\/strong> \u00e0 l&rsquo;int\u00e9rieur de votre <strong>maison<\/strong><\/li>\n<li>meubler les espaces ext\u00e9rieurs avec <strong>style,<\/strong> comme la <strong>terrasse<\/strong><\/li>\n<li><strong>moderniser<\/strong> le hall d&rsquo;un h\u00f4tel ou une cour int\u00e9rieure<\/li>\n<\/ul>\n<h3><span style=\"color: #1e73be;\">Mod\u00e8les aux lignes simples et \u00e9l\u00e9gantes<\/span><\/h3>\n<p>[\/vc_column_text]<div class=\"woocommerce columns-5 \"><ul class=\"products columns-5 agni-products agni-products-5-column\" style=\"margin: 0 -5px;\" data-shop-grid=\"masonry\" data-gutter=\"10\" ><li class=\"shop-column product-hover-style-2 text-center  animate product type-product post-3124 status-publish first instock product_cat-fontaines-dinterieur has-post-thumbnail shipping-taxable product-type-simple\" style=\" -webkit-animation-duration: 0.8s; -webkit-animation-delay: 0.4s; animation-duration: 0.8s; animation-delay: 0.4s; margin: 5px 0; padding: 0 5px;\"  data-animation=\"fadeInUp\" data-animation-offset=\"100%\">\n\t\n\t<div class=\"product-thumbnail\"><a href=\"https:\/\/www.cascade.it\/fr\/prodotto\/ninfea\/\" class=\"woocommerce-LoopProduct-link woocommerce-loop-product__link\"><img loading=\"lazy\" decoding=\"async\" width=\"300\" height=\"300\" src=\"https:\/\/www.cascade.it\/new\/wp-content\/uploads\/Prodotti\/Fontane_per_interni\/NINFEA-300x300.jpg\" class=\"attachment-shop_catalog size-shop_catalog wp-post-image\" alt=\"NINFEA\" title=\"NINFEA\" srcset=\"https:\/\/www.cascade.it\/new\/wp-content\/uploads\/Prodotti\/Fontane_per_interni\/NINFEA-300x300.jpg 300w, https:\/\/www.cascade.it\/new\/wp-content\/uploads\/Prodotti\/Fontane_per_interni\/NINFEA-150x150.jpg 150w, https:\/\/www.cascade.it\/new\/wp-content\/uploads\/Prodotti\/Fontane_per_interni\/NINFEA-768x768.jpg 768w, https:\/\/www.cascade.it\/new\/wp-content\/uploads\/Prodotti\/Fontane_per_interni\/NINFEA-1024x1024.jpg 1024w, https:\/\/www.cascade.it\/new\/wp-content\/uploads\/Prodotti\/Fontane_per_interni\/NINFEA-960x960.jpg 960w, https:\/\/www.cascade.it\/new\/wp-content\/uploads\/Prodotti\/Fontane_per_interni\/NINFEA-600x600.jpg 600w, https:\/\/www.cascade.it\/new\/wp-content\/uploads\/Prodotti\/Fontane_per_interni\/NINFEA-100x100.jpg 100w, https:\/\/www.cascade.it\/new\/wp-content\/uploads\/Prodotti\/Fontane_per_interni\/NINFEA.jpg 1300w\" sizes=\"auto, (max-width: 300px) 100vw, 300px\" \/><\/a><div class=\"buttons product-buttons\"><\/div><\/div><div class=\"product-content\" ><h5 class=\"product-title\"><a href=\"https:\/\/www.cascade.it\/fr\/prodotto\/ninfea\/\">Ninfea<\/a><\/h5><div class=\"product-meta\"><\/div><\/div>\n<\/li>\n<li class=\"shop-column product-hover-style-2 text-center  animate product type-product post-3128 status-publish instock product_cat-fontaines-dinterieur has-post-thumbnail shipping-taxable product-type-simple\" style=\" -webkit-animation-duration: 0.8s; -webkit-animation-delay: 0.8s; animation-duration: 0.8s; animation-delay: 0.8s; margin: 5px 0; padding: 0 5px;\"  data-animation=\"fadeInUp\" data-animation-offset=\"100%\">\n\t\n\t<div class=\"product-thumbnail\"><a href=\"https:\/\/www.cascade.it\/fr\/prodotto\/petra\/\" class=\"woocommerce-LoopProduct-link woocommerce-loop-product__link\"><img loading=\"lazy\" decoding=\"async\" width=\"300\" height=\"300\" src=\"https:\/\/www.cascade.it\/new\/wp-content\/uploads\/Prodotti\/Fontane_per_interni\/PETRA-300x300.jpg\" class=\"attachment-shop_catalog size-shop_catalog wp-post-image\" alt=\"PETRA\" title=\"PETRA\" srcset=\"https:\/\/www.cascade.it\/new\/wp-content\/uploads\/Prodotti\/Fontane_per_interni\/PETRA-300x300.jpg 300w, https:\/\/www.cascade.it\/new\/wp-content\/uploads\/Prodotti\/Fontane_per_interni\/PETRA-150x150.jpg 150w, https:\/\/www.cascade.it\/new\/wp-content\/uploads\/Prodotti\/Fontane_per_interni\/PETRA-768x768.jpg 768w, https:\/\/www.cascade.it\/new\/wp-content\/uploads\/Prodotti\/Fontane_per_interni\/PETRA-1024x1024.jpg 1024w, https:\/\/www.cascade.it\/new\/wp-content\/uploads\/Prodotti\/Fontane_per_interni\/PETRA-960x960.jpg 960w, https:\/\/www.cascade.it\/new\/wp-content\/uploads\/Prodotti\/Fontane_per_interni\/PETRA-600x600.jpg 600w, https:\/\/www.cascade.it\/new\/wp-content\/uploads\/Prodotti\/Fontane_per_interni\/PETRA-100x100.jpg 100w, https:\/\/www.cascade.it\/new\/wp-content\/uploads\/Prodotti\/Fontane_per_interni\/PETRA.jpg 1300w\" sizes=\"auto, (max-width: 300px) 100vw, 300px\" \/><\/a><div class=\"buttons product-buttons\"><\/div><\/div><div class=\"product-content\" ><h5 class=\"product-title\"><a href=\"https:\/\/www.cascade.it\/fr\/prodotto\/petra\/\">Petra<\/a><\/h5><div class=\"product-meta\"><\/div><\/div>\n<\/li>\n<\/ul><\/div>[vc_empty_space height=\u00a0\u00bb100&Prime;][\/vc_column][vc_column width=\u00a0\u00bb1\/6&Prime;][\/vc_column][\/vc_row]<\/p>\n","protected":false},"excerpt":{"rendered":"<p>[vc_row][vc_column width=\u00a0\u00bb1\/6&Prime;][\/vc_column][vc_column width=\u00a0\u00bb2\/3&Prime;][vc_custom_heading text=\u00a0\u00bbFontaines d&rsquo;int\u00e9rieur\u00a0\u00bb font_container=\u00a0\u00bbtag:h1|font_size:40|text_align:left|color:%231e73be\u00a0\u00bb use_theme_fonts=\u00a0\u00bb\u00a0\u00bb google_fonts=\u00a0\u00bbfont_family:Roboto%3A100%2C100italic%2C300%2C300italic%2Cregular%2Citalic%2C500%2C500italic%2C700%2C700italic%2C900%2C900italic|font_style:300%20light%20regular%3A300%3Anormal\u00a0\u00bb spacing_heading=\u00a0\u00bb\u00a0\u00bb spacing_heading_tab=\u00a0\u00bb\u00a0\u00bb spacing_heading_mobile=\u00a0\u00bb\u00a0\u00bb responsive_font_size=\u00a0\u00bbyes\u00a0\u00bb custom_font_size_tab=\u00a0\u00bb40&Prime;][vc_column_text] Fontaines de d\u00e9coration int\u00e9rieure modernes Les fontaines d&rsquo;int\u00e9rieur Cascade sont des fontaines au design moderne et raffin\u00e9. La surface des r\u00e9servoirs est extr\u00eamement naturelle et rappelle l&rsquo;effet candide et d\u00e9licat des \u00e9clats de marbre. L&rsquo;installation est simple et rapide, car: elles ne [&hellip;]<\/p>\n","protected":false},"author":1,"featured_media":0,"parent":9798,"menu_order":0,"comment_status":"closed","ping_status":"closed","template":"","meta":{"footnotes":""},"class_list":["post-8636","page","type-page","status-publish","hentry"],"yoast_head":"<!-- This site is optimized with the Yoast SEO plugin v26.7 - https:\/\/yoast.com\/wordpress\/plugins\/seo\/ -->\n<title>Fontaines d&#039;Int\u00e9rieur - Cascade<\/title>\n<meta name=\"description\" content=\"Petites fontaines d&#039;int\u00e9rieur, fournies compl\u00e8tes avec r\u00e9servoir, ajutage et projecteurs s\u00e9lectionn\u00e9s, pompe et accessoires associ\u00e9s.\" \/>\n<meta name=\"robots\" content=\"index, follow, max-snippet:-1, max-image-preview:large, max-video-preview:-1\" \/>\n<link rel=\"canonical\" href=\"https:\/\/www.cascade.it\/fr\/produits\/fontaines-dinterieur\/\" \/>\n<meta property=\"og:locale\" content=\"fr_FR\" \/>\n<meta property=\"og:type\" content=\"article\" \/>\n<meta property=\"og:title\" content=\"Fontaines d&#039;Int\u00e9rieur - Cascade\" \/>\n<meta property=\"og:description\" content=\"Petites fontaines d&#039;int\u00e9rieur, fournies compl\u00e8tes avec r\u00e9servoir, ajutage et projecteurs s\u00e9lectionn\u00e9s, pompe et accessoires associ\u00e9s.\" \/>\n<meta property=\"og:url\" content=\"https:\/\/www.cascade.it\/fr\/produits\/fontaines-dinterieur\/\" \/>\n<meta property=\"og:site_name\" content=\"Cascade\" \/>\n<meta property=\"article:modified_time\" content=\"2021-03-31T15:31:20+00:00\" \/>\n<meta name=\"twitter:card\" content=\"summary_large_image\" \/>\n<meta name=\"twitter:label1\" content=\"Dur\u00e9e de lecture estim\u00e9e\" \/>\n\t<meta name=\"twitter:data1\" content=\"1 minute\" \/>\n<!-- \/ Yoast SEO plugin. -->","yoast_head_json":{"title":"Fontaines d'Int\u00e9rieur - Cascade","description":"Petites fontaines d'int\u00e9rieur, fournies compl\u00e8tes avec r\u00e9servoir, ajutage et projecteurs s\u00e9lectionn\u00e9s, pompe et accessoires associ\u00e9s.","robots":{"index":"index","follow":"follow","max-snippet":"max-snippet:-1","max-image-preview":"max-image-preview:large","max-video-preview":"max-video-preview:-1"},"canonical":"https:\/\/www.cascade.it\/fr\/produits\/fontaines-dinterieur\/","og_locale":"fr_FR","og_type":"article","og_title":"Fontaines d'Int\u00e9rieur - Cascade","og_description":"Petites fontaines d'int\u00e9rieur, fournies compl\u00e8tes avec r\u00e9servoir, ajutage et projecteurs s\u00e9lectionn\u00e9s, pompe et accessoires associ\u00e9s.","og_url":"https:\/\/www.cascade.it\/fr\/produits\/fontaines-dinterieur\/","og_site_name":"Cascade","article_modified_time":"2021-03-31T15:31:20+00:00","twitter_card":"summary_large_image","twitter_misc":{"Dur\u00e9e de lecture estim\u00e9e":"1 minute"},"schema":{"@context":"https:\/\/schema.org","@graph":[{"@type":"WebPage","@id":"https:\/\/www.cascade.it\/fr\/produits\/fontaines-dinterieur\/","url":"https:\/\/www.cascade.it\/fr\/produits\/fontaines-dinterieur\/","name":"Fontaines d'Int\u00e9rieur - Cascade","isPartOf":{"@id":"https:\/\/www.cascade.it\/fr\/#website"},"datePublished":"2020-02-27T09:43:21+00:00","dateModified":"2021-03-31T15:31:20+00:00","description":"Petites fontaines d'int\u00e9rieur, fournies compl\u00e8tes avec r\u00e9servoir, ajutage et projecteurs s\u00e9lectionn\u00e9s, pompe et accessoires associ\u00e9s.","breadcrumb":{"@id":"https:\/\/www.cascade.it\/fr\/produits\/fontaines-dinterieur\/#breadcrumb"},"inLanguage":"fr-FR","potentialAction":[{"@type":"ReadAction","target":["https:\/\/www.cascade.it\/fr\/produits\/fontaines-dinterieur\/"]}]},{"@type":"BreadcrumbList","@id":"https:\/\/www.cascade.it\/fr\/produits\/fontaines-dinterieur\/#breadcrumb","itemListElement":[{"@type":"ListItem","position":1,"name":"Home","item":"https:\/\/www.cascade.it\/fr\/"},{"@type":"ListItem","position":2,"name":"Produits","item":"https:\/\/www.cascade.it\/fr\/produits\/"},{"@type":"ListItem","position":3,"name":"Fontaines d&rsquo;int\u00e9rieur"}]},{"@type":"WebSite","@id":"https:\/\/www.cascade.it\/fr\/#website","url":"https:\/\/www.cascade.it\/fr\/","name":"Cascade","description":"More than a fountain","potentialAction":[{"@type":"SearchAction","target":{"@type":"EntryPoint","urlTemplate":"https:\/\/www.cascade.it\/fr\/?s={search_term_string}"},"query-input":{"@type":"PropertyValueSpecification","valueRequired":true,"valueName":"search_term_string"}}],"inLanguage":"fr-FR"}]}},"_links":{"self":[{"href":"https:\/\/www.cascade.it\/fr\/wp-json\/wp\/v2\/pages\/8636","targetHints":{"allow":["GET"]}}],"collection":[{"href":"https:\/\/www.cascade.it\/fr\/wp-json\/wp\/v2\/pages"}],"about":[{"href":"https:\/\/www.cascade.it\/fr\/wp-json\/wp\/v2\/types\/page"}],"author":[{"embeddable":true,"href":"https:\/\/www.cascade.it\/fr\/wp-json\/wp\/v2\/users\/1"}],"replies":[{"embeddable":true,"href":"https:\/\/www.cascade.it\/fr\/wp-json\/wp\/v2\/comments?post=8636"}],"version-history":[{"count":10,"href":"https:\/\/www.cascade.it\/fr\/wp-json\/wp\/v2\/pages\/8636\/revisions"}],"predecessor-version":[{"id":10148,"href":"https:\/\/www.cascade.it\/fr\/wp-json\/wp\/v2\/pages\/8636\/revisions\/10148"}],"up":[{"embeddable":true,"href":"https:\/\/www.cascade.it\/fr\/wp-json\/wp\/v2\/pages\/9798"}],"wp:attachment":[{"href":"https:\/\/www.cascade.it\/fr\/wp-json\/wp\/v2\/media?parent=8636"}],"curies":[{"name":"wp","href":"https:\/\/api.w.org\/{rel}","templated":true}]}}