{"id":8617,"date":"2020-02-27T10:26:02","date_gmt":"2020-02-27T09:26:02","guid":{"rendered":"https:\/\/www.cascade.it\/new\/fontane-galleggianti\/"},"modified":"2021-03-31T17:47:49","modified_gmt":"2021-03-31T15:47:49","slug":"fontaines-flottantes","status":"publish","type":"page","link":"https:\/\/www.cascade.it\/fr\/produits\/fontaines-flottantes\/","title":{"rendered":"Fontaines flottantes"},"content":{"rendered":"<p>[vc_row][vc_column width=\u00a0\u00bb1\/6&Prime;][\/vc_column][vc_column width=\u00a0\u00bb2\/3&Prime;][vc_custom_heading text=\u00a0\u00bbFontaines flottantes\u00a0\u00bb font_container=\u00a0\u00bbtag:h1|font_size:40|text_align:left|color:%231e73be\u00a0\u00bb use_theme_fonts=\u00a0\u00bb\u00a0\u00bb google_fonts=\u00a0\u00bbfont_family:Roboto%3A100%2C100italic%2C300%2C300italic%2Cregular%2Citalic%2C500%2C500italic%2C700%2C700italic%2C900%2C900italic|font_style:300%20light%20regular%3A300%3Anormal\u00a0\u00bb responsive_font_size=\u00a0\u00bbyes\u00a0\u00bb custom_font_size_tab=\u00a0\u00bb40&Prime; custom_font_size_mobile=\u00a0\u00bb30&Prime;][vc_column_text]Les <strong>Fontaines Flottantes<\/strong> sont des \u00e9quipements pratiques et l\u00e9gers qui peuvent \u00eatre utilis\u00e9s pour cr\u00e9er des effets d&rsquo;eau en situations particuli\u00e8res.<\/p>\n<p>En effet, elles sont recommand\u00e9es en cas de bassins profonds ou de r\u00e9servoirs d\u00e9j\u00e0 existants avec l&rsquo;impossibilit\u00e9 d&rsquo;avoir des installations fixes (bassins, lacs, bassins publics). Elles peuvent \u00e9galement int\u00e9grer des syst\u00e8mes d\u00e9j\u00e0 install\u00e9s et fonctionnels.<\/p>\n<p>Elles sont \u00e9quip\u00e9es de syst\u00e8mes flottants en mat\u00e9riau composite et d&rsquo;une structure portante en acier inoxydable.<\/p>\n<p>Les fontaines flottantes sont \u00e9quip\u00e9es de pompes basse tension. La fontaine flottante peut \u00eatre <strong>enrichie<\/strong> d&rsquo;un <strong>\u00e9clairage LED immerg\u00e9 adapt\u00e9<\/strong>.[\/vc_column_text][vc_empty_space height=\u00a0\u00bb150&Prime;][\/vc_column][vc_column width=\u00a0\u00bb1\/6&Prime;][\/vc_column][\/vc_row]<\/p>\n","protected":false},"excerpt":{"rendered":"<p>[vc_row][vc_column width=\u00a0\u00bb1\/6&Prime;][\/vc_column][vc_column width=\u00a0\u00bb2\/3&Prime;][vc_custom_heading text=\u00a0\u00bbFontaines flottantes\u00a0\u00bb font_container=\u00a0\u00bbtag:h1|font_size:40|text_align:left|color:%231e73be\u00a0\u00bb use_theme_fonts=\u00a0\u00bb\u00a0\u00bb google_fonts=\u00a0\u00bbfont_family:Roboto%3A100%2C100italic%2C300%2C300italic%2Cregular%2Citalic%2C500%2C500italic%2C700%2C700italic%2C900%2C900italic|font_style:300%20light%20regular%3A300%3Anormal\u00a0\u00bb responsive_font_size=\u00a0\u00bbyes\u00a0\u00bb custom_font_size_tab=\u00a0\u00bb40&Prime; custom_font_size_mobile=\u00a0\u00bb30&Prime;][vc_column_text]Les Fontaines Flottantes sont des \u00e9quipements pratiques et l\u00e9gers qui peuvent \u00eatre utilis\u00e9s pour cr\u00e9er des effets d&rsquo;eau en situations particuli\u00e8res. En effet, elles sont recommand\u00e9es en cas de bassins profonds ou de r\u00e9servoirs d\u00e9j\u00e0 existants avec l&rsquo;impossibilit\u00e9 d&rsquo;avoir des installations fixes (bassins, lacs, bassins [&hellip;]<\/p>\n","protected":false},"author":1,"featured_media":10486,"parent":9798,"menu_order":0,"comment_status":"closed","ping_status":"closed","template":"","meta":{"footnotes":""},"class_list":["post-8617","page","type-page","status-publish","has-post-thumbnail","hentry"],"yoast_head":"<!-- This site is optimized with the Yoast SEO plugin v26.7 - https:\/\/yoast.com\/wordpress\/plugins\/seo\/ -->\n<title>Fontaines Flottantes - Solutions Standard et Sur Mesure | Cascade<\/title>\n<meta name=\"description\" content=\"Les fontaines flottantes Cascade comprennent des syst\u00e8mes ou des solutions standard con\u00e7us et fabriqu\u00e9s sur mesure, avec des accessoires relatifs.\" \/>\n<meta name=\"robots\" content=\"index, follow, max-snippet:-1, max-image-preview:large, max-video-preview:-1\" \/>\n<link rel=\"canonical\" href=\"https:\/\/www.cascade.it\/fr\/produits\/fontaines-flottantes\/\" \/>\n<meta property=\"og:locale\" content=\"fr_FR\" \/>\n<meta property=\"og:type\" content=\"article\" \/>\n<meta property=\"og:title\" content=\"Fontaines Flottantes - Solutions Standard et Sur Mesure | Cascade\" \/>\n<meta property=\"og:description\" content=\"Les fontaines flottantes Cascade comprennent des syst\u00e8mes ou des solutions standard con\u00e7us et fabriqu\u00e9s sur mesure, avec des accessoires relatifs.\" \/>\n<meta property=\"og:url\" content=\"https:\/\/www.cascade.it\/fr\/produits\/fontaines-flottantes\/\" \/>\n<meta property=\"og:site_name\" content=\"Cascade\" \/>\n<meta property=\"article:modified_time\" content=\"2021-03-31T15:47:49+00:00\" \/>\n<meta property=\"og:image\" content=\"https:\/\/www.cascade.it\/new\/wp-content\/uploads\/Prodotti\/Fontane_galleggianti\/FONTANE-GALLEGGIANTI.jpg\" \/>\n\t<meta property=\"og:image:width\" content=\"1300\" \/>\n\t<meta property=\"og:image:height\" content=\"1300\" \/>\n\t<meta property=\"og:image:type\" content=\"image\/jpeg\" \/>\n<meta name=\"twitter:card\" content=\"summary_large_image\" \/>\n<meta name=\"twitter:label1\" content=\"Dur\u00e9e de lecture estim\u00e9e\" \/>\n\t<meta name=\"twitter:data1\" content=\"1 minute\" \/>\n<!-- \/ Yoast SEO plugin. -->","yoast_head_json":{"title":"Fontaines Flottantes - Solutions Standard et Sur Mesure | Cascade","description":"Les fontaines flottantes Cascade comprennent des syst\u00e8mes ou des solutions standard con\u00e7us et fabriqu\u00e9s sur mesure, avec des accessoires relatifs.","robots":{"index":"index","follow":"follow","max-snippet":"max-snippet:-1","max-image-preview":"max-image-preview:large","max-video-preview":"max-video-preview:-1"},"canonical":"https:\/\/www.cascade.it\/fr\/produits\/fontaines-flottantes\/","og_locale":"fr_FR","og_type":"article","og_title":"Fontaines Flottantes - Solutions Standard et Sur Mesure | Cascade","og_description":"Les fontaines flottantes Cascade comprennent des syst\u00e8mes ou des solutions standard con\u00e7us et fabriqu\u00e9s sur mesure, avec des accessoires relatifs.","og_url":"https:\/\/www.cascade.it\/fr\/produits\/fontaines-flottantes\/","og_site_name":"Cascade","article_modified_time":"2021-03-31T15:47:49+00:00","og_image":[{"width":1300,"height":1300,"url":"https:\/\/www.cascade.it\/new\/wp-content\/uploads\/Prodotti\/Fontane_galleggianti\/FONTANE-GALLEGGIANTI.jpg","type":"image\/jpeg"}],"twitter_card":"summary_large_image","twitter_misc":{"Dur\u00e9e de lecture estim\u00e9e":"1 minute"},"schema":{"@context":"https:\/\/schema.org","@graph":[{"@type":"WebPage","@id":"https:\/\/www.cascade.it\/fr\/produits\/fontaines-flottantes\/","url":"https:\/\/www.cascade.it\/fr\/produits\/fontaines-flottantes\/","name":"Fontaines Flottantes - Solutions Standard et Sur Mesure | Cascade","isPartOf":{"@id":"https:\/\/www.cascade.it\/fr\/#website"},"primaryImageOfPage":{"@id":"https:\/\/www.cascade.it\/fr\/produits\/fontaines-flottantes\/#primaryimage"},"image":{"@id":"https:\/\/www.cascade.it\/fr\/produits\/fontaines-flottantes\/#primaryimage"},"thumbnailUrl":"https:\/\/www.cascade.it\/new\/wp-content\/uploads\/Prodotti\/Fontane_galleggianti\/FONTANE-GALLEGGIANTI.jpg","datePublished":"2020-02-27T09:26:02+00:00","dateModified":"2021-03-31T15:47:49+00:00","description":"Les fontaines flottantes Cascade comprennent des syst\u00e8mes ou des solutions standard con\u00e7us et fabriqu\u00e9s sur mesure, avec des accessoires relatifs.","breadcrumb":{"@id":"https:\/\/www.cascade.it\/fr\/produits\/fontaines-flottantes\/#breadcrumb"},"inLanguage":"fr-FR","potentialAction":[{"@type":"ReadAction","target":["https:\/\/www.cascade.it\/fr\/produits\/fontaines-flottantes\/"]}]},{"@type":"ImageObject","inLanguage":"fr-FR","@id":"https:\/\/www.cascade.it\/fr\/produits\/fontaines-flottantes\/#primaryimage","url":"https:\/\/www.cascade.it\/new\/wp-content\/uploads\/Prodotti\/Fontane_galleggianti\/FONTANE-GALLEGGIANTI.jpg","contentUrl":"https:\/\/www.cascade.it\/new\/wp-content\/uploads\/Prodotti\/Fontane_galleggianti\/FONTANE-GALLEGGIANTI.jpg","width":1300,"height":1300,"caption":"Fontane galleggianti -Cascade"},{"@type":"BreadcrumbList","@id":"https:\/\/www.cascade.it\/fr\/produits\/fontaines-flottantes\/#breadcrumb","itemListElement":[{"@type":"ListItem","position":1,"name":"Home","item":"https:\/\/www.cascade.it\/fr\/"},{"@type":"ListItem","position":2,"name":"Produits","item":"https:\/\/www.cascade.it\/fr\/produits\/"},{"@type":"ListItem","position":3,"name":"Fontaines flottantes"}]},{"@type":"WebSite","@id":"https:\/\/www.cascade.it\/fr\/#website","url":"https:\/\/www.cascade.it\/fr\/","name":"Cascade","description":"More than a fountain","potentialAction":[{"@type":"SearchAction","target":{"@type":"EntryPoint","urlTemplate":"https:\/\/www.cascade.it\/fr\/?s={search_term_string}"},"query-input":{"@type":"PropertyValueSpecification","valueRequired":true,"valueName":"search_term_string"}}],"inLanguage":"fr-FR"}]}},"_links":{"self":[{"href":"https:\/\/www.cascade.it\/fr\/wp-json\/wp\/v2\/pages\/8617","targetHints":{"allow":["GET"]}}],"collection":[{"href":"https:\/\/www.cascade.it\/fr\/wp-json\/wp\/v2\/pages"}],"about":[{"href":"https:\/\/www.cascade.it\/fr\/wp-json\/wp\/v2\/types\/page"}],"author":[{"embeddable":true,"href":"https:\/\/www.cascade.it\/fr\/wp-json\/wp\/v2\/users\/1"}],"replies":[{"embeddable":true,"href":"https:\/\/www.cascade.it\/fr\/wp-json\/wp\/v2\/comments?post=8617"}],"version-history":[{"count":9,"href":"https:\/\/www.cascade.it\/fr\/wp-json\/wp\/v2\/pages\/8617\/revisions"}],"predecessor-version":[{"id":10105,"href":"https:\/\/www.cascade.it\/fr\/wp-json\/wp\/v2\/pages\/8617\/revisions\/10105"}],"up":[{"embeddable":true,"href":"https:\/\/www.cascade.it\/fr\/wp-json\/wp\/v2\/pages\/9798"}],"wp:featuredmedia":[{"embeddable":true,"href":"https:\/\/www.cascade.it\/fr\/wp-json\/wp\/v2\/media\/10486"}],"wp:attachment":[{"href":"https:\/\/www.cascade.it\/fr\/wp-json\/wp\/v2\/media?parent=8617"}],"curies":[{"name":"wp","href":"https:\/\/api.w.org\/{rel}","templated":true}]}}