{"id":8589,"date":"2020-02-26T17:47:55","date_gmt":"2020-02-26T16:47:55","guid":{"rendered":"https:\/\/www.cascade.it\/new\/fontane-a-pavimento\/accessori-per-fontane-a-pavimento\/"},"modified":"2020-06-18T09:49:39","modified_gmt":"2020-06-18T07:49:39","slug":"accessoires-pour-fontaines-seches","status":"publish","type":"page","link":"https:\/\/www.cascade.it\/fr\/produits\/fontaines-seches\/accessoires-pour-fontaines-seches\/","title":{"rendered":"Accessoires pour fontaines s\u00e8ches"},"content":{"rendered":"<p>[vc_row][vc_column width=\u00a0\u00bb1\/6&Prime;][\/vc_column][vc_column width=\u00a0\u00bb2\/3&Prime;][vc_custom_heading text=\u00a0\u00bbAccessoires pour fontaines s\u00e8ches\u00a0\u00bb font_container=\u00a0\u00bbtag:h1|font_size:40|text_align:left|color:%231e73be\u00a0\u00bb spacing_heading=\u00a0\u00bb\u00a0\u00bb spacing_heading_tab=\u00a0\u00bb\u00a0\u00bb spacing_heading_mobile=\u00a0\u00bb\u00a0\u00bb responsive_font_size=\u00a0\u00bbyes\u00a0\u00bb custom_font_size_tab=\u00a0\u00bb40&Prime; custom_font_size_mobile=\u00a0\u00bb30&Prime;]<div class=\"woocommerce columns-5 \"><ul class=\"products columns-5 agni-products agni-products-5-column\" style=\"margin: 0 -5px;\" data-shop-grid=\"masonry\" data-gutter=\"10\" ><li class=\"shop-column product-hover-style-2 text-center  animate product type-product post-2964 status-publish first instock product_cat-accessoires-fontaines-seches has-post-thumbnail shipping-taxable product-type-simple\" style=\" -webkit-animation-duration: 0.8s; -webkit-animation-delay: 0.4s; animation-duration: 0.8s; animation-delay: 0.4s; margin: 5px 0; padding: 0 5px;\"  data-animation=\"fadeInUp\" data-animation-offset=\"100%\">\n\t\n\t<div class=\"product-thumbnail\"><a href=\"https:\/\/www.cascade.it\/fr\/prodotto\/filtre-inox-a-panier-mural\/\" class=\"woocommerce-LoopProduct-link woocommerce-loop-product__link\"><img loading=\"lazy\" decoding=\"async\" width=\"300\" height=\"300\" src=\"https:\/\/www.cascade.it\/new\/wp-content\/uploads\/Prodotti\/Fontane_a_pavimento\/Accessori_per_fontane_a_pavimento\/CESTELLONE-INOX-300x300.jpg\" class=\"attachment-shop_catalog size-shop_catalog wp-post-image\" alt=\"CESTELLONE INOX\" title=\"CESTELLONE INOX\" srcset=\"https:\/\/www.cascade.it\/new\/wp-content\/uploads\/Prodotti\/Fontane_a_pavimento\/Accessori_per_fontane_a_pavimento\/CESTELLONE-INOX-300x300.jpg 300w, https:\/\/www.cascade.it\/new\/wp-content\/uploads\/Prodotti\/Fontane_a_pavimento\/Accessori_per_fontane_a_pavimento\/CESTELLONE-INOX-150x150.jpg 150w, https:\/\/www.cascade.it\/new\/wp-content\/uploads\/Prodotti\/Fontane_a_pavimento\/Accessori_per_fontane_a_pavimento\/CESTELLONE-INOX-768x768.jpg 768w, https:\/\/www.cascade.it\/new\/wp-content\/uploads\/Prodotti\/Fontane_a_pavimento\/Accessori_per_fontane_a_pavimento\/CESTELLONE-INOX-1024x1024.jpg 1024w, https:\/\/www.cascade.it\/new\/wp-content\/uploads\/Prodotti\/Fontane_a_pavimento\/Accessori_per_fontane_a_pavimento\/CESTELLONE-INOX-960x960.jpg 960w, https:\/\/www.cascade.it\/new\/wp-content\/uploads\/Prodotti\/Fontane_a_pavimento\/Accessori_per_fontane_a_pavimento\/CESTELLONE-INOX-600x600.jpg 600w, https:\/\/www.cascade.it\/new\/wp-content\/uploads\/Prodotti\/Fontane_a_pavimento\/Accessori_per_fontane_a_pavimento\/CESTELLONE-INOX-100x100.jpg 100w, https:\/\/www.cascade.it\/new\/wp-content\/uploads\/Prodotti\/Fontane_a_pavimento\/Accessori_per_fontane_a_pavimento\/CESTELLONE-INOX.jpg 1300w\" sizes=\"auto, (max-width: 300px) 100vw, 300px\" \/><\/a><div class=\"buttons product-buttons\"><\/div><\/div><div class=\"product-content\" ><h5 class=\"product-title\"><a href=\"https:\/\/www.cascade.it\/fr\/prodotto\/filtre-inox-a-panier-mural\/\">Filtre inox \u00e0 panier mural<\/a><\/h5><div class=\"product-meta\"><\/div><\/div>\n<\/li>\n<li class=\"shop-column product-hover-style-2 text-center  animate product type-product post-2969 status-publish instock product_cat-accessoires-fontaines-seches has-post-thumbnail shipping-taxable product-type-simple\" style=\" -webkit-animation-duration: 0.8s; -webkit-animation-delay: 0.8s; animation-duration: 0.8s; animation-delay: 0.8s; margin: 5px 0; padding: 0 5px;\"  data-animation=\"fadeInUp\" data-animation-offset=\"100%\">\n\t\n\t<div class=\"product-thumbnail\"><a href=\"https:\/\/www.cascade.it\/fr\/prodotto\/filtre-panier-plaque\/\" class=\"woocommerce-LoopProduct-link woocommerce-loop-product__link\"><img loading=\"lazy\" decoding=\"async\" width=\"300\" height=\"300\" src=\"https:\/\/www.cascade.it\/new\/wp-content\/uploads\/2019\/07\/CESTELLONE-INOX-CON-PIASTRA-300x300.jpg\" class=\"attachment-shop_catalog size-shop_catalog wp-post-image\" alt=\"CESTELLONE INOX CON PIASTRA\" title=\"CESTELLONE INOX CON PIASTRA\" srcset=\"https:\/\/www.cascade.it\/new\/wp-content\/uploads\/2019\/07\/CESTELLONE-INOX-CON-PIASTRA-300x300.jpg 300w, https:\/\/www.cascade.it\/new\/wp-content\/uploads\/2019\/07\/CESTELLONE-INOX-CON-PIASTRA-150x150.jpg 150w, https:\/\/www.cascade.it\/new\/wp-content\/uploads\/2019\/07\/CESTELLONE-INOX-CON-PIASTRA-768x768.jpg 768w, https:\/\/www.cascade.it\/new\/wp-content\/uploads\/2019\/07\/CESTELLONE-INOX-CON-PIASTRA-1024x1024.jpg 1024w, https:\/\/www.cascade.it\/new\/wp-content\/uploads\/2019\/07\/CESTELLONE-INOX-CON-PIASTRA-960x960.jpg 960w, https:\/\/www.cascade.it\/new\/wp-content\/uploads\/2019\/07\/CESTELLONE-INOX-CON-PIASTRA-600x600.jpg 600w, https:\/\/www.cascade.it\/new\/wp-content\/uploads\/2019\/07\/CESTELLONE-INOX-CON-PIASTRA-100x100.jpg 100w, https:\/\/www.cascade.it\/new\/wp-content\/uploads\/2019\/07\/CESTELLONE-INOX-CON-PIASTRA.jpg 1300w\" sizes=\"auto, (max-width: 300px) 100vw, 300px\" \/><\/a><div class=\"buttons product-buttons\"><\/div><\/div><div class=\"product-content\" ><h5 class=\"product-title\"><a href=\"https:\/\/www.cascade.it\/fr\/prodotto\/filtre-panier-plaque\/\">Filtre inox \u00e0 panier avec plaque<\/a><\/h5><div class=\"product-meta\"><\/div><\/div>\n<\/li>\n<li class=\"shop-column product-hover-style-2 text-center  animate product type-product post-2974 status-publish instock product_cat-accessoires-fontaines-seches has-post-thumbnail shipping-taxable product-type-simple\" style=\" -webkit-animation-duration: 0.8s; -webkit-animation-delay: 1.2s; animation-duration: 0.8s; animation-delay: 1.2s; margin: 5px 0; padding: 0 5px;\"  data-animation=\"fadeInUp\" data-animation-offset=\"100%\">\n\t\n\t<div class=\"product-thumbnail\"><a href=\"https:\/\/www.cascade.it\/fr\/prodotto\/cadre-inox-pour-box\/\" class=\"woocommerce-LoopProduct-link woocommerce-loop-product__link\"><img loading=\"lazy\" decoding=\"async\" width=\"300\" height=\"300\" src=\"https:\/\/www.cascade.it\/new\/wp-content\/uploads\/Prodotti\/Fontane_a_pavimento\/Accessori_per_fontane_a_pavimento\/CORNICE-INOX-PER-BOX-300x300.jpg\" class=\"attachment-shop_catalog size-shop_catalog wp-post-image\" alt=\"CORNICE INOX PER BOX\" title=\"CORNICE INOX PER BOX\" srcset=\"https:\/\/www.cascade.it\/new\/wp-content\/uploads\/Prodotti\/Fontane_a_pavimento\/Accessori_per_fontane_a_pavimento\/CORNICE-INOX-PER-BOX-300x300.jpg 300w, https:\/\/www.cascade.it\/new\/wp-content\/uploads\/Prodotti\/Fontane_a_pavimento\/Accessori_per_fontane_a_pavimento\/CORNICE-INOX-PER-BOX-150x150.jpg 150w, https:\/\/www.cascade.it\/new\/wp-content\/uploads\/Prodotti\/Fontane_a_pavimento\/Accessori_per_fontane_a_pavimento\/CORNICE-INOX-PER-BOX-768x768.jpg 768w, https:\/\/www.cascade.it\/new\/wp-content\/uploads\/Prodotti\/Fontane_a_pavimento\/Accessori_per_fontane_a_pavimento\/CORNICE-INOX-PER-BOX-1024x1024.jpg 1024w, https:\/\/www.cascade.it\/new\/wp-content\/uploads\/Prodotti\/Fontane_a_pavimento\/Accessori_per_fontane_a_pavimento\/CORNICE-INOX-PER-BOX-960x960.jpg 960w, https:\/\/www.cascade.it\/new\/wp-content\/uploads\/Prodotti\/Fontane_a_pavimento\/Accessori_per_fontane_a_pavimento\/CORNICE-INOX-PER-BOX-600x600.jpg 600w, https:\/\/www.cascade.it\/new\/wp-content\/uploads\/Prodotti\/Fontane_a_pavimento\/Accessori_per_fontane_a_pavimento\/CORNICE-INOX-PER-BOX-100x100.jpg 100w, https:\/\/www.cascade.it\/new\/wp-content\/uploads\/Prodotti\/Fontane_a_pavimento\/Accessori_per_fontane_a_pavimento\/CORNICE-INOX-PER-BOX.jpg 1300w\" sizes=\"auto, (max-width: 300px) 100vw, 300px\" \/><\/a><div class=\"buttons product-buttons\"><\/div><\/div><div class=\"product-content\" ><h5 class=\"product-title\"><a href=\"https:\/\/www.cascade.it\/fr\/prodotto\/cadre-inox-pour-box\/\">Cadre inox pour Box<\/a><\/h5><div class=\"product-meta\"><\/div><\/div>\n<\/li>\n<li class=\"shop-column product-hover-style-2 text-center  animate product type-product post-2979 status-publish instock product_cat-accessoires-fontaines-seches has-post-thumbnail shipping-taxable product-type-simple\" style=\" -webkit-animation-duration: 0.8s; -webkit-animation-delay: 1.6s; animation-duration: 0.8s; animation-delay: 1.6s; margin: 5px 0; padding: 0 5px;\"  data-animation=\"fadeInUp\" data-animation-offset=\"100%\">\n\t\n\t<div class=\"product-thumbnail\"><a href=\"https:\/\/www.cascade.it\/fr\/prodotto\/plaques-inox-drainage\/\" class=\"woocommerce-LoopProduct-link woocommerce-loop-product__link\"><img loading=\"lazy\" decoding=\"async\" width=\"300\" height=\"300\" src=\"https:\/\/www.cascade.it\/new\/wp-content\/uploads\/Prodotti\/Fontane_a_pavimento\/Accessori_per_fontane_a_pavimento\/PIASTRE-INOX-DRENANTI-300x300.jpg\" class=\"attachment-shop_catalog size-shop_catalog wp-post-image\" alt=\"PIASTRE INOX DRENANTI\" title=\"PIASTRE INOX DRENANTI\" srcset=\"https:\/\/www.cascade.it\/new\/wp-content\/uploads\/Prodotti\/Fontane_a_pavimento\/Accessori_per_fontane_a_pavimento\/PIASTRE-INOX-DRENANTI-300x300.jpg 300w, https:\/\/www.cascade.it\/new\/wp-content\/uploads\/Prodotti\/Fontane_a_pavimento\/Accessori_per_fontane_a_pavimento\/PIASTRE-INOX-DRENANTI-150x150.jpg 150w, https:\/\/www.cascade.it\/new\/wp-content\/uploads\/Prodotti\/Fontane_a_pavimento\/Accessori_per_fontane_a_pavimento\/PIASTRE-INOX-DRENANTI-768x768.jpg 768w, https:\/\/www.cascade.it\/new\/wp-content\/uploads\/Prodotti\/Fontane_a_pavimento\/Accessori_per_fontane_a_pavimento\/PIASTRE-INOX-DRENANTI-1024x1024.jpg 1024w, https:\/\/www.cascade.it\/new\/wp-content\/uploads\/Prodotti\/Fontane_a_pavimento\/Accessori_per_fontane_a_pavimento\/PIASTRE-INOX-DRENANTI-960x960.jpg 960w, https:\/\/www.cascade.it\/new\/wp-content\/uploads\/Prodotti\/Fontane_a_pavimento\/Accessori_per_fontane_a_pavimento\/PIASTRE-INOX-DRENANTI-600x600.jpg 600w, https:\/\/www.cascade.it\/new\/wp-content\/uploads\/Prodotti\/Fontane_a_pavimento\/Accessori_per_fontane_a_pavimento\/PIASTRE-INOX-DRENANTI-100x100.jpg 100w, https:\/\/www.cascade.it\/new\/wp-content\/uploads\/Prodotti\/Fontane_a_pavimento\/Accessori_per_fontane_a_pavimento\/PIASTRE-INOX-DRENANTI.jpg 1300w\" sizes=\"auto, (max-width: 300px) 100vw, 300px\" \/><\/a><div class=\"buttons product-buttons\"><\/div><\/div><div class=\"product-content\" ><h5 class=\"product-title\"><a href=\"https:\/\/www.cascade.it\/fr\/prodotto\/plaques-inox-drainage\/\">Plaques inox de drainage<\/a><\/h5><div class=\"product-meta\"><\/div><\/div>\n<\/li>\n<li class=\"shop-column product-hover-style-2 text-center  animate product type-product post-2984 status-publish last instock product_cat-accessoires-fontaines-seches has-post-thumbnail shipping-taxable product-type-simple\" style=\" -webkit-animation-duration: 0.8s; -webkit-animation-delay: 2s; animation-duration: 0.8s; animation-delay: 2s; margin: 5px 0; padding: 0 5px;\"  data-animation=\"fadeInUp\" data-animation-offset=\"100%\">\n\t\n\t<div class=\"product-thumbnail\"><a href=\"https:\/\/www.cascade.it\/fr\/prodotto\/plaques-inox-pour-ajutage-et-projecteurs\/\" class=\"woocommerce-LoopProduct-link woocommerce-loop-product__link\"><img loading=\"lazy\" decoding=\"async\" width=\"300\" height=\"300\" src=\"https:\/\/www.cascade.it\/new\/wp-content\/uploads\/Prodotti\/Fontane_a_pavimento\/Accessori_per_fontane_a_pavimento\/PIASTRE-INOX-PER-UGELLO-E-FARI-300x300.jpg\" class=\"attachment-shop_catalog size-shop_catalog wp-post-image\" alt=\"PIASTRE INOX PER UGELLO E FARI\" title=\"PIASTRE INOX PER UGELLO E FARI\" srcset=\"https:\/\/www.cascade.it\/new\/wp-content\/uploads\/Prodotti\/Fontane_a_pavimento\/Accessori_per_fontane_a_pavimento\/PIASTRE-INOX-PER-UGELLO-E-FARI-300x300.jpg 300w, https:\/\/www.cascade.it\/new\/wp-content\/uploads\/Prodotti\/Fontane_a_pavimento\/Accessori_per_fontane_a_pavimento\/PIASTRE-INOX-PER-UGELLO-E-FARI-150x150.jpg 150w, https:\/\/www.cascade.it\/new\/wp-content\/uploads\/Prodotti\/Fontane_a_pavimento\/Accessori_per_fontane_a_pavimento\/PIASTRE-INOX-PER-UGELLO-E-FARI-768x768.jpg 768w, https:\/\/www.cascade.it\/new\/wp-content\/uploads\/Prodotti\/Fontane_a_pavimento\/Accessori_per_fontane_a_pavimento\/PIASTRE-INOX-PER-UGELLO-E-FARI-1024x1024.jpg 1024w, https:\/\/www.cascade.it\/new\/wp-content\/uploads\/Prodotti\/Fontane_a_pavimento\/Accessori_per_fontane_a_pavimento\/PIASTRE-INOX-PER-UGELLO-E-FARI-960x960.jpg 960w, https:\/\/www.cascade.it\/new\/wp-content\/uploads\/Prodotti\/Fontane_a_pavimento\/Accessori_per_fontane_a_pavimento\/PIASTRE-INOX-PER-UGELLO-E-FARI-600x600.jpg 600w, https:\/\/www.cascade.it\/new\/wp-content\/uploads\/Prodotti\/Fontane_a_pavimento\/Accessori_per_fontane_a_pavimento\/PIASTRE-INOX-PER-UGELLO-E-FARI-100x100.jpg 100w, https:\/\/www.cascade.it\/new\/wp-content\/uploads\/Prodotti\/Fontane_a_pavimento\/Accessori_per_fontane_a_pavimento\/PIASTRE-INOX-PER-UGELLO-E-FARI.jpg 1300w\" sizes=\"auto, (max-width: 300px) 100vw, 300px\" \/><\/a><div class=\"buttons product-buttons\"><\/div><\/div><div class=\"product-content\" ><h5 class=\"product-title\"><a href=\"https:\/\/www.cascade.it\/fr\/prodotto\/plaques-inox-pour-ajutage-et-projecteurs\/\">Plaques inox pour ajutage et projecteurs<\/a><\/h5><div class=\"product-meta\"><\/div><\/div>\n<\/li>\n<\/ul><\/div>[vc_empty_space height=\u00a0\u00bb200&Prime;][\/vc_column][vc_column width=\u00a0\u00bb1\/6&Prime;][\/vc_column][\/vc_row]<\/p>\n","protected":false},"excerpt":{"rendered":"<p>[vc_row][vc_column width=\u00a0\u00bb1\/6&Prime;][\/vc_column][vc_column width=\u00a0\u00bb2\/3&Prime;][vc_custom_heading text=\u00a0\u00bbAccessoires pour fontaines s\u00e8ches\u00a0\u00bb font_container=\u00a0\u00bbtag:h1|font_size:40|text_align:left|color:%231e73be\u00a0\u00bb spacing_heading=\u00a0\u00bb\u00a0\u00bb spacing_heading_tab=\u00a0\u00bb\u00a0\u00bb spacing_heading_mobile=\u00a0\u00bb\u00a0\u00bb responsive_font_size=\u00a0\u00bbyes\u00a0\u00bb custom_font_size_tab=\u00a0\u00bb40&Prime; custom_font_size_mobile=\u00a0\u00bb30&Prime;][vc_empty_space height=\u00a0\u00bb200&Prime;][\/vc_column][vc_column width=\u00a0\u00bb1\/6&Prime;][\/vc_column][\/vc_row]<\/p>\n","protected":false},"author":1,"featured_media":0,"parent":8581,"menu_order":0,"comment_status":"closed","ping_status":"closed","template":"","meta":{"footnotes":""},"class_list":["post-8589","page","type-page","status-publish","hentry"],"yoast_head":"<!-- This site is optimized with the Yoast SEO plugin v26.7 - https:\/\/yoast.com\/wordpress\/plugins\/seo\/ -->\n<title>Accessoires pour fontaines s\u00e8ches - Cascade<\/title>\n<meta name=\"description\" content=\"Accessoires con\u00e7us et fabriqu\u00e9s pour le bon fonctionnement des fontaines s\u00e8ches, afin de les rendre plus fonctionnelles et plus simples \u00e0 g\u00e9rer.\" \/>\n<meta name=\"robots\" content=\"index, follow, max-snippet:-1, max-image-preview:large, max-video-preview:-1\" \/>\n<link rel=\"canonical\" href=\"https:\/\/www.cascade.it\/fr\/produits\/fontaines-seches\/accessoires-pour-fontaines-seches\/\" \/>\n<meta property=\"og:locale\" content=\"fr_FR\" \/>\n<meta property=\"og:type\" content=\"article\" \/>\n<meta property=\"og:title\" content=\"Accessoires pour fontaines s\u00e8ches - Cascade\" \/>\n<meta property=\"og:description\" content=\"Accessoires con\u00e7us et fabriqu\u00e9s pour le bon fonctionnement des fontaines s\u00e8ches, afin de les rendre plus fonctionnelles et plus simples \u00e0 g\u00e9rer.\" \/>\n<meta property=\"og:url\" content=\"https:\/\/www.cascade.it\/fr\/produits\/fontaines-seches\/accessoires-pour-fontaines-seches\/\" \/>\n<meta property=\"og:site_name\" content=\"Cascade\" \/>\n<meta property=\"article:modified_time\" content=\"2020-06-18T07:49:39+00:00\" \/>\n<meta name=\"twitter:card\" content=\"summary_large_image\" \/>\n<!-- \/ Yoast SEO plugin. -->","yoast_head_json":{"title":"Accessoires pour fontaines s\u00e8ches - Cascade","description":"Accessoires con\u00e7us et fabriqu\u00e9s pour le bon fonctionnement des fontaines s\u00e8ches, afin de les rendre plus fonctionnelles et plus simples \u00e0 g\u00e9rer.","robots":{"index":"index","follow":"follow","max-snippet":"max-snippet:-1","max-image-preview":"max-image-preview:large","max-video-preview":"max-video-preview:-1"},"canonical":"https:\/\/www.cascade.it\/fr\/produits\/fontaines-seches\/accessoires-pour-fontaines-seches\/","og_locale":"fr_FR","og_type":"article","og_title":"Accessoires pour fontaines s\u00e8ches - Cascade","og_description":"Accessoires con\u00e7us et fabriqu\u00e9s pour le bon fonctionnement des fontaines s\u00e8ches, afin de les rendre plus fonctionnelles et plus simples \u00e0 g\u00e9rer.","og_url":"https:\/\/www.cascade.it\/fr\/produits\/fontaines-seches\/accessoires-pour-fontaines-seches\/","og_site_name":"Cascade","article_modified_time":"2020-06-18T07:49:39+00:00","twitter_card":"summary_large_image","schema":{"@context":"https:\/\/schema.org","@graph":[{"@type":"WebPage","@id":"https:\/\/www.cascade.it\/fr\/produits\/fontaines-seches\/accessoires-pour-fontaines-seches\/","url":"https:\/\/www.cascade.it\/fr\/produits\/fontaines-seches\/accessoires-pour-fontaines-seches\/","name":"Accessoires pour fontaines s\u00e8ches - Cascade","isPartOf":{"@id":"https:\/\/www.cascade.it\/fr\/#website"},"datePublished":"2020-02-26T16:47:55+00:00","dateModified":"2020-06-18T07:49:39+00:00","description":"Accessoires con\u00e7us et fabriqu\u00e9s pour le bon fonctionnement des fontaines s\u00e8ches, afin de les rendre plus fonctionnelles et plus simples \u00e0 g\u00e9rer.","breadcrumb":{"@id":"https:\/\/www.cascade.it\/fr\/produits\/fontaines-seches\/accessoires-pour-fontaines-seches\/#breadcrumb"},"inLanguage":"fr-FR","potentialAction":[{"@type":"ReadAction","target":["https:\/\/www.cascade.it\/fr\/produits\/fontaines-seches\/accessoires-pour-fontaines-seches\/"]}]},{"@type":"BreadcrumbList","@id":"https:\/\/www.cascade.it\/fr\/produits\/fontaines-seches\/accessoires-pour-fontaines-seches\/#breadcrumb","itemListElement":[{"@type":"ListItem","position":1,"name":"Home","item":"https:\/\/www.cascade.it\/fr\/"},{"@type":"ListItem","position":2,"name":"Produits","item":"https:\/\/www.cascade.it\/fr\/produits\/"},{"@type":"ListItem","position":3,"name":"Fontaines s\u00e8ches","item":"https:\/\/www.cascade.it\/fr\/produits\/fontaines-seches\/"},{"@type":"ListItem","position":4,"name":"Accessoires pour fontaines s\u00e8ches"}]},{"@type":"WebSite","@id":"https:\/\/www.cascade.it\/fr\/#website","url":"https:\/\/www.cascade.it\/fr\/","name":"Cascade","description":"More than a fountain","potentialAction":[{"@type":"SearchAction","target":{"@type":"EntryPoint","urlTemplate":"https:\/\/www.cascade.it\/fr\/?s={search_term_string}"},"query-input":{"@type":"PropertyValueSpecification","valueRequired":true,"valueName":"search_term_string"}}],"inLanguage":"fr-FR"}]}},"_links":{"self":[{"href":"https:\/\/www.cascade.it\/fr\/wp-json\/wp\/v2\/pages\/8589","targetHints":{"allow":["GET"]}}],"collection":[{"href":"https:\/\/www.cascade.it\/fr\/wp-json\/wp\/v2\/pages"}],"about":[{"href":"https:\/\/www.cascade.it\/fr\/wp-json\/wp\/v2\/types\/page"}],"author":[{"embeddable":true,"href":"https:\/\/www.cascade.it\/fr\/wp-json\/wp\/v2\/users\/1"}],"replies":[{"embeddable":true,"href":"https:\/\/www.cascade.it\/fr\/wp-json\/wp\/v2\/comments?post=8589"}],"version-history":[{"count":5,"href":"https:\/\/www.cascade.it\/fr\/wp-json\/wp\/v2\/pages\/8589\/revisions"}],"predecessor-version":[{"id":9846,"href":"https:\/\/www.cascade.it\/fr\/wp-json\/wp\/v2\/pages\/8589\/revisions\/9846"}],"up":[{"embeddable":true,"href":"https:\/\/www.cascade.it\/fr\/wp-json\/wp\/v2\/pages\/8581"}],"wp:attachment":[{"href":"https:\/\/www.cascade.it\/fr\/wp-json\/wp\/v2\/media?parent=8589"}],"curies":[{"name":"wp","href":"https:\/\/api.w.org\/{rel}","templated":true}]}}