{"id":8554,"date":"2020-02-26T15:41:14","date_gmt":"2020-02-26T14:41:14","guid":{"rendered":"https:\/\/www.cascade.it\/new\/fari-led-subacquei-per-fontane\/"},"modified":"2020-07-15T15:18:59","modified_gmt":"2020-07-15T13:18:59","slug":"eclairage-immerge-led","status":"publish","type":"page","link":"https:\/\/www.cascade.it\/fr\/produits\/eclairage-immerge-led\/","title":{"rendered":"\u00c9clairage immerg\u00e9 LED"},"content":{"rendered":"<p>[vc_row][vc_column width=\u00a0\u00bb1\/6&Prime;][\/vc_column][vc_column width=\u00a0\u00bb2\/3&Prime;][vc_custom_heading text=\u00a0\u00bb\u00c9clairage immerg\u00e9 LED pour fontaines\u00a0\u00bb font_container=\u00a0\u00bbtag:h1|font_size:40|text_align:left|color:%231e73be\u00a0\u00bb use_theme_fonts=\u00a0\u00bb\u00a0\u00bb google_fonts=\u00a0\u00bbfont_family:Roboto%3A100%2C100italic%2C300%2C300italic%2Cregular%2Citalic%2C500%2C500italic%2C700%2C700italic%2C900%2C900italic|font_style:300%20light%20regular%3A300%3Anormal\u00a0\u00bb spacing_heading=\u00a0\u00bb\u00a0\u00bb spacing_heading_tab=\u00a0\u00bb\u00a0\u00bb spacing_heading_mobile=\u00a0\u00bb\u00a0\u00bb responsive_font_size=\u00a0\u00bbyes\u00a0\u00bb custom_font_size_tab=\u00a0\u00bb40&Prime;][vc_column_text]<\/p>\n<h3 id=\"tw-target-text\" class=\"tw-data-text tw-text-large XcVN5d tw-ta\" dir=\"ltr\" data-placeholder=\"Traduzione\"><span lang=\"fr\">Lampes immerg\u00e9es pour fontaines et piscines <\/span><\/h3>\n<p class=\"tw-data-text tw-text-large XcVN5d tw-ta\" dir=\"ltr\" data-placeholder=\"Traduzione\"><span lang=\"fr\">Cascade propose une s\u00e9rie compl\u00e8te de <strong>lampes LED immerg\u00e9es<\/strong> pour <strong>fontaines<\/strong> et piscines, RGB et RGBW, de derni\u00e8re g\u00e9n\u00e9ration, avec une large gamme d&rsquo;accessoires (c\u00e2bles d&rsquo;immersion permanents, niches encastr\u00e9es, ancres, etc.) et de dispositifs de contr\u00f4le. <\/span><\/p>\n<h3 class=\"tw-data-text tw-text-large XcVN5d tw-ta\" dir=\"ltr\" data-placeholder=\"Traduzione\"><span lang=\"fr\">P<\/span>ourquoi choisir les projecteurs immerg\u00e9s Cascade<\/h3>\n<ul>\n<li class=\"tw-data-text tw-text-large XcVN5d tw-ta\" dir=\"ltr\" data-placeholder=\"Traduzione\"><span lang=\"fr\"><strong>Projecteurs \u00e0 immersion<\/strong> \u00e0 haut niveau de protection (<strong>IP68<\/strong>)<\/span><\/li>\n<li dir=\"ltr\" data-placeholder=\"Traduzione\"><strong>Entretien facile<\/strong> (ils peuvent \u00eatre d\u00e9mont\u00e9s et accessibles dans toutes leurs pi\u00e8ces)<\/li>\n<li dir=\"ltr\" data-placeholder=\"Traduzione\">Driver LED <strong>\u00e0 bord <\/strong><\/li>\n<li dir=\"ltr\" data-placeholder=\"Traduzione\"><strong>Large gamme de puissances<\/strong> disponibles<\/li>\n<li dir=\"ltr\" data-placeholder=\"Traduzione\">Disponibles en <strong>acier inox<\/strong> AISI 316 L (s\u00e9rie Mizar) et en <strong>polyamide<\/strong> (s\u00e9rie Poli)<\/li>\n<li dir=\"ltr\" data-placeholder=\"Traduzione\"><strong>Optiques<\/strong> sp\u00e9cifique pour <strong>m\u00e9langer les couleurs<\/strong> (s\u00e9rie Mizar)<\/li>\n<li dir=\"ltr\" data-placeholder=\"Traduzione\"><strong>Capteur de temp\u00e9rature<\/strong> interne (dans la version <strong>DMX,<\/strong> s\u00e9rie Mizar)<\/li>\n<li dir=\"ltr\" data-placeholder=\"Traduzione\">LED <strong>RGBW <\/strong><em>full color<\/em> (4 en 1),\u00a0<strong>RGB<\/strong>\u00a0<em>full color<\/em> (3 en 1) ou <strong>monochromes<\/strong> (selon le mod\u00e8le)<\/li>\n<\/ul>\n<p>Le design \u00e9l\u00e9gant de la s\u00e9rie Mizar rend les projecteurs LED Cascade \u00e9galement adapt\u00e9s \u00e0 <strong>l&rsquo;\u00e9clairage ext\u00e9rieur<\/strong> et <strong>architectural.<\/strong>[\/vc_column_text][\/vc_column][vc_column width=\u00a0\u00bb1\/6&Prime;][\/vc_column][\/vc_row]<\/p>\n","protected":false},"excerpt":{"rendered":"<p>[vc_row][vc_column width=\u00a0\u00bb1\/6&Prime;][\/vc_column][vc_column width=\u00a0\u00bb2\/3&Prime;][vc_custom_heading text=\u00a0\u00bb\u00c9clairage immerg\u00e9 LED pour fontaines\u00a0\u00bb font_container=\u00a0\u00bbtag:h1|font_size:40|text_align:left|color:%231e73be\u00a0\u00bb use_theme_fonts=\u00a0\u00bb\u00a0\u00bb google_fonts=\u00a0\u00bbfont_family:Roboto%3A100%2C100italic%2C300%2C300italic%2Cregular%2Citalic%2C500%2C500italic%2C700%2C700italic%2C900%2C900italic|font_style:300%20light%20regular%3A300%3Anormal\u00a0\u00bb spacing_heading=\u00a0\u00bb\u00a0\u00bb spacing_heading_tab=\u00a0\u00bb\u00a0\u00bb spacing_heading_mobile=\u00a0\u00bb\u00a0\u00bb responsive_font_size=\u00a0\u00bbyes\u00a0\u00bb custom_font_size_tab=\u00a0\u00bb40&Prime;][vc_column_text] Lampes immerg\u00e9es pour fontaines et piscines Cascade propose une s\u00e9rie compl\u00e8te de lampes LED immerg\u00e9es pour fontaines et piscines, RGB et RGBW, de derni\u00e8re g\u00e9n\u00e9ration, avec une large gamme d&rsquo;accessoires (c\u00e2bles d&rsquo;immersion permanents, niches encastr\u00e9es, ancres, etc.) et de [&hellip;]<\/p>\n","protected":false},"author":1,"featured_media":0,"parent":9798,"menu_order":0,"comment_status":"closed","ping_status":"closed","template":"","meta":{"footnotes":""},"class_list":["post-8554","page","type-page","status-publish","hentry"],"yoast_head":"<!-- This site is optimized with the Yoast SEO plugin v26.7 - https:\/\/yoast.com\/wordpress\/plugins\/seo\/ -->\n<title>\u00c9clairage immerg\u00e9 LED pour fontaines - Cascade<\/title>\n<meta name=\"description\" content=\"Cascade propose une large gamme de projecteurs LED immerg\u00e9s pour fontaines, monochromatiques, RGB ou RGBW, en acier inoxydable ou polyamide, DMX-RDM.\" \/>\n<meta name=\"robots\" content=\"index, follow, max-snippet:-1, max-image-preview:large, max-video-preview:-1\" \/>\n<link rel=\"canonical\" href=\"https:\/\/www.cascade.it\/fr\/produits\/eclairage-immerge-led\/\" \/>\n<meta property=\"og:locale\" content=\"fr_FR\" \/>\n<meta property=\"og:type\" content=\"article\" \/>\n<meta property=\"og:title\" content=\"\u00c9clairage immerg\u00e9 LED pour fontaines - Cascade\" \/>\n<meta property=\"og:description\" content=\"Cascade propose une large gamme de projecteurs LED immerg\u00e9s pour fontaines, monochromatiques, RGB ou RGBW, en acier inoxydable ou polyamide, DMX-RDM.\" \/>\n<meta property=\"og:url\" content=\"https:\/\/www.cascade.it\/fr\/produits\/eclairage-immerge-led\/\" \/>\n<meta property=\"og:site_name\" content=\"Cascade\" \/>\n<meta property=\"article:modified_time\" content=\"2020-07-15T13:18:59+00:00\" \/>\n<meta name=\"twitter:card\" content=\"summary_large_image\" \/>\n<meta name=\"twitter:label1\" content=\"Dur\u00e9e de lecture estim\u00e9e\" \/>\n\t<meta name=\"twitter:data1\" content=\"1 minute\" \/>\n<!-- \/ Yoast SEO plugin. -->","yoast_head_json":{"title":"\u00c9clairage immerg\u00e9 LED pour fontaines - Cascade","description":"Cascade propose une large gamme de projecteurs LED immerg\u00e9s pour fontaines, monochromatiques, RGB ou RGBW, en acier inoxydable ou polyamide, DMX-RDM.","robots":{"index":"index","follow":"follow","max-snippet":"max-snippet:-1","max-image-preview":"max-image-preview:large","max-video-preview":"max-video-preview:-1"},"canonical":"https:\/\/www.cascade.it\/fr\/produits\/eclairage-immerge-led\/","og_locale":"fr_FR","og_type":"article","og_title":"\u00c9clairage immerg\u00e9 LED pour fontaines - Cascade","og_description":"Cascade propose une large gamme de projecteurs LED immerg\u00e9s pour fontaines, monochromatiques, RGB ou RGBW, en acier inoxydable ou polyamide, DMX-RDM.","og_url":"https:\/\/www.cascade.it\/fr\/produits\/eclairage-immerge-led\/","og_site_name":"Cascade","article_modified_time":"2020-07-15T13:18:59+00:00","twitter_card":"summary_large_image","twitter_misc":{"Dur\u00e9e de lecture estim\u00e9e":"1 minute"},"schema":{"@context":"https:\/\/schema.org","@graph":[{"@type":"WebPage","@id":"https:\/\/www.cascade.it\/fr\/produits\/eclairage-immerge-led\/","url":"https:\/\/www.cascade.it\/fr\/produits\/eclairage-immerge-led\/","name":"\u00c9clairage immerg\u00e9 LED pour fontaines - Cascade","isPartOf":{"@id":"https:\/\/www.cascade.it\/fr\/#website"},"datePublished":"2020-02-26T14:41:14+00:00","dateModified":"2020-07-15T13:18:59+00:00","description":"Cascade propose une large gamme de projecteurs LED immerg\u00e9s pour fontaines, monochromatiques, RGB ou RGBW, en acier inoxydable ou polyamide, DMX-RDM.","breadcrumb":{"@id":"https:\/\/www.cascade.it\/fr\/produits\/eclairage-immerge-led\/#breadcrumb"},"inLanguage":"fr-FR","potentialAction":[{"@type":"ReadAction","target":["https:\/\/www.cascade.it\/fr\/produits\/eclairage-immerge-led\/"]}]},{"@type":"BreadcrumbList","@id":"https:\/\/www.cascade.it\/fr\/produits\/eclairage-immerge-led\/#breadcrumb","itemListElement":[{"@type":"ListItem","position":1,"name":"Home","item":"https:\/\/www.cascade.it\/fr\/"},{"@type":"ListItem","position":2,"name":"Produits","item":"https:\/\/www.cascade.it\/fr\/produits\/"},{"@type":"ListItem","position":3,"name":"\u00c9clairage immerg\u00e9 LED"}]},{"@type":"WebSite","@id":"https:\/\/www.cascade.it\/fr\/#website","url":"https:\/\/www.cascade.it\/fr\/","name":"Cascade","description":"More than a fountain","potentialAction":[{"@type":"SearchAction","target":{"@type":"EntryPoint","urlTemplate":"https:\/\/www.cascade.it\/fr\/?s={search_term_string}"},"query-input":{"@type":"PropertyValueSpecification","valueRequired":true,"valueName":"search_term_string"}}],"inLanguage":"fr-FR"}]}},"_links":{"self":[{"href":"https:\/\/www.cascade.it\/fr\/wp-json\/wp\/v2\/pages\/8554","targetHints":{"allow":["GET"]}}],"collection":[{"href":"https:\/\/www.cascade.it\/fr\/wp-json\/wp\/v2\/pages"}],"about":[{"href":"https:\/\/www.cascade.it\/fr\/wp-json\/wp\/v2\/types\/page"}],"author":[{"embeddable":true,"href":"https:\/\/www.cascade.it\/fr\/wp-json\/wp\/v2\/users\/1"}],"replies":[{"embeddable":true,"href":"https:\/\/www.cascade.it\/fr\/wp-json\/wp\/v2\/comments?post=8554"}],"version-history":[{"count":11,"href":"https:\/\/www.cascade.it\/fr\/wp-json\/wp\/v2\/pages\/8554\/revisions"}],"predecessor-version":[{"id":10152,"href":"https:\/\/www.cascade.it\/fr\/wp-json\/wp\/v2\/pages\/8554\/revisions\/10152"}],"up":[{"embeddable":true,"href":"https:\/\/www.cascade.it\/fr\/wp-json\/wp\/v2\/pages\/9798"}],"wp:attachment":[{"href":"https:\/\/www.cascade.it\/fr\/wp-json\/wp\/v2\/media?parent=8554"}],"curies":[{"name":"wp","href":"https:\/\/api.w.org\/{rel}","templated":true}]}}