{"id":8535,"date":"2020-02-26T15:19:25","date_gmt":"2020-02-26T14:19:25","guid":{"rendered":"https:\/\/www.cascade.it\/new\/anelli-e-collettori-inox-per-fontane\/"},"modified":"2020-06-18T10:53:11","modified_gmt":"2020-06-18T08:53:11","slug":"anneaux-et-collecteurs-inox-pour-fontaines","status":"publish","type":"page","link":"https:\/\/www.cascade.it\/fr\/produits\/anneaux-et-collecteurs-inox-pour-fontaines\/","title":{"rendered":"Anneaux collecteurs inox pour fontaines"},"content":{"rendered":"<p>[vc_row][vc_column width=\u00a0\u00bb1\/6&Prime;][\/vc_column][vc_column width=\u00a0\u00bb2\/3&Prime;][vc_custom_heading text=\u00a0\u00bbAnneaux et collecteurs inox pour fontaines\u00a0\u00bb font_container=\u00a0\u00bbtag:h1|font_size:40|text_align:left|color:%231e73be\u00a0\u00bb use_theme_fonts=\u00a0\u00bb\u00a0\u00bb google_fonts=\u00a0\u00bbfont_family:Roboto%3A100%2C100italic%2C300%2C300italic%2Cregular%2Citalic%2C500%2C500italic%2C700%2C700italic%2C900%2C900italic|font_style:300%20light%20regular%3A300%3Anormal\u00a0\u00bb spacing_heading=\u00a0\u00bb\u00a0\u00bb spacing_heading_tab=\u00a0\u00bb\u00a0\u00bb spacing_heading_mobile=\u00a0\u00bb\u00a0\u00bb responsive_font_size=\u00a0\u00bbyes\u00a0\u00bb custom_font_size_tab=\u00a0\u00bb40&Prime; custom_font_size_mobile=\u00a0\u00bb30&Prime;]<div class=\"woocommerce columns-5 \"><ul class=\"products columns-5 agni-products agni-products-5-column\" style=\"margin: 0 -5px;\" data-shop-grid=\"masonry\" data-gutter=\"10\" ><li class=\"shop-column product-hover-style-2 text-center  animate product type-product post-2661 status-publish first instock product_cat-anneaux-et-collecteurs-inox has-post-thumbnail shipping-taxable product-type-simple\" style=\" -webkit-animation-duration: 0.8s; -webkit-animation-delay: 0.4s; animation-duration: 0.8s; animation-delay: 0.4s; margin: 5px 0; padding: 0 5px;\"  data-animation=\"fadeInUp\" data-animation-offset=\"100%\">\n\t\n\t<div class=\"product-thumbnail\"><a href=\"https:\/\/www.cascade.it\/fr\/prodotto\/accessoires-anneaux\/\" class=\"woocommerce-LoopProduct-link woocommerce-loop-product__link\"><img loading=\"lazy\" decoding=\"async\" width=\"300\" height=\"300\" src=\"https:\/\/www.cascade.it\/new\/wp-content\/uploads\/Prodotti\/Anelli_inox_per_fontane\/ACCESSORI-PER-ANELLI-300x300.jpg\" class=\"attachment-shop_catalog size-shop_catalog wp-post-image\" alt=\"ACCESSORI PER ANELLI\" title=\"ACCESSORI PER ANELLI\" srcset=\"https:\/\/www.cascade.it\/new\/wp-content\/uploads\/Prodotti\/Anelli_inox_per_fontane\/ACCESSORI-PER-ANELLI-300x300.jpg 300w, https:\/\/www.cascade.it\/new\/wp-content\/uploads\/Prodotti\/Anelli_inox_per_fontane\/ACCESSORI-PER-ANELLI-150x150.jpg 150w, https:\/\/www.cascade.it\/new\/wp-content\/uploads\/Prodotti\/Anelli_inox_per_fontane\/ACCESSORI-PER-ANELLI-768x768.jpg 768w, https:\/\/www.cascade.it\/new\/wp-content\/uploads\/Prodotti\/Anelli_inox_per_fontane\/ACCESSORI-PER-ANELLI-1024x1024.jpg 1024w, https:\/\/www.cascade.it\/new\/wp-content\/uploads\/Prodotti\/Anelli_inox_per_fontane\/ACCESSORI-PER-ANELLI-960x960.jpg 960w, https:\/\/www.cascade.it\/new\/wp-content\/uploads\/Prodotti\/Anelli_inox_per_fontane\/ACCESSORI-PER-ANELLI-600x600.jpg 600w, https:\/\/www.cascade.it\/new\/wp-content\/uploads\/Prodotti\/Anelli_inox_per_fontane\/ACCESSORI-PER-ANELLI-100x100.jpg 100w, https:\/\/www.cascade.it\/new\/wp-content\/uploads\/Prodotti\/Anelli_inox_per_fontane\/ACCESSORI-PER-ANELLI.jpg 1300w\" sizes=\"auto, (max-width: 300px) 100vw, 300px\" \/><\/a><div class=\"buttons product-buttons\"><\/div><\/div><div class=\"product-content\" ><h5 class=\"product-title\"><a href=\"https:\/\/www.cascade.it\/fr\/prodotto\/accessoires-anneaux\/\">Accessoires pour anneaux pour fontaines<\/a><\/h5><div class=\"product-meta\"><\/div><\/div>\n<\/li>\n<li class=\"shop-column product-hover-style-2 text-center  animate product type-product post-2667 status-publish instock product_cat-anneaux-et-collecteurs-inox has-post-thumbnail shipping-taxable product-type-simple\" style=\" -webkit-animation-duration: 0.8s; -webkit-animation-delay: 0.8s; animation-duration: 0.8s; animation-delay: 0.8s; margin: 5px 0; padding: 0 5px;\"  data-animation=\"fadeInUp\" data-animation-offset=\"100%\">\n\t\n\t<div class=\"product-thumbnail\"><a href=\"https:\/\/www.cascade.it\/fr\/prodotto\/anneaux-inox-sur-mesure\/\" class=\"woocommerce-LoopProduct-link woocommerce-loop-product__link\"><img loading=\"lazy\" decoding=\"async\" width=\"300\" height=\"300\" src=\"https:\/\/www.cascade.it\/new\/wp-content\/uploads\/2020\/06\/ANELLI-SU-MISURA-300x300.jpg\" class=\"attachment-shop_catalog size-shop_catalog wp-post-image\" alt=\"ANELLI SU MISURA\" title=\"ANELLI SU MISURA\" srcset=\"https:\/\/www.cascade.it\/new\/wp-content\/uploads\/2020\/06\/ANELLI-SU-MISURA-300x300.jpg 300w, https:\/\/www.cascade.it\/new\/wp-content\/uploads\/2020\/06\/ANELLI-SU-MISURA-150x150.jpg 150w, https:\/\/www.cascade.it\/new\/wp-content\/uploads\/2020\/06\/ANELLI-SU-MISURA-768x768.jpg 768w, https:\/\/www.cascade.it\/new\/wp-content\/uploads\/2020\/06\/ANELLI-SU-MISURA-1024x1024.jpg 1024w, https:\/\/www.cascade.it\/new\/wp-content\/uploads\/2020\/06\/ANELLI-SU-MISURA-960x960.jpg 960w, https:\/\/www.cascade.it\/new\/wp-content\/uploads\/2020\/06\/ANELLI-SU-MISURA-600x600.jpg 600w, https:\/\/www.cascade.it\/new\/wp-content\/uploads\/2020\/06\/ANELLI-SU-MISURA-100x100.jpg 100w, https:\/\/www.cascade.it\/new\/wp-content\/uploads\/2020\/06\/ANELLI-SU-MISURA.jpg 1300w\" sizes=\"auto, (max-width: 300px) 100vw, 300px\" \/><\/a><div class=\"buttons product-buttons\"><\/div><\/div><div class=\"product-content\" ><h5 class=\"product-title\"><a href=\"https:\/\/www.cascade.it\/fr\/prodotto\/anneaux-inox-sur-mesure\/\">Anneaux et collecteurs inox sur mesure pour fontaines<\/a><\/h5><div class=\"product-meta\"><\/div><\/div>\n<\/li>\n<li class=\"shop-column product-hover-style-2 text-center  animate product type-product post-2673 status-publish instock product_cat-anneaux-et-collecteurs-inox has-post-thumbnail shipping-taxable product-type-simple\" style=\" -webkit-animation-duration: 0.8s; -webkit-animation-delay: 1.2s; animation-duration: 0.8s; animation-delay: 1.2s; margin: 5px 0; padding: 0 5px;\"  data-animation=\"fadeInUp\" data-animation-offset=\"100%\">\n\t\n\t<div class=\"product-thumbnail\"><a href=\"https:\/\/www.cascade.it\/fr\/prodotto\/anneaux-inox-standard-pour-fontaines\/\" class=\"woocommerce-LoopProduct-link woocommerce-loop-product__link\"><img loading=\"lazy\" decoding=\"async\" width=\"300\" height=\"300\" src=\"https:\/\/www.cascade.it\/new\/wp-content\/uploads\/Prodotti\/Anelli_inox_per_fontane\/ANELLI-INOX-STANDARD-300x300.jpg\" class=\"attachment-shop_catalog size-shop_catalog wp-post-image\" alt=\"ANELLI INOX STANDARD\" title=\"ANELLI INOX STANDARD\" srcset=\"https:\/\/www.cascade.it\/new\/wp-content\/uploads\/Prodotti\/Anelli_inox_per_fontane\/ANELLI-INOX-STANDARD-300x300.jpg 300w, https:\/\/www.cascade.it\/new\/wp-content\/uploads\/Prodotti\/Anelli_inox_per_fontane\/ANELLI-INOX-STANDARD-150x150.jpg 150w, https:\/\/www.cascade.it\/new\/wp-content\/uploads\/Prodotti\/Anelli_inox_per_fontane\/ANELLI-INOX-STANDARD-768x768.jpg 768w, https:\/\/www.cascade.it\/new\/wp-content\/uploads\/Prodotti\/Anelli_inox_per_fontane\/ANELLI-INOX-STANDARD-1024x1024.jpg 1024w, https:\/\/www.cascade.it\/new\/wp-content\/uploads\/Prodotti\/Anelli_inox_per_fontane\/ANELLI-INOX-STANDARD-960x960.jpg 960w, https:\/\/www.cascade.it\/new\/wp-content\/uploads\/Prodotti\/Anelli_inox_per_fontane\/ANELLI-INOX-STANDARD-600x600.jpg 600w, https:\/\/www.cascade.it\/new\/wp-content\/uploads\/Prodotti\/Anelli_inox_per_fontane\/ANELLI-INOX-STANDARD-100x100.jpg 100w, https:\/\/www.cascade.it\/new\/wp-content\/uploads\/Prodotti\/Anelli_inox_per_fontane\/ANELLI-INOX-STANDARD.jpg 1300w\" sizes=\"auto, (max-width: 300px) 100vw, 300px\" \/><\/a><div class=\"buttons product-buttons\"><\/div><\/div><div class=\"product-content\" ><h5 class=\"product-title\"><a href=\"https:\/\/www.cascade.it\/fr\/prodotto\/anneaux-inox-standard-pour-fontaines\/\">Anneaux inox standard pour fontaines<\/a><\/h5><div class=\"product-meta\"><\/div><\/div>\n<\/li>\n<\/ul><\/div>[\/vc_column][vc_column width=\u00a0\u00bb1\/6&Prime;][\/vc_column][\/vc_row]<\/p>\n","protected":false},"excerpt":{"rendered":"<p>[vc_row][vc_column width=\u00a0\u00bb1\/6&Prime;][\/vc_column][vc_column width=\u00a0\u00bb2\/3&Prime;][vc_custom_heading text=\u00a0\u00bbAnneaux et collecteurs inox pour fontaines\u00a0\u00bb font_container=\u00a0\u00bbtag:h1|font_size:40|text_align:left|color:%231e73be\u00a0\u00bb use_theme_fonts=\u00a0\u00bb\u00a0\u00bb google_fonts=\u00a0\u00bbfont_family:Roboto%3A100%2C100italic%2C300%2C300italic%2Cregular%2Citalic%2C500%2C500italic%2C700%2C700italic%2C900%2C900italic|font_style:300%20light%20regular%3A300%3Anormal\u00a0\u00bb spacing_heading=\u00a0\u00bb\u00a0\u00bb spacing_heading_tab=\u00a0\u00bb\u00a0\u00bb spacing_heading_mobile=\u00a0\u00bb\u00a0\u00bb responsive_font_size=\u00a0\u00bbyes\u00a0\u00bb custom_font_size_tab=\u00a0\u00bb40&Prime; custom_font_size_mobile=\u00a0\u00bb30&Prime;][\/vc_column][vc_column width=\u00a0\u00bb1\/6&Prime;][\/vc_column][\/vc_row]<\/p>\n","protected":false},"author":1,"featured_media":0,"parent":9798,"menu_order":0,"comment_status":"closed","ping_status":"closed","template":"","meta":{"footnotes":""},"class_list":["post-8535","page","type-page","status-publish","hentry"],"yoast_head":"<!-- This site is optimized with the Yoast SEO plugin v26.7 - https:\/\/yoast.com\/wordpress\/plugins\/seo\/ -->\n<title>Anneaux et collecteurs inox pour fontaines - Cascade<\/title>\n<meta name=\"description\" content=\"Cascade con\u00e7oit et fabrique des anneaux et des collecteurs en acier inox pour fontaines, \u00e0 la fois standard et sur mesure selon le syst\u00e8me \u00e0 construire.\" \/>\n<meta name=\"robots\" content=\"index, follow, max-snippet:-1, max-image-preview:large, max-video-preview:-1\" \/>\n<link rel=\"canonical\" href=\"https:\/\/www.cascade.it\/fr\/produits\/anneaux-et-collecteurs-inox-pour-fontaines\/\" \/>\n<meta property=\"og:locale\" content=\"fr_FR\" \/>\n<meta property=\"og:type\" content=\"article\" \/>\n<meta property=\"og:title\" content=\"Anneaux et collecteurs inox pour fontaines - Cascade\" \/>\n<meta property=\"og:description\" content=\"Cascade con\u00e7oit et fabrique des anneaux et des collecteurs en acier inox pour fontaines, \u00e0 la fois standard et sur mesure selon le syst\u00e8me \u00e0 construire.\" \/>\n<meta property=\"og:url\" content=\"https:\/\/www.cascade.it\/fr\/produits\/anneaux-et-collecteurs-inox-pour-fontaines\/\" \/>\n<meta property=\"og:site_name\" content=\"Cascade\" \/>\n<meta property=\"article:modified_time\" content=\"2020-06-18T08:53:11+00:00\" \/>\n<meta name=\"twitter:card\" content=\"summary_large_image\" \/>\n<meta name=\"twitter:label1\" content=\"Dur\u00e9e de lecture estim\u00e9e\" \/>\n\t<meta name=\"twitter:data1\" content=\"1 minute\" \/>\n<!-- \/ Yoast SEO plugin. -->","yoast_head_json":{"title":"Anneaux et collecteurs inox pour fontaines - Cascade","description":"Cascade con\u00e7oit et fabrique des anneaux et des collecteurs en acier inox pour fontaines, \u00e0 la fois standard et sur mesure selon le syst\u00e8me \u00e0 construire.","robots":{"index":"index","follow":"follow","max-snippet":"max-snippet:-1","max-image-preview":"max-image-preview:large","max-video-preview":"max-video-preview:-1"},"canonical":"https:\/\/www.cascade.it\/fr\/produits\/anneaux-et-collecteurs-inox-pour-fontaines\/","og_locale":"fr_FR","og_type":"article","og_title":"Anneaux et collecteurs inox pour fontaines - Cascade","og_description":"Cascade con\u00e7oit et fabrique des anneaux et des collecteurs en acier inox pour fontaines, \u00e0 la fois standard et sur mesure selon le syst\u00e8me \u00e0 construire.","og_url":"https:\/\/www.cascade.it\/fr\/produits\/anneaux-et-collecteurs-inox-pour-fontaines\/","og_site_name":"Cascade","article_modified_time":"2020-06-18T08:53:11+00:00","twitter_card":"summary_large_image","twitter_misc":{"Dur\u00e9e de lecture estim\u00e9e":"1 minute"},"schema":{"@context":"https:\/\/schema.org","@graph":[{"@type":"WebPage","@id":"https:\/\/www.cascade.it\/fr\/produits\/anneaux-et-collecteurs-inox-pour-fontaines\/","url":"https:\/\/www.cascade.it\/fr\/produits\/anneaux-et-collecteurs-inox-pour-fontaines\/","name":"Anneaux et collecteurs inox pour fontaines - Cascade","isPartOf":{"@id":"https:\/\/www.cascade.it\/fr\/#website"},"datePublished":"2020-02-26T14:19:25+00:00","dateModified":"2020-06-18T08:53:11+00:00","description":"Cascade con\u00e7oit et fabrique des anneaux et des collecteurs en acier inox pour fontaines, \u00e0 la fois standard et sur mesure selon le syst\u00e8me \u00e0 construire.","breadcrumb":{"@id":"https:\/\/www.cascade.it\/fr\/produits\/anneaux-et-collecteurs-inox-pour-fontaines\/#breadcrumb"},"inLanguage":"fr-FR","potentialAction":[{"@type":"ReadAction","target":["https:\/\/www.cascade.it\/fr\/produits\/anneaux-et-collecteurs-inox-pour-fontaines\/"]}]},{"@type":"BreadcrumbList","@id":"https:\/\/www.cascade.it\/fr\/produits\/anneaux-et-collecteurs-inox-pour-fontaines\/#breadcrumb","itemListElement":[{"@type":"ListItem","position":1,"name":"Home","item":"https:\/\/www.cascade.it\/fr\/"},{"@type":"ListItem","position":2,"name":"Produits","item":"https:\/\/www.cascade.it\/fr\/produits\/"},{"@type":"ListItem","position":3,"name":"Anneaux collecteurs inox pour fontaines"}]},{"@type":"WebSite","@id":"https:\/\/www.cascade.it\/fr\/#website","url":"https:\/\/www.cascade.it\/fr\/","name":"Cascade","description":"More than a fountain","potentialAction":[{"@type":"SearchAction","target":{"@type":"EntryPoint","urlTemplate":"https:\/\/www.cascade.it\/fr\/?s={search_term_string}"},"query-input":{"@type":"PropertyValueSpecification","valueRequired":true,"valueName":"search_term_string"}}],"inLanguage":"fr-FR"}]}},"_links":{"self":[{"href":"https:\/\/www.cascade.it\/fr\/wp-json\/wp\/v2\/pages\/8535","targetHints":{"allow":["GET"]}}],"collection":[{"href":"https:\/\/www.cascade.it\/fr\/wp-json\/wp\/v2\/pages"}],"about":[{"href":"https:\/\/www.cascade.it\/fr\/wp-json\/wp\/v2\/types\/page"}],"author":[{"embeddable":true,"href":"https:\/\/www.cascade.it\/fr\/wp-json\/wp\/v2\/users\/1"}],"replies":[{"embeddable":true,"href":"https:\/\/www.cascade.it\/fr\/wp-json\/wp\/v2\/comments?post=8535"}],"version-history":[{"count":4,"href":"https:\/\/www.cascade.it\/fr\/wp-json\/wp\/v2\/pages\/8535\/revisions"}],"predecessor-version":[{"id":9863,"href":"https:\/\/www.cascade.it\/fr\/wp-json\/wp\/v2\/pages\/8535\/revisions\/9863"}],"up":[{"embeddable":true,"href":"https:\/\/www.cascade.it\/fr\/wp-json\/wp\/v2\/pages\/9798"}],"wp:attachment":[{"href":"https:\/\/www.cascade.it\/fr\/wp-json\/wp\/v2\/media?parent=8535"}],"curies":[{"name":"wp","href":"https:\/\/api.w.org\/{rel}","templated":true}]}}