{"id":8514,"date":"2020-02-26T12:37:59","date_gmt":"2020-02-26T11:37:59","guid":{"rendered":"https:\/\/www.cascade.it\/new\/accessori-elettrici-per-fontane\/"},"modified":"2020-07-20T11:47:51","modified_gmt":"2020-07-20T09:47:51","slug":"accessoires-electriques-pour-fontaines","status":"publish","type":"page","link":"https:\/\/www.cascade.it\/fr\/produits\/accessoires-electriques-pour-fontaines\/","title":{"rendered":"Accessoires \u00e9lectriques pour fontaines"},"content":{"rendered":"<p>[vc_row][vc_column width=\u00a0\u00bb1\/6&Prime;][\/vc_column][vc_column width=\u00a0\u00bb2\/3&Prime;][vc_custom_heading text=\u00a0\u00bbAccessoires \u00e9lectriques pour fontaines\u00a0\u00bb font_container=\u00a0\u00bbtag:h1|font_size:40|text_align:left|color:%231e73be\u00a0\u00bb use_theme_fonts=\u00a0\u00bb\u00a0\u00bb google_fonts=\u00a0\u00bbfont_family:Roboto%3A100%2C100italic%2C300%2C300italic%2Cregular%2Citalic%2C500%2C500italic%2C700%2C700italic%2C900%2C900italic|font_style:300%20light%20regular%3A300%3Anormal\u00a0\u00bb responsive_font_size=\u00a0\u00bbyes\u00a0\u00bb custom_font_size_tab=\u00a0\u00bb40&Prime; custom_font_size_mobile=\u00a0\u00bb30&Prime;]<div class=\"woocommerce columns-5 \"><ul class=\"products columns-5 agni-products agni-products-5-column\" style=\"margin: 0 -5px;\" data-shop-grid=\"masonry\" data-gutter=\"10\" ><li class=\"shop-column product-hover-style-2 text-center  animate product type-product post-9971 status-publish first instock product_cat-accessoires-electriques-fontaines product_cat-accessoires-electriques-pompes has-post-thumbnail shipping-taxable product-type-simple\" style=\" -webkit-animation-duration: 0.8s; -webkit-animation-delay: 0.4s; animation-duration: 0.8s; animation-delay: 0.4s; margin: 5px 0; padding: 0 5px;\"  data-animation=\"fadeInUp\" data-animation-offset=\"100%\">\n\t\n\t<div class=\"product-thumbnail\"><a href=\"https:\/\/www.cascade.it\/fr\/prodotto\/alimentateurs-ac-dc\/\" class=\"woocommerce-LoopProduct-link woocommerce-loop-product__link\"><img loading=\"lazy\" decoding=\"async\" width=\"300\" height=\"300\" src=\"https:\/\/www.cascade.it\/new\/wp-content\/uploads\/2019\/05\/ALIMENTATORI-A-24VDC-300x300.jpg\" class=\"attachment-shop_catalog size-shop_catalog wp-post-image\" alt=\"ALIMENTATORI A 24VDC\" title=\"ALIMENTATORI A 24VDC\" srcset=\"https:\/\/www.cascade.it\/new\/wp-content\/uploads\/2019\/05\/ALIMENTATORI-A-24VDC-300x300.jpg 300w, https:\/\/www.cascade.it\/new\/wp-content\/uploads\/2019\/05\/ALIMENTATORI-A-24VDC-150x150.jpg 150w, https:\/\/www.cascade.it\/new\/wp-content\/uploads\/2019\/05\/ALIMENTATORI-A-24VDC-768x768.jpg 768w, https:\/\/www.cascade.it\/new\/wp-content\/uploads\/2019\/05\/ALIMENTATORI-A-24VDC-1024x1024.jpg 1024w, https:\/\/www.cascade.it\/new\/wp-content\/uploads\/2019\/05\/ALIMENTATORI-A-24VDC-960x960.jpg 960w, https:\/\/www.cascade.it\/new\/wp-content\/uploads\/2019\/05\/ALIMENTATORI-A-24VDC-600x600.jpg 600w, https:\/\/www.cascade.it\/new\/wp-content\/uploads\/2019\/05\/ALIMENTATORI-A-24VDC-100x100.jpg 100w, https:\/\/www.cascade.it\/new\/wp-content\/uploads\/2019\/05\/ALIMENTATORI-A-24VDC.jpg 1300w\" sizes=\"auto, (max-width: 300px) 100vw, 300px\" \/><\/a><div class=\"buttons product-buttons\"><\/div><\/div><div class=\"product-content\" ><h5 class=\"product-title\"><a href=\"https:\/\/www.cascade.it\/fr\/prodotto\/alimentateurs-ac-dc\/\">Alimentateurs AC-DC<\/a><\/h5><div class=\"product-meta\"><\/div><\/div>\n<\/li>\n<li class=\"shop-column product-hover-style-2 text-center  animate product type-product post-9975 status-publish instock product_cat-accessoires-electriques-fontaines product_cat-accessoires-electriques-pompes has-post-thumbnail shipping-taxable product-type-simple\" style=\" -webkit-animation-duration: 0.8s; -webkit-animation-delay: 0.8s; animation-duration: 0.8s; animation-delay: 0.8s; margin: 5px 0; padding: 0 5px;\"  data-animation=\"fadeInUp\" data-animation-offset=\"100%\">\n\t\n\t<div class=\"product-thumbnail\"><a href=\"https:\/\/www.cascade.it\/fr\/prodotto\/alimentateurs-resines-a-24-vdc\/\" class=\"woocommerce-LoopProduct-link woocommerce-loop-product__link\"><img loading=\"lazy\" decoding=\"async\" width=\"300\" height=\"300\" src=\"https:\/\/www.cascade.it\/new\/wp-content\/uploads\/Prodotti\/Accessori_per_fontane\/Accessori_elettrici\/ALIMENTATORI-RESINATI-A-24-VDC-1-300x300.jpg\" class=\"attachment-shop_catalog size-shop_catalog wp-post-image\" alt=\"ALIMENTATORI RESINATI A 24 VDC\" title=\"ALIMENTATORI RESINATI A 24 VDC\" srcset=\"https:\/\/www.cascade.it\/new\/wp-content\/uploads\/Prodotti\/Accessori_per_fontane\/Accessori_elettrici\/ALIMENTATORI-RESINATI-A-24-VDC-1-300x300.jpg 300w, https:\/\/www.cascade.it\/new\/wp-content\/uploads\/Prodotti\/Accessori_per_fontane\/Accessori_elettrici\/ALIMENTATORI-RESINATI-A-24-VDC-1-150x150.jpg 150w, https:\/\/www.cascade.it\/new\/wp-content\/uploads\/Prodotti\/Accessori_per_fontane\/Accessori_elettrici\/ALIMENTATORI-RESINATI-A-24-VDC-1-768x768.jpg 768w, https:\/\/www.cascade.it\/new\/wp-content\/uploads\/Prodotti\/Accessori_per_fontane\/Accessori_elettrici\/ALIMENTATORI-RESINATI-A-24-VDC-1-1024x1024.jpg 1024w, https:\/\/www.cascade.it\/new\/wp-content\/uploads\/Prodotti\/Accessori_per_fontane\/Accessori_elettrici\/ALIMENTATORI-RESINATI-A-24-VDC-1-960x960.jpg 960w, https:\/\/www.cascade.it\/new\/wp-content\/uploads\/Prodotti\/Accessori_per_fontane\/Accessori_elettrici\/ALIMENTATORI-RESINATI-A-24-VDC-1-600x600.jpg 600w, https:\/\/www.cascade.it\/new\/wp-content\/uploads\/Prodotti\/Accessori_per_fontane\/Accessori_elettrici\/ALIMENTATORI-RESINATI-A-24-VDC-1-100x100.jpg 100w, https:\/\/www.cascade.it\/new\/wp-content\/uploads\/Prodotti\/Accessori_per_fontane\/Accessori_elettrici\/ALIMENTATORI-RESINATI-A-24-VDC-1.jpg 1300w\" sizes=\"auto, (max-width: 300px) 100vw, 300px\" \/><\/a><div class=\"buttons product-buttons\"><\/div><\/div><div class=\"product-content\" ><h5 class=\"product-title\"><a href=\"https:\/\/www.cascade.it\/fr\/prodotto\/alimentateurs-resines-a-24-vdc\/\">Alimentateurs r\u00e9sin\u00e9s AC-DC<\/a><\/h5><div class=\"product-meta\"><\/div><\/div>\n<\/li>\n<li class=\"shop-column product-hover-style-2 text-center  animate product type-product post-9980 status-publish instock product_cat-accessoires-electriques-fontaines product_cat-accessoires-electriques-pompes has-post-thumbnail shipping-taxable product-type-simple\" style=\" -webkit-animation-duration: 0.8s; -webkit-animation-delay: 1.2s; animation-duration: 0.8s; animation-delay: 1.2s; margin: 5px 0; padding: 0 5px;\"  data-animation=\"fadeInUp\" data-animation-offset=\"100%\">\n\t\n\t<div class=\"product-thumbnail\"><a href=\"https:\/\/www.cascade.it\/fr\/prodotto\/cables-submersibles\/\" class=\"woocommerce-LoopProduct-link woocommerce-loop-product__link\"><img loading=\"lazy\" decoding=\"async\" width=\"300\" height=\"300\" src=\"https:\/\/www.cascade.it\/new\/wp-content\/uploads\/Prodotti\/Accessori_per_fontane\/Accessori_elettrici\/CAVI-SUBACQUEI-300x300.jpg\" class=\"attachment-shop_catalog size-shop_catalog wp-post-image\" alt=\"CAVI SUBACQUEI\" title=\"CAVI SUBACQUEI\" srcset=\"https:\/\/www.cascade.it\/new\/wp-content\/uploads\/Prodotti\/Accessori_per_fontane\/Accessori_elettrici\/CAVI-SUBACQUEI-300x300.jpg 300w, https:\/\/www.cascade.it\/new\/wp-content\/uploads\/Prodotti\/Accessori_per_fontane\/Accessori_elettrici\/CAVI-SUBACQUEI-150x150.jpg 150w, https:\/\/www.cascade.it\/new\/wp-content\/uploads\/Prodotti\/Accessori_per_fontane\/Accessori_elettrici\/CAVI-SUBACQUEI-768x768.jpg 768w, https:\/\/www.cascade.it\/new\/wp-content\/uploads\/Prodotti\/Accessori_per_fontane\/Accessori_elettrici\/CAVI-SUBACQUEI-1024x1024.jpg 1024w, https:\/\/www.cascade.it\/new\/wp-content\/uploads\/Prodotti\/Accessori_per_fontane\/Accessori_elettrici\/CAVI-SUBACQUEI-960x960.jpg 960w, https:\/\/www.cascade.it\/new\/wp-content\/uploads\/Prodotti\/Accessori_per_fontane\/Accessori_elettrici\/CAVI-SUBACQUEI-600x600.jpg 600w, https:\/\/www.cascade.it\/new\/wp-content\/uploads\/Prodotti\/Accessori_per_fontane\/Accessori_elettrici\/CAVI-SUBACQUEI-100x100.jpg 100w, https:\/\/www.cascade.it\/new\/wp-content\/uploads\/Prodotti\/Accessori_per_fontane\/Accessori_elettrici\/CAVI-SUBACQUEI.jpg 1300w\" sizes=\"auto, (max-width: 300px) 100vw, 300px\" \/><\/a><div class=\"buttons product-buttons\"><\/div><\/div><div class=\"product-content\" ><h5 class=\"product-title\"><a href=\"https:\/\/www.cascade.it\/fr\/prodotto\/cables-submersibles\/\">C\u00e2bles submersibles<\/a><\/h5><div class=\"product-meta\"><\/div><\/div>\n<\/li>\n<li class=\"shop-column product-hover-style-2 text-center  animate product type-product post-9991 status-publish instock product_cat-accessoires-electriques-fontaines product_cat-accessoires-electriques-pompes has-post-thumbnail shipping-taxable product-type-simple\" style=\" -webkit-animation-duration: 0.8s; -webkit-animation-delay: 1.6s; animation-duration: 0.8s; animation-delay: 1.6s; margin: 5px 0; padding: 0 5px;\"  data-animation=\"fadeInUp\" data-animation-offset=\"100%\">\n\t\n\t<div class=\"product-thumbnail\"><a href=\"https:\/\/www.cascade.it\/fr\/prodotto\/jonctions-submersibles-ip68\/\" class=\"woocommerce-LoopProduct-link woocommerce-loop-product__link\"><img loading=\"lazy\" decoding=\"async\" width=\"300\" height=\"300\" src=\"https:\/\/www.cascade.it\/new\/wp-content\/uploads\/Prodotti\/Accessori_per_fontane\/Accessori_elettrici\/GIUNZIONI-SUBACQUEE-IP68-300x300.jpg\" class=\"attachment-shop_catalog size-shop_catalog wp-post-image\" alt=\"GIUNZIONI SUBACQUEE IP68\" title=\"GIUNZIONI SUBACQUEE IP68\" srcset=\"https:\/\/www.cascade.it\/new\/wp-content\/uploads\/Prodotti\/Accessori_per_fontane\/Accessori_elettrici\/GIUNZIONI-SUBACQUEE-IP68-300x300.jpg 300w, https:\/\/www.cascade.it\/new\/wp-content\/uploads\/Prodotti\/Accessori_per_fontane\/Accessori_elettrici\/GIUNZIONI-SUBACQUEE-IP68-150x150.jpg 150w, https:\/\/www.cascade.it\/new\/wp-content\/uploads\/Prodotti\/Accessori_per_fontane\/Accessori_elettrici\/GIUNZIONI-SUBACQUEE-IP68-768x768.jpg 768w, https:\/\/www.cascade.it\/new\/wp-content\/uploads\/Prodotti\/Accessori_per_fontane\/Accessori_elettrici\/GIUNZIONI-SUBACQUEE-IP68-1024x1024.jpg 1024w, https:\/\/www.cascade.it\/new\/wp-content\/uploads\/Prodotti\/Accessori_per_fontane\/Accessori_elettrici\/GIUNZIONI-SUBACQUEE-IP68-960x960.jpg 960w, https:\/\/www.cascade.it\/new\/wp-content\/uploads\/Prodotti\/Accessori_per_fontane\/Accessori_elettrici\/GIUNZIONI-SUBACQUEE-IP68-600x600.jpg 600w, https:\/\/www.cascade.it\/new\/wp-content\/uploads\/Prodotti\/Accessori_per_fontane\/Accessori_elettrici\/GIUNZIONI-SUBACQUEE-IP68-100x100.jpg 100w, https:\/\/www.cascade.it\/new\/wp-content\/uploads\/Prodotti\/Accessori_per_fontane\/Accessori_elettrici\/GIUNZIONI-SUBACQUEE-IP68.jpg 1300w\" sizes=\"auto, (max-width: 300px) 100vw, 300px\" \/><\/a><div class=\"buttons product-buttons\"><\/div><\/div><div class=\"product-content\" ><h5 class=\"product-title\"><a href=\"https:\/\/www.cascade.it\/fr\/prodotto\/jonctions-submersibles-ip68\/\">Jonctions submersibles IP68<\/a><\/h5><div class=\"product-meta\"><\/div><\/div>\n<\/li>\n<li class=\"shop-column product-hover-style-2 text-center  animate product type-product post-9999 status-publish last instock product_cat-accessoires-electriques-fontaines product_cat-accessoires-electriques-pompes has-post-thumbnail shipping-taxable product-type-simple\" style=\" -webkit-animation-duration: 0.8s; -webkit-animation-delay: 2s; animation-duration: 0.8s; animation-delay: 2s; margin: 5px 0; padding: 0 5px;\"  data-animation=\"fadeInUp\" data-animation-offset=\"100%\">\n\t\n\t<div class=\"product-thumbnail\"><a href=\"https:\/\/www.cascade.it\/fr\/prodotto\/presse-etoupes-submersibles-ip68\/\" class=\"woocommerce-LoopProduct-link woocommerce-loop-product__link\"><img loading=\"lazy\" decoding=\"async\" width=\"300\" height=\"300\" src=\"https:\/\/www.cascade.it\/new\/wp-content\/uploads\/Prodotti\/Accessori_per_fontane\/Accessori_elettrici\/PRESSACAVI-SUBACQUEI-IP68-300x300.jpg\" class=\"attachment-shop_catalog size-shop_catalog wp-post-image\" alt=\"PRESSACAVI SUBACQUEI IP68\" title=\"PRESSACAVI SUBACQUEI IP68\" srcset=\"https:\/\/www.cascade.it\/new\/wp-content\/uploads\/Prodotti\/Accessori_per_fontane\/Accessori_elettrici\/PRESSACAVI-SUBACQUEI-IP68-300x300.jpg 300w, https:\/\/www.cascade.it\/new\/wp-content\/uploads\/Prodotti\/Accessori_per_fontane\/Accessori_elettrici\/PRESSACAVI-SUBACQUEI-IP68-150x150.jpg 150w, https:\/\/www.cascade.it\/new\/wp-content\/uploads\/Prodotti\/Accessori_per_fontane\/Accessori_elettrici\/PRESSACAVI-SUBACQUEI-IP68-768x768.jpg 768w, https:\/\/www.cascade.it\/new\/wp-content\/uploads\/Prodotti\/Accessori_per_fontane\/Accessori_elettrici\/PRESSACAVI-SUBACQUEI-IP68-1024x1024.jpg 1024w, https:\/\/www.cascade.it\/new\/wp-content\/uploads\/Prodotti\/Accessori_per_fontane\/Accessori_elettrici\/PRESSACAVI-SUBACQUEI-IP68-960x960.jpg 960w, https:\/\/www.cascade.it\/new\/wp-content\/uploads\/Prodotti\/Accessori_per_fontane\/Accessori_elettrici\/PRESSACAVI-SUBACQUEI-IP68-600x600.jpg 600w, https:\/\/www.cascade.it\/new\/wp-content\/uploads\/Prodotti\/Accessori_per_fontane\/Accessori_elettrici\/PRESSACAVI-SUBACQUEI-IP68-100x100.jpg 100w, https:\/\/www.cascade.it\/new\/wp-content\/uploads\/Prodotti\/Accessori_per_fontane\/Accessori_elettrici\/PRESSACAVI-SUBACQUEI-IP68.jpg 1300w\" sizes=\"auto, (max-width: 300px) 100vw, 300px\" \/><\/a><div class=\"buttons product-buttons\"><\/div><\/div><div class=\"product-content\" ><h5 class=\"product-title\"><a href=\"https:\/\/www.cascade.it\/fr\/prodotto\/presse-etoupes-submersibles-ip68\/\">Presse-\u00e9toupes submersibles IP68<\/a><\/h5><div class=\"product-meta\"><\/div><\/div>\n<\/li>\n<li class=\"shop-column product-hover-style-2 text-center  animate product type-product post-9995 status-publish first instock product_cat-accessoires-electriques-fontaines product_cat-accessoires-electriques-pompes has-post-thumbnail shipping-taxable product-type-simple\" style=\" -webkit-animation-duration: 0.8s; -webkit-animation-delay: 0.4s; animation-duration: 0.8s; animation-delay: 0.4s; margin: 5px 0; padding: 0 5px;\"  data-animation=\"fadeInUp\" data-animation-offset=\"100%\">\n\t\n\t<div class=\"product-thumbnail\"><a href=\"https:\/\/www.cascade.it\/fr\/prodotto\/traversees-a-etanche-ip68\/\" class=\"woocommerce-LoopProduct-link woocommerce-loop-product__link\"><img loading=\"lazy\" decoding=\"async\" width=\"300\" height=\"300\" src=\"https:\/\/www.cascade.it\/new\/wp-content\/uploads\/Prodotti\/Accessori_per_fontane\/Accessori_elettrici\/PASSANTI-SUBACQUEI-IP68-300x300.jpg\" class=\"attachment-shop_catalog size-shop_catalog wp-post-image\" alt=\"PASSANTI SUBACQUEI IP68\" title=\"PASSANTI SUBACQUEI IP68\" srcset=\"https:\/\/www.cascade.it\/new\/wp-content\/uploads\/Prodotti\/Accessori_per_fontane\/Accessori_elettrici\/PASSANTI-SUBACQUEI-IP68-300x300.jpg 300w, https:\/\/www.cascade.it\/new\/wp-content\/uploads\/Prodotti\/Accessori_per_fontane\/Accessori_elettrici\/PASSANTI-SUBACQUEI-IP68-150x150.jpg 150w, https:\/\/www.cascade.it\/new\/wp-content\/uploads\/Prodotti\/Accessori_per_fontane\/Accessori_elettrici\/PASSANTI-SUBACQUEI-IP68-768x768.jpg 768w, https:\/\/www.cascade.it\/new\/wp-content\/uploads\/Prodotti\/Accessori_per_fontane\/Accessori_elettrici\/PASSANTI-SUBACQUEI-IP68-1024x1024.jpg 1024w, https:\/\/www.cascade.it\/new\/wp-content\/uploads\/Prodotti\/Accessori_per_fontane\/Accessori_elettrici\/PASSANTI-SUBACQUEI-IP68-960x960.jpg 960w, https:\/\/www.cascade.it\/new\/wp-content\/uploads\/Prodotti\/Accessori_per_fontane\/Accessori_elettrici\/PASSANTI-SUBACQUEI-IP68-600x600.jpg 600w, https:\/\/www.cascade.it\/new\/wp-content\/uploads\/Prodotti\/Accessori_per_fontane\/Accessori_elettrici\/PASSANTI-SUBACQUEI-IP68-100x100.jpg 100w, https:\/\/www.cascade.it\/new\/wp-content\/uploads\/Prodotti\/Accessori_per_fontane\/Accessori_elettrici\/PASSANTI-SUBACQUEI-IP68.jpg 1300w\" sizes=\"auto, (max-width: 300px) 100vw, 300px\" \/><\/a><div class=\"buttons product-buttons\"><\/div><\/div><div class=\"product-content\" ><h5 class=\"product-title\"><a href=\"https:\/\/www.cascade.it\/fr\/prodotto\/traversees-a-etanche-ip68\/\">Travers\u00e9es \u00e0 \u00e9tanche IP68<\/a><\/h5><div class=\"product-meta\"><\/div><\/div>\n<\/li>\n<\/ul><\/div>[vc_empty_space height=\u00a0\u00bb20&Prime;][\/vc_column][vc_column width=\u00a0\u00bb1\/6&Prime;][\/vc_column][\/vc_row]<\/p>\n","protected":false},"excerpt":{"rendered":"<p>[vc_row][vc_column width=\u00a0\u00bb1\/6&Prime;][\/vc_column][vc_column width=\u00a0\u00bb2\/3&Prime;][vc_custom_heading text=\u00a0\u00bbAccessoires \u00e9lectriques pour fontaines\u00a0\u00bb font_container=\u00a0\u00bbtag:h1|font_size:40|text_align:left|color:%231e73be\u00a0\u00bb use_theme_fonts=\u00a0\u00bb\u00a0\u00bb google_fonts=\u00a0\u00bbfont_family:Roboto%3A100%2C100italic%2C300%2C300italic%2Cregular%2Citalic%2C500%2C500italic%2C700%2C700italic%2C900%2C900italic|font_style:300%20light%20regular%3A300%3Anormal\u00a0\u00bb responsive_font_size=\u00a0\u00bbyes\u00a0\u00bb custom_font_size_tab=\u00a0\u00bb40&Prime; custom_font_size_mobile=\u00a0\u00bb30&Prime;][vc_empty_space height=\u00a0\u00bb20&Prime;][\/vc_column][vc_column width=\u00a0\u00bb1\/6&Prime;][\/vc_column][\/vc_row]<\/p>\n","protected":false},"author":1,"featured_media":0,"parent":9798,"menu_order":0,"comment_status":"closed","ping_status":"closed","template":"","meta":{"footnotes":""},"class_list":["post-8514","page","type-page","status-publish","hentry"],"yoast_head":"<!-- This site is optimized with the Yoast SEO plugin v26.7 - https:\/\/yoast.com\/wordpress\/plugins\/seo\/ -->\n<title>Accessoires \u00e9lectriques pour fontaines - Cascade<\/title>\n<meta name=\"description\" content=\"Cascade propose une large gamme d&#039;accessoires \u00e9lectriques pour fontaines: alimentateurs 24 Vdc, c\u00e2bles subaquatiques, jonctions IP68, presse-\u00e9toupes.\" \/>\n<meta name=\"robots\" content=\"index, follow, max-snippet:-1, max-image-preview:large, max-video-preview:-1\" \/>\n<link rel=\"canonical\" href=\"https:\/\/www.cascade.it\/fr\/produits\/accessoires-electriques-pour-fontaines\/\" \/>\n<meta property=\"og:locale\" content=\"fr_FR\" \/>\n<meta property=\"og:type\" content=\"article\" \/>\n<meta property=\"og:title\" content=\"Accessoires \u00e9lectriques pour fontaines - Cascade\" \/>\n<meta property=\"og:description\" content=\"Cascade propose une large gamme d&#039;accessoires \u00e9lectriques pour fontaines: alimentateurs 24 Vdc, c\u00e2bles subaquatiques, jonctions IP68, presse-\u00e9toupes.\" \/>\n<meta property=\"og:url\" content=\"https:\/\/www.cascade.it\/fr\/produits\/accessoires-electriques-pour-fontaines\/\" \/>\n<meta property=\"og:site_name\" content=\"Cascade\" \/>\n<meta property=\"article:modified_time\" content=\"2020-07-20T09:47:51+00:00\" \/>\n<meta name=\"twitter:card\" content=\"summary_large_image\" \/>\n<!-- \/ Yoast SEO plugin. -->","yoast_head_json":{"title":"Accessoires \u00e9lectriques pour fontaines - Cascade","description":"Cascade propose une large gamme d'accessoires \u00e9lectriques pour fontaines: alimentateurs 24 Vdc, c\u00e2bles subaquatiques, jonctions IP68, presse-\u00e9toupes.","robots":{"index":"index","follow":"follow","max-snippet":"max-snippet:-1","max-image-preview":"max-image-preview:large","max-video-preview":"max-video-preview:-1"},"canonical":"https:\/\/www.cascade.it\/fr\/produits\/accessoires-electriques-pour-fontaines\/","og_locale":"fr_FR","og_type":"article","og_title":"Accessoires \u00e9lectriques pour fontaines - Cascade","og_description":"Cascade propose une large gamme d'accessoires \u00e9lectriques pour fontaines: alimentateurs 24 Vdc, c\u00e2bles subaquatiques, jonctions IP68, presse-\u00e9toupes.","og_url":"https:\/\/www.cascade.it\/fr\/produits\/accessoires-electriques-pour-fontaines\/","og_site_name":"Cascade","article_modified_time":"2020-07-20T09:47:51+00:00","twitter_card":"summary_large_image","schema":{"@context":"https:\/\/schema.org","@graph":[{"@type":"WebPage","@id":"https:\/\/www.cascade.it\/fr\/produits\/accessoires-electriques-pour-fontaines\/","url":"https:\/\/www.cascade.it\/fr\/produits\/accessoires-electriques-pour-fontaines\/","name":"Accessoires \u00e9lectriques pour fontaines - Cascade","isPartOf":{"@id":"https:\/\/www.cascade.it\/fr\/#website"},"datePublished":"2020-02-26T11:37:59+00:00","dateModified":"2020-07-20T09:47:51+00:00","description":"Cascade propose une large gamme d'accessoires \u00e9lectriques pour fontaines: alimentateurs 24 Vdc, c\u00e2bles subaquatiques, jonctions IP68, presse-\u00e9toupes.","breadcrumb":{"@id":"https:\/\/www.cascade.it\/fr\/produits\/accessoires-electriques-pour-fontaines\/#breadcrumb"},"inLanguage":"fr-FR","potentialAction":[{"@type":"ReadAction","target":["https:\/\/www.cascade.it\/fr\/produits\/accessoires-electriques-pour-fontaines\/"]}]},{"@type":"BreadcrumbList","@id":"https:\/\/www.cascade.it\/fr\/produits\/accessoires-electriques-pour-fontaines\/#breadcrumb","itemListElement":[{"@type":"ListItem","position":1,"name":"Home","item":"https:\/\/www.cascade.it\/fr\/"},{"@type":"ListItem","position":2,"name":"Produits","item":"https:\/\/www.cascade.it\/fr\/produits\/"},{"@type":"ListItem","position":3,"name":"Accessoires \u00e9lectriques pour fontaines"}]},{"@type":"WebSite","@id":"https:\/\/www.cascade.it\/fr\/#website","url":"https:\/\/www.cascade.it\/fr\/","name":"Cascade","description":"More than a fountain","potentialAction":[{"@type":"SearchAction","target":{"@type":"EntryPoint","urlTemplate":"https:\/\/www.cascade.it\/fr\/?s={search_term_string}"},"query-input":{"@type":"PropertyValueSpecification","valueRequired":true,"valueName":"search_term_string"}}],"inLanguage":"fr-FR"}]}},"_links":{"self":[{"href":"https:\/\/www.cascade.it\/fr\/wp-json\/wp\/v2\/pages\/8514","targetHints":{"allow":["GET"]}}],"collection":[{"href":"https:\/\/www.cascade.it\/fr\/wp-json\/wp\/v2\/pages"}],"about":[{"href":"https:\/\/www.cascade.it\/fr\/wp-json\/wp\/v2\/types\/page"}],"author":[{"embeddable":true,"href":"https:\/\/www.cascade.it\/fr\/wp-json\/wp\/v2\/users\/1"}],"replies":[{"embeddable":true,"href":"https:\/\/www.cascade.it\/fr\/wp-json\/wp\/v2\/comments?post=8514"}],"version-history":[{"count":7,"href":"https:\/\/www.cascade.it\/fr\/wp-json\/wp\/v2\/pages\/8514\/revisions"}],"predecessor-version":[{"id":10210,"href":"https:\/\/www.cascade.it\/fr\/wp-json\/wp\/v2\/pages\/8514\/revisions\/10210"}],"up":[{"embeddable":true,"href":"https:\/\/www.cascade.it\/fr\/wp-json\/wp\/v2\/pages\/9798"}],"wp:attachment":[{"href":"https:\/\/www.cascade.it\/fr\/wp-json\/wp\/v2\/media?parent=8514"}],"curies":[{"name":"wp","href":"https:\/\/api.w.org\/{rel}","templated":true}]}}