{"id":10679,"date":"2021-01-26T12:22:33","date_gmt":"2021-01-26T11:22:33","guid":{"rendered":"https:\/\/www.cascade.it\/?page_id=10679"},"modified":"2021-01-26T12:22:33","modified_gmt":"2021-01-26T11:22:33","slug":"conditions-generales","status":"publish","type":"page","link":"https:\/\/www.cascade.it\/fr\/conditions-generales\/","title":{"rendered":"Conditions G\u00e9n\u00e9rales"},"content":{"rendered":"<p><a href=\"https:\/\/www.iubenda.com\/conditions-generales\/84716139\" class=\"iubenda-white no-brand iubenda-embed iub-body-embed\" title=\"Conditions g\u00e9n\u00e9rales\">Conditions g\u00e9n\u00e9rales<\/a><script type=\"text\/javascript\">(function (w,d) {var loader = function () {var s = d.createElement(\"script\"), tag = d.getElementsByTagName(\"script\")[0]; s.src=\"https:\/\/cdn.iubenda.com\/iubenda.js\"; tag.parentNode.insertBefore(s,tag);}; if(w.addEventListener){w.addEventListener(\"load\", loader, false);}else if(w.attachEvent){w.attachEvent(\"onload\", loader);}else{w.onload = loader;}})(window, document);<\/script><\/p>\n","protected":false},"excerpt":{"rendered":"<p>Conditions g\u00e9n\u00e9rales<\/p>\n","protected":false},"author":1,"featured_media":0,"parent":0,"menu_order":0,"comment_status":"closed","ping_status":"closed","template":"","meta":{"footnotes":""},"class_list":["post-10679","page","type-page","status-publish","hentry"],"yoast_head":"<!-- This site is optimized with the Yoast SEO plugin v26.7 - https:\/\/yoast.com\/wordpress\/plugins\/seo\/ -->\n<title>Conditions G\u00e9n\u00e9rales - Cascade<\/title>\n<meta name=\"robots\" content=\"index, follow, max-snippet:-1, max-image-preview:large, max-video-preview:-1\" \/>\n<link rel=\"canonical\" href=\"https:\/\/www.cascade.it\/fr\/conditions-generales\/\" \/>\n<meta property=\"og:locale\" content=\"fr_FR\" \/>\n<meta property=\"og:type\" content=\"article\" \/>\n<meta property=\"og:title\" content=\"Conditions G\u00e9n\u00e9rales - Cascade\" \/>\n<meta property=\"og:description\" content=\"Conditions g\u00e9n\u00e9rales\" \/>\n<meta property=\"og:url\" content=\"https:\/\/www.cascade.it\/fr\/conditions-generales\/\" \/>\n<meta property=\"og:site_name\" content=\"Cascade\" \/>\n<meta name=\"twitter:card\" content=\"summary_large_image\" \/>\n<!-- \/ Yoast SEO plugin. -->","yoast_head_json":{"title":"Conditions G\u00e9n\u00e9rales - Cascade","robots":{"index":"index","follow":"follow","max-snippet":"max-snippet:-1","max-image-preview":"max-image-preview:large","max-video-preview":"max-video-preview:-1"},"canonical":"https:\/\/www.cascade.it\/fr\/conditions-generales\/","og_locale":"fr_FR","og_type":"article","og_title":"Conditions G\u00e9n\u00e9rales - Cascade","og_description":"Conditions g\u00e9n\u00e9rales","og_url":"https:\/\/www.cascade.it\/fr\/conditions-generales\/","og_site_name":"Cascade","twitter_card":"summary_large_image","schema":{"@context":"https:\/\/schema.org","@graph":[{"@type":"WebPage","@id":"https:\/\/www.cascade.it\/fr\/conditions-generales\/","url":"https:\/\/www.cascade.it\/fr\/conditions-generales\/","name":"Conditions G\u00e9n\u00e9rales - Cascade","isPartOf":{"@id":"https:\/\/www.cascade.it\/fr\/#website"},"datePublished":"2021-01-26T11:22:33+00:00","breadcrumb":{"@id":"https:\/\/www.cascade.it\/fr\/conditions-generales\/#breadcrumb"},"inLanguage":"fr-FR","potentialAction":[{"@type":"ReadAction","target":["https:\/\/www.cascade.it\/fr\/conditions-generales\/"]}]},{"@type":"BreadcrumbList","@id":"https:\/\/www.cascade.it\/fr\/conditions-generales\/#breadcrumb","itemListElement":[{"@type":"ListItem","position":1,"name":"Home","item":"https:\/\/www.cascade.it\/fr\/"},{"@type":"ListItem","position":2,"name":"Conditions G\u00e9n\u00e9rales"}]},{"@type":"WebSite","@id":"https:\/\/www.cascade.it\/fr\/#website","url":"https:\/\/www.cascade.it\/fr\/","name":"Cascade","description":"More than a fountain","potentialAction":[{"@type":"SearchAction","target":{"@type":"EntryPoint","urlTemplate":"https:\/\/www.cascade.it\/fr\/?s={search_term_string}"},"query-input":{"@type":"PropertyValueSpecification","valueRequired":true,"valueName":"search_term_string"}}],"inLanguage":"fr-FR"}]}},"_links":{"self":[{"href":"https:\/\/www.cascade.it\/fr\/wp-json\/wp\/v2\/pages\/10679","targetHints":{"allow":["GET"]}}],"collection":[{"href":"https:\/\/www.cascade.it\/fr\/wp-json\/wp\/v2\/pages"}],"about":[{"href":"https:\/\/www.cascade.it\/fr\/wp-json\/wp\/v2\/types\/page"}],"author":[{"embeddable":true,"href":"https:\/\/www.cascade.it\/fr\/wp-json\/wp\/v2\/users\/1"}],"replies":[{"embeddable":true,"href":"https:\/\/www.cascade.it\/fr\/wp-json\/wp\/v2\/comments?post=10679"}],"version-history":[{"count":2,"href":"https:\/\/www.cascade.it\/fr\/wp-json\/wp\/v2\/pages\/10679\/revisions"}],"predecessor-version":[{"id":10681,"href":"https:\/\/www.cascade.it\/fr\/wp-json\/wp\/v2\/pages\/10679\/revisions\/10681"}],"wp:attachment":[{"href":"https:\/\/www.cascade.it\/fr\/wp-json\/wp\/v2\/media?parent=10679"}],"curies":[{"name":"wp","href":"https:\/\/api.w.org\/{rel}","templated":true}]}}