{"id":2513,"date":"2019-05-02T09:43:46","date_gmt":"2019-05-02T07:43:46","guid":{"rendered":"https:\/\/www.cascade.it\/new\/prodotto\/passanti-subacquei-ip68\/"},"modified":"2021-09-29T16:39:23","modified_gmt":"2021-09-29T14:39:23","slug":"ip68-underwater-feed-throughs","status":"publish","type":"product","link":"https:\/\/www.cascade.it\/en\/prodotto\/ip68-underwater-feed-throughs\/","title":{"rendered":"IP68 underwater feed-throughs"},"content":{"rendered":"<p>[vc_row][vc_column][vc_empty_space height=&#8221;50&#8243; height_mobile=&#8221;150&#8243;][vc_column_text spacing_heading=&#8221;&#8221; spacing_heading_tab=&#8221;&#8221; spacing_heading_mobile=&#8221;&#8221;]<div class=\"carousel-slider-outer carousel-slider-outer-image-carousel carousel-slider-outer-1174\" style=\"--carousel-slider-nav-color:#f1f1f1;--carousel-slider-active-nav-color:#00d1b2;--carousel-slider-arrow-size:48px;--carousel-slider-bullet-size:10px\">\n<div id=\"&#039;id-1174\" class=\"carousel-slider carousel-slider-1174 arrows-visibility-hover dots-visibility-never arrows-outside dots-center dots-square owl-carousel\" data-slide-type=\"image-carousel\" data-owl-settings='{\"nav\":true,\"dots\":false,\"slideBy\":1,\"stagePadding\":0,\"margin\":10,\"loop\":true,\"lazyLoad\":true,\"autoplay\":true,\"autoplayTimeout\":5000,\"autoplaySpeed\":500,\"autoplayHoverPause\":true,\"autoWidth\":false,\"responsive\":{\"300\":{\"items\":1},\"576\":{\"items\":2},\"768\":{\"items\":2},\"1024\":{\"items\":3},\"1280\":{\"items\":3},\"1536\":{\"items\":3}}}'>\n<div class=\"carousel-slider__item\">\n\t<img class=\"owl-lazy\" data-src=\"https:\/\/www.cascade.it\/new\/wp-content\/uploads\/2019\/07\/Passanti-subacquei-IP68.jpg\" alt=\"\"><\/a><\/div>\n\n<div class=\"carousel-slider__item\">\n\t<img class=\"owl-lazy\" data-src=\"https:\/\/www.cascade.it\/new\/wp-content\/uploads\/2019\/07\/Passanti-subacquei-IP68-1.jpg\" alt=\"\"><\/a><\/div>\n\n<div class=\"carousel-slider__item\">\n\t<img class=\"owl-lazy\" data-src=\"https:\/\/www.cascade.it\/new\/wp-content\/uploads\/2019\/07\/2-Passanti-subacquei-IP68.jpg\" alt=\"\"><\/a><\/div>\n\n<\/div><!-- .carousel-slider-1174 -->\n<\/div><!-- .carousel-slider-outer-1174 -->\n<\/p>\n<h1><span style=\"color: #1e73be;\">IP68 underwater feed-throughs for fountains<\/span><\/h1>\n<p>The <strong>IP68 underwater feed-throughs<\/strong> are designed for the <span style=\"text-decoration: underline;\"><a href=\"https:\/\/www.cascade.it\/en\/prodotto\/underwater-cables\/\"><strong>underwater<\/strong>\u00a0<strong>cables<\/strong><\/a><\/span> passage through tank walls or bottom and are <strong>IP68<\/strong>, <strong>leakproof<\/strong> and suitable for <strong>permanent immersion<\/strong>.<\/p>\n<p>The single versions are available both in stainless steel, including the nickel-plated brass cable gland, stainless steel anchorage and the \u00f8 25 mm PVC sheath gland, and in PVC, including the nickel-plated brass cable gland on gluing cap \u00f8 32 mm. Spare rubber seal \u00f8 11 mm included in both\u00a0 versions.<\/p>\n<p>The multiple versions, made of brass and PVC, are complete with nickel-plated brass cable glands and suitable for cables from 5 mm to 14 mm. 2 to 6 outputs available.<\/p>\n<p>More outputs upon request.<\/p>\n<p>&nbsp;<\/p>\n<h3>Technical features<\/h3>\n<div style=\"overflow-x: auto;\">\n<table width=\"100%\">\n<tbody>\n<tr>\n<td width=\"12%\"><strong>\u00a0<\/strong><\/td>\n<td class=\"thHorz\" style=\"border-right: 1px solid #fff;\" colspan=\"2\" width=\"25%\">IP68 single feed-throughs<\/td>\n<td class=\"thHorz\" style=\"border-left: 1px solid #fff;\" colspan=\"5\" width=\"61%\">IP68 multiple feed-throughs<\/td>\n<\/tr>\n<tr>\n<td class=\"thVert\" width=\"12%\">Code<\/td>\n<td width=\"12%\">PASINOX<\/td>\n<td width=\"12%\">PASPVC<\/td>\n<td width=\"12%\">PAS2<\/td>\n<td width=\"12%\">PAS3<\/td>\n<td width=\"12%\">PAS4<\/td>\n<td colspan=\"2\" width=\"12%\">PAS5<\/td>\n<\/tr>\n<tr>\n<td class=\"thVert\" width=\"12%\">\u00f8 sheath gland<\/td>\n<td width=\"12%\">25 mm<\/td>\n<td width=\"12%\">&#8211;<\/td>\n<td width=\"12%\">&#8211;<\/td>\n<td width=\"12%\">&#8211;<\/td>\n<td width=\"12%\">&#8211;<\/td>\n<td width=\"12%\">&#8211;<\/td>\n<\/tr>\n<tr>\n<td class=\"thVert\" width=\"12%\">\u00f8 cap<\/td>\n<td width=\"12%\">&#8211;<\/td>\n<td width=\"12%\">32 mm<\/td>\n<td width=\"12%\">&#8211;<\/td>\n<td width=\"12%\">&#8211;<\/td>\n<td width=\"12%\">&#8211;<\/td>\n<td width=\"12%\">&#8211;<\/td>\n<\/tr>\n<tr>\n<td class=\"thVert\" width=\"12%\">\u00f8 seal<\/td>\n<td width=\"12%\">14 mm<\/td>\n<td width=\"12%\">14 mm<\/td>\n<td width=\"12%\">8 &#8211; 14 mm<\/td>\n<td width=\"12%\">8 &#8211; 14 mm<\/td>\n<td width=\"12%\">8 &#8211; 14 mm<\/td>\n<td width=\"12%\">8 &#8211; 14 mm<\/td>\n<\/tr>\n<tr>\n<td class=\"thVert\" width=\"12%\">\u00f8 connection<\/td>\n<td width=\"12%\">&#8211;<\/td>\n<td width=\"12%\">&#8211;<\/td>\n<td width=\"12%\">63 mm<\/td>\n<td width=\"12%\">63 mm<\/td>\n<td width=\"12%\">63 mm<\/td>\n<td width=\"12%\">63 mm<\/td>\n<\/tr>\n<tr>\n<td class=\"thVert\" width=\"12%\">Material<\/td>\n<td width=\"12%\">Stainless steel<\/td>\n<td width=\"12%\">PVC<\/td>\n<td width=\"12%\">PVC \/ Brass<\/td>\n<td width=\"12%\">PVC \/ Brass<\/td>\n<td width=\"12%\">PVC \/ Brass<\/td>\n<td width=\"12%\">PVC \/ Brass<\/td>\n<\/tr>\n<\/tbody>\n<\/table>\n<\/div>\n<p>&nbsp;<\/p>\n<h3>Downloads<\/h3>\n<div class=\"divide-line text-left\"><\/div>\n<div>\n<div style=\"float: left; padding: 5px; text-align: center; width: 150px;\"><a href=\"https:\/\/www.cascade.it\/new\/wp-content\/uploads\/2021\/09\/CASCADE-IP68-underwater-feed-through-ENG.pdf\" target=\"_blank\" rel=\"noopener\"><img loading=\"lazy\" decoding=\"async\" class=\"alignnone wp-image-783\" src=\"https:\/\/www.cascade.it\/new\/wp-content\/uploads\/2019\/02\/pdf-icon-png-7.jpg\" alt=\"\" width=\"91\" height=\"91\" srcset=\"https:\/\/www.cascade.it\/new\/wp-content\/uploads\/2019\/02\/pdf-icon-png-7.jpg 254w, https:\/\/www.cascade.it\/new\/wp-content\/uploads\/2019\/02\/pdf-icon-png-7-150x150.jpg 150w, https:\/\/www.cascade.it\/new\/wp-content\/uploads\/2019\/02\/pdf-icon-png-7-100x100.jpg 100w\" sizes=\"auto, (max-width: 91px) 100vw, 91px\" \/><\/a><br \/>\nDatasheet<\/div>\n<div style=\"clear: both;\"><\/div>\n<\/div>\n","protected":false},"excerpt":{"rendered":"<p>[vc_row][vc_column][vc_empty_space height=&#8221;50&#8243; height_mobile=&#8221;150&#8243;][vc_column_text spacing_heading=&#8221;&#8221; spacing_heading_tab=&#8221;&#8221; spacing_heading_mobile=&#8221;&#8221;] IP68 underwater feed-throughs for fountains The IP68 underwater feed-throughs are designed for the underwater\u00a0cables passage through tank walls or bottom and are IP68, leakproof and suitable for permanent immersion. The single versions are available both in stainless steel, including the nickel-plated brass cable gland, stainless steel anchorage and the [&hellip;]<\/p>\n","protected":false},"featured_media":2514,"template":"","meta":[],"product_brand":[],"product_cat":[234,267],"product_tag":[],"class_list":{"0":"post-2513","1":"product","2":"type-product","3":"status-publish","4":"has-post-thumbnail","6":"product_cat-electrical-accessories-for-fountains","7":"product_cat-electrical-accessories-for-pumps","9":"first","10":"instock","11":"shipping-taxable","12":"product-type-simple"},"yoast_head":"<!-- This site is optimized with the Yoast SEO plugin v26.7 - https:\/\/yoast.com\/wordpress\/plugins\/seo\/ -->\n<title>IP68 underwater feed-throughs for fountains - Cascade<\/title>\n<meta name=\"description\" content=\"The IP68 underwater feed-throughs are designed for the underwater\u00a0cables passage through tank walls or bottom and are IP68 and leakproof.\" \/>\n<meta name=\"robots\" content=\"index, follow, max-snippet:-1, max-image-preview:large, max-video-preview:-1\" \/>\n<link rel=\"canonical\" href=\"https:\/\/www.cascade.it\/en\/prodotto\/ip68-underwater-feed-throughs\/\" \/>\n<meta property=\"og:locale\" content=\"en_US\" \/>\n<meta property=\"og:type\" content=\"article\" \/>\n<meta property=\"og:title\" content=\"IP68 underwater feed-throughs for fountains - Cascade\" \/>\n<meta property=\"og:description\" content=\"The IP68 underwater feed-throughs are designed for the underwater\u00a0cables passage through tank walls or bottom and are IP68 and leakproof.\" \/>\n<meta property=\"og:url\" content=\"https:\/\/www.cascade.it\/en\/prodotto\/ip68-underwater-feed-throughs\/\" \/>\n<meta property=\"og:site_name\" content=\"Cascade\" \/>\n<meta property=\"article:modified_time\" content=\"2021-09-29T14:39:23+00:00\" \/>\n<meta property=\"og:image\" content=\"https:\/\/www.cascade.it\/new\/wp-content\/uploads\/Prodotti\/Accessori_per_fontane\/Accessori_elettrici\/PASSANTI-SUBACQUEI-IP68.jpg\" \/>\n\t<meta property=\"og:image:width\" content=\"1300\" \/>\n\t<meta property=\"og:image:height\" content=\"1300\" \/>\n\t<meta property=\"og:image:type\" content=\"image\/jpeg\" \/>\n<meta name=\"twitter:card\" content=\"summary_large_image\" \/>\n<meta name=\"twitter:label1\" content=\"Est. reading time\" \/>\n\t<meta name=\"twitter:data1\" content=\"2 minutes\" \/>\n<!-- \/ Yoast SEO plugin. -->","yoast_head_json":{"title":"IP68 underwater feed-throughs for fountains - Cascade","description":"The IP68 underwater feed-throughs are designed for the underwater\u00a0cables passage through tank walls or bottom and are IP68 and leakproof.","robots":{"index":"index","follow":"follow","max-snippet":"max-snippet:-1","max-image-preview":"max-image-preview:large","max-video-preview":"max-video-preview:-1"},"canonical":"https:\/\/www.cascade.it\/en\/prodotto\/ip68-underwater-feed-throughs\/","og_locale":"en_US","og_type":"article","og_title":"IP68 underwater feed-throughs for fountains - Cascade","og_description":"The IP68 underwater feed-throughs are designed for the underwater\u00a0cables passage through tank walls or bottom and are IP68 and leakproof.","og_url":"https:\/\/www.cascade.it\/en\/prodotto\/ip68-underwater-feed-throughs\/","og_site_name":"Cascade","article_modified_time":"2021-09-29T14:39:23+00:00","og_image":[{"width":1300,"height":1300,"url":"https:\/\/www.cascade.it\/new\/wp-content\/uploads\/Prodotti\/Accessori_per_fontane\/Accessori_elettrici\/PASSANTI-SUBACQUEI-IP68.jpg","type":"image\/jpeg"}],"twitter_card":"summary_large_image","twitter_misc":{"Est. reading time":"2 minutes"},"schema":{"@context":"https:\/\/schema.org","@graph":[{"@type":"WebPage","@id":"https:\/\/www.cascade.it\/en\/prodotto\/ip68-underwater-feed-throughs\/","url":"https:\/\/www.cascade.it\/en\/prodotto\/ip68-underwater-feed-throughs\/","name":"IP68 underwater feed-throughs for fountains - Cascade","isPartOf":{"@id":"https:\/\/www.cascade.it\/en\/#website"},"primaryImageOfPage":{"@id":"https:\/\/www.cascade.it\/en\/prodotto\/ip68-underwater-feed-throughs\/#primaryimage"},"image":{"@id":"https:\/\/www.cascade.it\/en\/prodotto\/ip68-underwater-feed-throughs\/#primaryimage"},"thumbnailUrl":"https:\/\/www.cascade.it\/new\/wp-content\/uploads\/Prodotti\/Accessori_per_fontane\/Accessori_elettrici\/PASSANTI-SUBACQUEI-IP68.jpg","datePublished":"2019-05-02T07:43:46+00:00","dateModified":"2021-09-29T14:39:23+00:00","description":"The IP68 underwater feed-throughs are designed for the underwater\u00a0cables passage through tank walls or bottom and are IP68 and leakproof.","breadcrumb":{"@id":"https:\/\/www.cascade.it\/en\/prodotto\/ip68-underwater-feed-throughs\/#breadcrumb"},"inLanguage":"en-US","potentialAction":[{"@type":"ReadAction","target":["https:\/\/www.cascade.it\/en\/prodotto\/ip68-underwater-feed-throughs\/"]}]},{"@type":"ImageObject","inLanguage":"en-US","@id":"https:\/\/www.cascade.it\/en\/prodotto\/ip68-underwater-feed-throughs\/#primaryimage","url":"https:\/\/www.cascade.it\/new\/wp-content\/uploads\/Prodotti\/Accessori_per_fontane\/Accessori_elettrici\/PASSANTI-SUBACQUEI-IP68.jpg","contentUrl":"https:\/\/www.cascade.it\/new\/wp-content\/uploads\/Prodotti\/Accessori_per_fontane\/Accessori_elettrici\/PASSANTI-SUBACQUEI-IP68.jpg","width":1300,"height":1300},{"@type":"BreadcrumbList","@id":"https:\/\/www.cascade.it\/en\/prodotto\/ip68-underwater-feed-throughs\/#breadcrumb","itemListElement":[{"@type":"ListItem","position":1,"name":"Home","item":"https:\/\/www.cascade.it\/en\/"},{"@type":"ListItem","position":2,"name":"Shop","item":"https:\/\/www.cascade.it\/en\/shop\/"},{"@type":"ListItem","position":3,"name":"IP68 underwater feed-throughs"}]},{"@type":"WebSite","@id":"https:\/\/www.cascade.it\/en\/#website","url":"https:\/\/www.cascade.it\/en\/","name":"Cascade","description":"More than a fountain","potentialAction":[{"@type":"SearchAction","target":{"@type":"EntryPoint","urlTemplate":"https:\/\/www.cascade.it\/en\/?s={search_term_string}"},"query-input":{"@type":"PropertyValueSpecification","valueRequired":true,"valueName":"search_term_string"}}],"inLanguage":"en-US"}]}},"_links":{"self":[{"href":"https:\/\/www.cascade.it\/en\/wp-json\/wp\/v2\/product\/2513","targetHints":{"allow":["GET"]}}],"collection":[{"href":"https:\/\/www.cascade.it\/en\/wp-json\/wp\/v2\/product"}],"about":[{"href":"https:\/\/www.cascade.it\/en\/wp-json\/wp\/v2\/types\/product"}],"wp:featuredmedia":[{"embeddable":true,"href":"https:\/\/www.cascade.it\/en\/wp-json\/wp\/v2\/media\/2514"}],"wp:attachment":[{"href":"https:\/\/www.cascade.it\/en\/wp-json\/wp\/v2\/media?parent=2513"}],"wp:term":[{"taxonomy":"product_brand","embeddable":true,"href":"https:\/\/www.cascade.it\/en\/wp-json\/wp\/v2\/product_brand?post=2513"},{"taxonomy":"product_cat","embeddable":true,"href":"https:\/\/www.cascade.it\/en\/wp-json\/wp\/v2\/product_cat?post=2513"},{"taxonomy":"product_tag","embeddable":true,"href":"https:\/\/www.cascade.it\/en\/wp-json\/wp\/v2\/product_tag?post=2513"}],"curies":[{"name":"wp","href":"https:\/\/api.w.org\/{rel}","templated":true}]}}